{"id":4387,"date":"2024-01-10T18:51:37","date_gmt":"2024-01-10T18:51:37","guid":{"rendered":"https:\/\/vuelandia.com\/kundenbetreuung\/"},"modified":"2025-05-19T14:49:35","modified_gmt":"2025-05-19T14:49:35","slug":"kundenbetreuung","status":"publish","type":"page","link":"https:\/\/vuelandia.com\/de\/kundenbetreuung\/","title":{"rendered":"Kundenbetreuung"},"content":{"rendered":"<div class=\"fusion-fullwidth fullwidth-box fusion-builder-row-1 fusion-flex-container has-pattern-background has-mask-background nonhundred-percent-fullwidth non-hundred-percent-height-scrolling\" style=\"--awb-border-radius-top-left:0px;--awb-border-radius-top-right:0px;--awb-border-radius-bottom-right:0px;--awb-border-radius-bottom-left:0px;--awb-padding-top:60px;--awb-padding-right:10%;--awb-padding-bottom:130px;--awb-padding-left:10%;--awb-flex-wrap:wrap;\" ><div class=\"fusion-builder-row fusion-row fusion-flex-align-items-flex-start fusion-flex-content-wrap\" style=\"max-width:1248px;margin-left: calc(-4% \/ 2 );margin-right: calc(-4% \/ 2 );\"><div class=\"fusion-layout-column fusion_builder_column fusion-builder-column-0 fusion_builder_column_2_3 2_3 fusion-flex-column\" style=\"--awb-padding-right:10%;--awb-bg-size:cover;--awb-width-large:66.666666666667%;--awb-margin-top-large:0px;--awb-spacing-right-large:11.52%;--awb-margin-bottom-large:0px;--awb-spacing-left-large:2.88%;--awb-width-medium:66.666666666667%;--awb-order-medium:0;--awb-spacing-right-medium:11.52%;--awb-spacing-left-medium:2.88%;--awb-width-small:100%;--awb-order-small:0;--awb-spacing-right-small:1.92%;--awb-margin-bottom-small:0px;--awb-spacing-left-small:1.92%;\" data-scroll-devices=\"small-visibility,medium-visibility,large-visibility\"><div class=\"fusion-column-wrapper fusion-column-has-shadow fusion-flex-justify-content-flex-start fusion-content-layout-column\"><div class=\"fusion-title title fusion-title-1 fusion-sep-none fusion-title-text fusion-title-size-three\" style=\"--awb-margin-top-small:10px;--awb-margin-right-small:0px;--awb-margin-bottom-small:10px;--awb-margin-left-small:0px;--awb-font-size:22px;\"><h3 class=\"fusion-title-heading title-heading-left\" style=\"margin:0;font-size:1em;\">Unterst\u00fctzung, wenn Sie sie brauchen<\/h3><\/div><div class=\"fusion-separator\" style=\"align-self: flex-start;margin-right:auto;margin-top:20px;margin-bottom:30px;width:100%;max-width:10%;\"><div class=\"fusion-separator-border sep-single sep-solid\" style=\"--awb-height:20px;--awb-amount:20px;--awb-sep-color:var(--awb-color5);border-color:var(--awb-color5);border-top-width:1px;\"><\/div><\/div><div class=\"fusion-text fusion-text-1\"><p>Vuelandia verf\u00fcgt \u00fcber eine professionelle und niederl\u00e4ndischsprachige Kundenbetreuung f\u00fcr Reiseb\u00fcros bei Fragen zu Reiseprodukten wie Flugtickets, Hotels, Mietwagen, Transfers, Gruppen und allen anderen reisebezogenen Produkten. Sie k\u00f6nnen die Support-Abteilung jeden Werktag von 9.00 &#8211; 17.30 Uhr auf folgende Weise erreichen:<\/p>\n<p>Per Telefon unter <strong>0900 440 0000<\/strong> oder per E-Mail:<\/p>\n<ul>\n<li>IATA\/Flugscheine: <a href=\"mailto:info@vuelandia.com\" target=\"_blank\" rel=\"noopener\">info@vuelandia.com<\/a><\/li>\n<li>Unterk\u00fcnfte: <a href=\"mailto:online@vuelandia.com\" target=\"_blank\" rel=\"noopener\">online@vuelandia.com<\/a><\/li>\n<li>Autovermietung: <a href=\"mailto:online@vuelandia.com\" target=\"_blank\" rel=\"noopener\">online@vuelandia.com<\/a><\/li>\n<li>Pauschalreisen: <a href=\"mailto:online@vuelandia.com\" target=\"_blank\" rel=\"noopener\">online@vuelandia.com<\/a><\/li>\n<li>Gruppen: <a href=\"mailto:groups@vuelandia.com\" target=\"_blank\" rel=\"noopener\">groups@vuelandia.com<\/a><\/li>\n<li>Allgemeine Fragen: <a href=\"mailto:info@vuelandia.com\" target=\"_blank\" rel=\"noopener\">info@vuelandia.com<\/a><\/li>\n<\/ul>\n<\/div><div class=\"fusion-text fusion-text-2 fusion-text-no-margin\" style=\"--awb-margin-bottom:80px;\"><h6 data-lineheight=\"26\" data-fontsize=\"18\">Warum ein Partner von Vuelandia werden?<\/h6>\n<ul>\n<li>Einsatz eines selbst entwickelten Flugtools mit vielen Funktionen<\/li>\n<li>Zugang zu vielen Tarifen, einschlie\u00dflich spezieller Vuelandia-Tarife<\/li>\n<li>Auch f\u00fcr Nicht-IATA-Reiseveranstalter \u00fcbernehmen wir das Ticketing f\u00fcr Sie<\/li>\n<li>Zugang zu benutzerfreundlichen Online-Buchungstools<\/li>\n<li>Unterst\u00fctzung durch unsere Experten bei Bedarf<\/li>\n<li>Umfangreiches Hotelangebot von mehr als 50 Bettenbanken<\/li>\n<li>Autovermietung Flexible Autos mit eindeutigen Bedingungen<\/li>\n<li>Abteilung Gruppen &amp; Incentive<\/li>\n<li>Notrufnummer verf\u00fcgbar<\/li>\n<li>Wir organisieren regelm\u00e4\u00dfig Veranstaltungen, um Sie \u00fcber verschiedene Entwicklungen zu informieren<\/li>\n<\/ul>\n<\/div><\/div><\/div><div class=\"fusion-layout-column fusion_builder_column fusion-builder-column-1 fusion_builder_column_1_3 1_3 fusion-flex-column\" style=\"--awb-bg-size:cover;--awb-width-large:33.333333333333%;--awb-margin-top-large:0px;--awb-spacing-right-large:5.76%;--awb-margin-bottom-large:20px;--awb-spacing-left-large:5.76%;--awb-width-medium:33.333333333333%;--awb-order-medium:0;--awb-spacing-right-medium:5.76%;--awb-spacing-left-medium:5.76%;--awb-width-small:100%;--awb-order-small:0;--awb-spacing-right-small:1.92%;--awb-spacing-left-small:1.92%;\" data-scroll-devices=\"small-visibility,medium-visibility,large-visibility\"><div class=\"fusion-column-wrapper fusion-column-has-shadow fusion-flex-justify-content-flex-start fusion-content-layout-column\"><div class=\"fusion-separator fusion-no-medium-visibility fusion-no-large-visibility fusion-has-icon\" style=\"align-self: center;margin-left: auto;margin-right: auto;margin-top:20px;margin-bottom:40px;width:100%;max-width:75%;\"><div class=\"fusion-separator-border sep-single sep-solid\" style=\"--awb-height:20px;--awb-amount:20px;--awb-sep-color:var(--awb-custom_color_1);border-color:var(--awb-custom_color_1);border-top-width:1px;\"><\/div><span class=\"icon-wrapper\" style=\"border-color:var(--awb-custom_color_1);background-color:rgba(255,255,255,0);font-size:16px;width: 1.75em; height: 1.75em;border-width:1px;padding:1px;margin-top:-0.5px\"><i class=\"fa-info-circle fas\" style=\"font-size: inherit;color:var(--awb-color3);\" aria-hidden=\"true\"><\/i><\/span><div class=\"fusion-separator-border sep-single sep-solid\" style=\"--awb-height:20px;--awb-amount:20px;--awb-sep-color:var(--awb-custom_color_1);border-color:var(--awb-custom_color_1);border-top-width:1px;\"><\/div><\/div><div class=\"fusion-content-boxes content-boxes columns row fusion-columns-1 fusion-columns-total-3 fusion-content-boxes-1 content-boxes-icon-with-title content-left\" style=\"--awb-backgroundcolor:var(--awb-color3);--awb-border-radius-top-left:20px;--awb-border-radius-top-right:20px;--awb-border-radius-bottom-right:20px;--awb-border-radius-bottom-left:10%;--awb-title-color:var(--awb-color5);--awb-hover-accent-color:var(--awb-custom_color_3);--awb-circle-hover-accent-color:var(--awb-custom_color_3);--awb-item-margin-bottom:40px;\" data-animationOffset=\"top-into-view\"><div style=\"--awb-backgroundcolor:var(--awb-color3);--awb-iconcolor:var(--awb-custom_color_3);\" class=\"fusion-column content-box-column content-box-column content-box-column-1 col-lg-12 col-md-12 col-sm-12 fusion-content-box-hover content-box-column-last-in-row\"><div class=\"col content-box-wrapper content-wrapper-background link-area-link-icon content-icon-wrapper-yes icon-hover-animation-fade\" data-animationOffset=\"top-into-view\"><div class=\"heading heading-with-icon icon-left\"><div class=\"icon\"><span style=\"height:42px;width:42px;line-height:22px;border-color:rgba(255,255,255,0);border-width:1px;border-style:solid;background-color:var(--awb-custom_color_1);box-sizing:content-box;border-radius:50%;\"><i style=\"border-color:var(--awb-custom_color_1);border-width:1px;background-color:var(--awb-color1);box-sizing:content-box;height:40px;width:40px;line-height:40px;border-radius:50%;position:relative;top:auto;left:auto;margin:0;border-radius:50%;font-size:20px;\" aria-hidden=\"true\" class=\"fontawesome-icon fa-users fas circle-yes\"><\/i><\/span><\/div><h2 class=\"content-box-heading\" style=\"--h2_typography-font-size:18px;line-height:23px;\">Gruppenanfragen<\/h2><\/div><div class=\"fusion-clearfix\"><\/div><div class=\"content-container\">\n<p>Gruppenreisen mit den Einrichtungen von Vuelandia im Handumdrehen organisiert! Haben Sie eine Gruppe (10 Personen oder mehr), die gemeinsam reisen m\u00f6chte? Mit Vuelandia k\u00f6nnen Sie nicht nur Flugtickets f\u00fcr eine Gruppe arrangieren, sondern sich auch an Vuelandia wenden, wenn es um Hotelanfragen und Transfers geht. Das erfahrene Team sorgt daf\u00fcr, dass Ihre Gruppenanfrage schnell und korrekt bearbeitet wird.<\/p>\n<\/div><\/div><\/div><div style=\"--awb-backgroundcolor:var(--awb-color3);--awb-iconcolor:var(--awb-custom_color_3);\" class=\"fusion-column content-box-column content-box-column content-box-column-2 col-lg-12 col-md-12 col-sm-12 fusion-content-box-hover content-box-column-last-in-row\"><div class=\"col content-box-wrapper content-wrapper-background link-area-link-icon content-icon-wrapper-yes icon-hover-animation-fade\" data-animationOffset=\"top-into-view\"><div class=\"heading heading-with-icon icon-left\"><div class=\"icon\"><span style=\"height:42px;width:42px;line-height:22px;border-color:rgba(255,255,255,0);border-width:1px;border-style:solid;background-color:var(--awb-custom_color_1);box-sizing:content-box;border-radius:50%;\"><i style=\"border-color:var(--awb-custom_color_1);border-width:1px;background-color:var(--awb-color1);box-sizing:content-box;height:40px;width:40px;line-height:40px;border-radius:50%;position:relative;top:auto;left:auto;margin:0;border-radius:50%;font-size:20px;\" aria-hidden=\"true\" class=\"fontawesome-icon fa-headset fas circle-yes\"><\/i><\/span><\/div><h2 class=\"content-box-heading\" style=\"--h2_typography-font-size:18px;line-height:23px;\">Erreichbar in Notf\u00e4llen<\/h2><\/div><div class=\"fusion-clearfix\"><\/div><div class=\"content-container\">\n<p>Wir stehen Reiseb\u00fcros in Notf\u00e4llen auch au\u00dferhalb der B\u00fcrozeiten zur Verf\u00fcgung. Wir raten jedoch davon ab, dringende Fragen w\u00e4hrend der B\u00fcrozeiten zu stellen. In Notf\u00e4llen bitten wir Sie, eine Nachricht auf unserer Voicemail zu hinterlassen und eine E-Mail an <a href=\"mailto:info@vuelandia.com\" target=\"_blank\" rel=\"noopener\">info@vuelandia.com zu senden.<\/a> Au\u00dferhalb der B\u00fcrozeiten (einschlie\u00dflich Wochenenden und Feiertagen) berechnen wir eine Geb\u00fchr von 40 \u20ac.  <\/p>\n<\/div><\/div><\/div><div style=\"--awb-backgroundcolor:var(--awb-color3);\" class=\"fusion-column content-box-column content-box-column content-box-column-3 col-lg-12 col-md-12 col-sm-12 fusion-content-box-hover content-box-column-last content-box-column-last-in-row\"><div class=\"col content-box-wrapper content-wrapper-background link-area-link-icon content-icon-wrapper-yes icon-hover-animation-fade\" data-animationOffset=\"top-into-view\"><div class=\"fusion-clearfix\"><\/div><div class=\"content-container\">\n<p><img decoding=\"async\" class=\"alignnone wp-image-2639 size-full\" src=\"https:\/\/vuelandia.com\/wp-content\/uploads\/2023\/11\/Scherm%C2%ADafbeelding-2023-11-07-om-09.57.24.png\" alt=\"\" width=\"854\" height=\"528\"><\/p>\n<\/div><\/div><\/div><div class=\"fusion-clearfix\"><\/div><\/div><\/div><\/div><\/div><\/div>\n","protected":false},"excerpt":{"rendered":"","protected":false},"author":3,"featured_media":0,"parent":0,"menu_order":0,"comment_status":"closed","ping_status":"closed","template":"100-width.php","meta":{"footnotes":""},"class_list":["post-4387","page","type-page","status-publish","hentry"],"yoast_head":"<!-- This site is optimized with the Yoast SEO plugin v27.2 - https:\/\/yoast.com\/product\/yoast-seo-wordpress\/ -->\n<title>Kundenbetreuung - Vuelandia - Groothandel van de Reisbranche<\/title>\n<meta name=\"robots\" content=\"index, follow, max-snippet:-1, max-image-preview:large, max-video-preview:-1\" \/>\n<link rel=\"canonical\" href=\"https:\/\/vuelandia.com\/de\/kundenbetreuung\/\" \/>\n<meta property=\"og:locale\" content=\"de_DE\" \/>\n<meta property=\"og:type\" content=\"article\" \/>\n<meta property=\"og:title\" content=\"Kundenbetreuung - Vuelandia - Groothandel van de Reisbranche\" \/>\n<meta property=\"og:url\" content=\"https:\/\/vuelandia.com\/de\/kundenbetreuung\/\" \/>\n<meta property=\"og:site_name\" content=\"Vuelandia - Groothandel van de Reisbranche\" \/>\n<meta property=\"article:publisher\" content=\"https:\/\/www.facebook.com\/VuelandiaNederland\" \/>\n<meta property=\"article:modified_time\" content=\"2025-05-19T14:49:35+00:00\" \/>\n<meta property=\"og:image\" content=\"https:\/\/vuelandia.com\/wp-content\/uploads\/2023\/11\/Scherm\u00adafbeelding-2023-11-07-om-09.57.24.png\" \/>\n\t<meta property=\"og:image:width\" content=\"854\" \/>\n\t<meta property=\"og:image:height\" content=\"528\" \/>\n\t<meta property=\"og:image:type\" content=\"image\/png\" \/>\n<meta name=\"twitter:card\" content=\"summary_large_image\" \/>\n<meta name=\"twitter:label1\" content=\"Gesch\u00e4tzte Lesezeit\" \/>\n\t<meta name=\"twitter:data1\" content=\"2\u00a0Minuten\" \/>\n<script type=\"application\/ld+json\" class=\"yoast-schema-graph\">{\"@context\":\"https:\/\/schema.org\",\"@graph\":[{\"@type\":\"WebPage\",\"@id\":\"https:\/\/vuelandia.com\/de\/kundenbetreuung\/\",\"url\":\"https:\/\/vuelandia.com\/de\/kundenbetreuung\/\",\"name\":\"Kundenbetreuung - Vuelandia - Groothandel van de Reisbranche\",\"isPartOf\":{\"@id\":\"https:\/\/vuelandia.com\/de\/#website\"},\"primaryImageOfPage\":{\"@id\":\"https:\/\/vuelandia.com\/de\/kundenbetreuung\/#primaryimage\"},\"image\":{\"@id\":\"https:\/\/vuelandia.com\/de\/kundenbetreuung\/#primaryimage\"},\"thumbnailUrl\":\"https:\/\/vuelandia.com\/wp-content\/uploads\/2023\/11\/Scherm%C2%ADafbeelding-2023-11-07-om-09.57.24.png\",\"datePublished\":\"2024-01-10T18:51:37+00:00\",\"dateModified\":\"2025-05-19T14:49:35+00:00\",\"breadcrumb\":{\"@id\":\"https:\/\/vuelandia.com\/de\/kundenbetreuung\/#breadcrumb\"},\"inLanguage\":\"de\",\"potentialAction\":[{\"@type\":\"ReadAction\",\"target\":[\"https:\/\/vuelandia.com\/de\/kundenbetreuung\/\"]}]},{\"@type\":\"ImageObject\",\"inLanguage\":\"de\",\"@id\":\"https:\/\/vuelandia.com\/de\/kundenbetreuung\/#primaryimage\",\"url\":\"https:\/\/vuelandia.com\/wp-content\/uploads\/2023\/11\/Scherm%C2%ADafbeelding-2023-11-07-om-09.57.24.png\",\"contentUrl\":\"https:\/\/vuelandia.com\/wp-content\/uploads\/2023\/11\/Scherm%C2%ADafbeelding-2023-11-07-om-09.57.24.png\"},{\"@type\":\"BreadcrumbList\",\"@id\":\"https:\/\/vuelandia.com\/de\/kundenbetreuung\/#breadcrumb\",\"itemListElement\":[{\"@type\":\"ListItem\",\"position\":1,\"name\":\"Home\",\"item\":\"https:\/\/vuelandia.com\/de\/vuelandia-startseite\/\"},{\"@type\":\"ListItem\",\"position\":2,\"name\":\"Kundenbetreuung\"}]},{\"@type\":\"WebSite\",\"@id\":\"https:\/\/vuelandia.com\/de\/#website\",\"url\":\"https:\/\/vuelandia.com\/de\/\",\"name\":\"Vuelandia - Groothandel van de reisbranche\",\"description\":\"Eenvoudig toegang tot de wereld van reizen\",\"publisher\":{\"@id\":\"https:\/\/vuelandia.com\/de\/#organization\"},\"potentialAction\":[{\"@type\":\"SearchAction\",\"target\":{\"@type\":\"EntryPoint\",\"urlTemplate\":\"https:\/\/vuelandia.com\/de\/?s={search_term_string}\"},\"query-input\":{\"@type\":\"PropertyValueSpecification\",\"valueRequired\":true,\"valueName\":\"search_term_string\"}}],\"inLanguage\":\"de\"},{\"@type\":\"Organization\",\"@id\":\"https:\/\/vuelandia.com\/de\/#organization\",\"name\":\"Vuelandia - Groothandel van de reisbranche\",\"url\":\"https:\/\/vuelandia.com\/de\/\",\"logo\":{\"@type\":\"ImageObject\",\"inLanguage\":\"de\",\"@id\":\"https:\/\/vuelandia.com\/de\/#\/schema\/logo\/image\/\",\"url\":\"https:\/\/vuelandia.com\/wp-content\/uploads\/2023\/05\/vuelandia_logo_1000x.png\",\"contentUrl\":\"https:\/\/vuelandia.com\/wp-content\/uploads\/2023\/05\/vuelandia_logo_1000x.png\",\"width\":1000,\"height\":168,\"caption\":\"Vuelandia - Groothandel van de reisbranche\"},\"image\":{\"@id\":\"https:\/\/vuelandia.com\/de\/#\/schema\/logo\/image\/\"},\"sameAs\":[\"https:\/\/www.facebook.com\/VuelandiaNederland\",\"https:\/\/www.instagram.com\/vuelandianl\/\",\"https:\/\/nl.linkedin.com\/company\/vuelandia\"]}]}<\/script>\n<!-- \/ Yoast SEO plugin. -->","yoast_head_json":{"title":"Kundenbetreuung - Vuelandia - Groothandel van de Reisbranche","robots":{"index":"index","follow":"follow","max-snippet":"max-snippet:-1","max-image-preview":"max-image-preview:large","max-video-preview":"max-video-preview:-1"},"canonical":"https:\/\/vuelandia.com\/de\/kundenbetreuung\/","og_locale":"de_DE","og_type":"article","og_title":"Kundenbetreuung - Vuelandia - Groothandel van de Reisbranche","og_url":"https:\/\/vuelandia.com\/de\/kundenbetreuung\/","og_site_name":"Vuelandia - Groothandel van de Reisbranche","article_publisher":"https:\/\/www.facebook.com\/VuelandiaNederland","article_modified_time":"2025-05-19T14:49:35+00:00","og_image":[{"width":854,"height":528,"url":"https:\/\/vuelandia.com\/wp-content\/uploads\/2023\/11\/Scherm\u00adafbeelding-2023-11-07-om-09.57.24.png","type":"image\/png"}],"twitter_card":"summary_large_image","twitter_misc":{"Gesch\u00e4tzte Lesezeit":"2\u00a0Minuten"},"schema":{"@context":"https:\/\/schema.org","@graph":[{"@type":"WebPage","@id":"https:\/\/vuelandia.com\/de\/kundenbetreuung\/","url":"https:\/\/vuelandia.com\/de\/kundenbetreuung\/","name":"Kundenbetreuung - Vuelandia - Groothandel van de Reisbranche","isPartOf":{"@id":"https:\/\/vuelandia.com\/de\/#website"},"primaryImageOfPage":{"@id":"https:\/\/vuelandia.com\/de\/kundenbetreuung\/#primaryimage"},"image":{"@id":"https:\/\/vuelandia.com\/de\/kundenbetreuung\/#primaryimage"},"thumbnailUrl":"https:\/\/vuelandia.com\/wp-content\/uploads\/2023\/11\/Scherm%C2%ADafbeelding-2023-11-07-om-09.57.24.png","datePublished":"2024-01-10T18:51:37+00:00","dateModified":"2025-05-19T14:49:35+00:00","breadcrumb":{"@id":"https:\/\/vuelandia.com\/de\/kundenbetreuung\/#breadcrumb"},"inLanguage":"de","potentialAction":[{"@type":"ReadAction","target":["https:\/\/vuelandia.com\/de\/kundenbetreuung\/"]}]},{"@type":"ImageObject","inLanguage":"de","@id":"https:\/\/vuelandia.com\/de\/kundenbetreuung\/#primaryimage","url":"https:\/\/vuelandia.com\/wp-content\/uploads\/2023\/11\/Scherm%C2%ADafbeelding-2023-11-07-om-09.57.24.png","contentUrl":"https:\/\/vuelandia.com\/wp-content\/uploads\/2023\/11\/Scherm%C2%ADafbeelding-2023-11-07-om-09.57.24.png"},{"@type":"BreadcrumbList","@id":"https:\/\/vuelandia.com\/de\/kundenbetreuung\/#breadcrumb","itemListElement":[{"@type":"ListItem","position":1,"name":"Home","item":"https:\/\/vuelandia.com\/de\/vuelandia-startseite\/"},{"@type":"ListItem","position":2,"name":"Kundenbetreuung"}]},{"@type":"WebSite","@id":"https:\/\/vuelandia.com\/de\/#website","url":"https:\/\/vuelandia.com\/de\/","name":"Vuelandia - Groothandel van de reisbranche","description":"Eenvoudig toegang tot de wereld van reizen","publisher":{"@id":"https:\/\/vuelandia.com\/de\/#organization"},"potentialAction":[{"@type":"SearchAction","target":{"@type":"EntryPoint","urlTemplate":"https:\/\/vuelandia.com\/de\/?s={search_term_string}"},"query-input":{"@type":"PropertyValueSpecification","valueRequired":true,"valueName":"search_term_string"}}],"inLanguage":"de"},{"@type":"Organization","@id":"https:\/\/vuelandia.com\/de\/#organization","name":"Vuelandia - Groothandel van de reisbranche","url":"https:\/\/vuelandia.com\/de\/","logo":{"@type":"ImageObject","inLanguage":"de","@id":"https:\/\/vuelandia.com\/de\/#\/schema\/logo\/image\/","url":"https:\/\/vuelandia.com\/wp-content\/uploads\/2023\/05\/vuelandia_logo_1000x.png","contentUrl":"https:\/\/vuelandia.com\/wp-content\/uploads\/2023\/05\/vuelandia_logo_1000x.png","width":1000,"height":168,"caption":"Vuelandia - Groothandel van de reisbranche"},"image":{"@id":"https:\/\/vuelandia.com\/de\/#\/schema\/logo\/image\/"},"sameAs":["https:\/\/www.facebook.com\/VuelandiaNederland","https:\/\/www.instagram.com\/vuelandianl\/","https:\/\/nl.linkedin.com\/company\/vuelandia"]}]}},"_links":{"self":[{"href":"https:\/\/vuelandia.com\/de\/wp-json\/wp\/v2\/pages\/4387","targetHints":{"allow":["GET"]}}],"collection":[{"href":"https:\/\/vuelandia.com\/de\/wp-json\/wp\/v2\/pages"}],"about":[{"href":"https:\/\/vuelandia.com\/de\/wp-json\/wp\/v2\/types\/page"}],"author":[{"embeddable":true,"href":"https:\/\/vuelandia.com\/de\/wp-json\/wp\/v2\/users\/3"}],"replies":[{"embeddable":true,"href":"https:\/\/vuelandia.com\/de\/wp-json\/wp\/v2\/comments?post=4387"}],"version-history":[{"count":39,"href":"https:\/\/vuelandia.com\/de\/wp-json\/wp\/v2\/pages\/4387\/revisions"}],"predecessor-version":[{"id":7525,"href":"https:\/\/vuelandia.com\/de\/wp-json\/wp\/v2\/pages\/4387\/revisions\/7525"}],"wp:attachment":[{"href":"https:\/\/vuelandia.com\/de\/wp-json\/wp\/v2\/media?parent=4387"}],"curies":[{"name":"wp","href":"https:\/\/api.w.org\/{rel}","templated":true}]}}