{"id":4389,"date":"2024-01-20T10:25:39","date_gmt":"2024-01-20T10:25:39","guid":{"rendered":"https:\/\/dev.vuelandia.com\/medien\/"},"modified":"2024-03-04T19:32:35","modified_gmt":"2024-03-04T19:32:35","slug":"medien","status":"publish","type":"page","link":"https:\/\/vuelandia.com\/de\/medien\/","title":{"rendered":"Medien"},"content":{"rendered":"<div class=\"fusion-fullwidth fullwidth-box fusion-builder-row-1 fusion-flex-container has-pattern-background has-mask-background nonhundred-percent-fullwidth non-hundred-percent-height-scrolling\" style=\"--awb-border-radius-top-left:0px;--awb-border-radius-top-right:0px;--awb-border-radius-bottom-right:0px;--awb-border-radius-bottom-left:0px;--awb-flex-wrap:wrap;\" ><div class=\"fusion-builder-row fusion-row fusion-flex-align-items-flex-start fusion-flex-content-wrap\" style=\"max-width:1248px;margin-left: calc(-4% \/ 2 );margin-right: calc(-4% \/ 2 );\"><div class=\"fusion-layout-column fusion_builder_column fusion-builder-column-0 fusion_builder_column_4_5 4_5 fusion-flex-column\" style=\"--awb-bg-size:cover;--awb-width-large:80%;--awb-margin-top-large:0px;--awb-spacing-right-large:2.4%;--awb-margin-bottom-large:20px;--awb-spacing-left-large:2.4%;--awb-width-medium:80%;--awb-order-medium:0;--awb-spacing-right-medium:2.4%;--awb-spacing-left-medium:2.4%;--awb-width-small:100%;--awb-order-small:0;--awb-spacing-right-small:1.92%;--awb-spacing-left-small:1.92%;\"><div class=\"fusion-column-wrapper fusion-column-has-shadow fusion-flex-justify-content-flex-start fusion-content-layout-column\"><div class=\"fusion-blog-shortcode fusion-blog-shortcode-1 fusion-blog-archive fusion-blog-layout-medium-alternate fusion-blog-no\"><div class=\"fusion-posts-container fusion-posts-container-no fusion-blog-rollover\" data-pages=\"0\"><article id=\"blog-1-post-4802\" class=\"fusion-post-medium-alternate post-4802 post type-post status-publish format-standard has-post-thumbnail hentry category-unkategorisiert\">\n<div class=\"fusion-date-and-formats\"><div class=\"fusion-date-box updated\"><span class=\"fusion-date\">27<\/span><span class=\"fusion-month-year\">01, 2024<\/span><\/div><div class=\"fusion-format-box\"><i class=\"awb-icon-pen\" aria-hidden=\"true\"><\/i><\/div><\/div>\t<style type=\"text\/css\">\n\t\t\n\t\t\n\t\t\n\t\t\n\t\t\t<\/style>\n\n\n\t\t\t<div class=\"fusion-flexslider flexslider fusion-flexslider-loading fusion-post-slideshow\" style=\"\">\n\t\t<ul class=\"slides\">\n\t\t\t\n\t\t\t\t\t\t\t\t\t\t\t\t\t\t<li><div  class=\"fusion-image-wrapper fusion-image-size-fixed\" aria-haspopup=\"true\">\n\t\t\t\t<img decoding=\"async\" width=\"320\" height=\"202\" src=\"https:\/\/vuelandia.com\/wp-content\/uploads\/2022\/08\/421877370_900201642114807_8507249137517134617_n-320x202.jpg\" class=\"attachment-blog-medium size-blog-medium wp-post-image\" alt=\"\" srcset=\"https:\/\/vuelandia.com\/wp-content\/uploads\/2022\/08\/421877370_900201642114807_8507249137517134617_n-320x202.jpg 320w, https:\/\/vuelandia.com\/wp-content\/uploads\/2022\/08\/421877370_900201642114807_8507249137517134617_n-700x441.jpg 700w\" sizes=\"(max-width: 320px) 100vw, 320px\" \/><div class=\"fusion-rollover\">\n\t<div class=\"fusion-rollover-content\">\n\n\t\t\t\t\t\t\t\t\t\t\t\t\t\t<a class=\"fusion-rollover-link\" href=\"https:\/\/vuelandia.com\/de\/vuelandia-gewinnt-den-reisepreis-innovation-2024\/\">Vuelandia gewinnt den Reisepreis Innovation 2024<\/a>\n\t\t\t\n\t\t\t\t\t\t\t\t\n\t\t\n\t\t\t\t\t\t\t\t\t\t\t\t<h4 class=\"fusion-rollover-title\">\n\t\t\t\t\t<a class=\"fusion-rollover-title-link\" href=\"https:\/\/vuelandia.com\/de\/vuelandia-gewinnt-den-reisepreis-innovation-2024\/\">\n\t\t\t\t\t\tVuelandia gewinnt den Reisepreis Innovation 2024\t\t\t\t\t<\/a>\n\t\t\t\t<\/h4>\n\t\t\t\n\t\t\t\t\t\t\t\t\n\t\t\n\t\t\t\t\t\t<a class=\"fusion-link-wrapper\" href=\"https:\/\/vuelandia.com\/de\/vuelandia-gewinnt-den-reisepreis-innovation-2024\/\" aria-label=\"Vuelandia gewinnt den Reisepreis Innovation 2024\"><\/a>\n\t<\/div>\n<\/div>\n<\/div>\n<\/li>\n\t\t\t\n\t\t\t\n\t\t\t\t\t\t\t\t\t\t\t\t\t\t\t\t\t\t\t\t\t\t\t\t\t\t\t\t\t\t\t\t\t\t\t\t\t\t\t\t\t\t\t\t\t\t\t\t\t\t\t\t\t\t\t\t\t\t\t\t\t\t\t\t\t\t\t\t<\/ul>\n\t<\/div>\n\t<div class=\"fusion-post-content post-content\"><h2 class=\"blog-shortcode-post-title entry-title\">Vuelandia gewinnt den Reisepreis Innovation 2024<\/h2><p class=\"fusion-single-line-meta\"><span class=\"vcard\" style=\"display: none;\"><span class=\"fn\"><a href=\"https:\/\/vuelandia.com\/de\/author\/jet\/\" title=\"Beitr\u00e4ge von Jet\" rel=\"author\">Jet<\/a><\/span><\/span><span class=\"updated\" style=\"display:none;\">2024-03-04T19:33:06+00:00<\/span><span>27. Januar 2024<\/span><span class=\"fusion-inline-sep\">|<\/span><\/p><div class=\"fusion-post-content-container\"><p>Auf der Reisegala am 27. Januar wurden mehrere Reisepreise verliehen. Der Holiday Award Innovation 2024 wurde von Mikel van Nimwegen und Danny Ruitenberg (beide Inhaber\/Direktor Vuelandia) entgegengenommen! Ein kr\u00f6nender Abschluss!<\/p><\/div><\/div><div class=\"fusion-clearfix\"><\/div><div class=\"fusion-meta-info\"><div class=\"fusion-alignright\"><a class=\"fusion-read-more\" href=\"https:\/\/vuelandia.com\/de\/vuelandia-gewinnt-den-reisepreis-innovation-2024\/\" aria-label=\"More on Vuelandia gewinnt den Reisepreis Innovation 2024\">Read More<\/a><\/div><\/div><\/article>\n<article id=\"blog-1-post-7441\" class=\"fusion-post-medium-alternate post-7441 post type-post status-publish format-standard has-post-thumbnail hentry category-unkategorisiert\">\n<div class=\"fusion-date-and-formats\"><div class=\"fusion-date-box updated\"><span class=\"fusion-date\">27<\/span><span class=\"fusion-month-year\">06, 2024<\/span><\/div><div class=\"fusion-format-box\"><i class=\"awb-icon-pen\" aria-hidden=\"true\"><\/i><\/div><\/div>\t<style type=\"text\/css\">\n\t\t\n\t\t\n\t\t\n\t\t\n\t\t\t<\/style>\n\n\n\t\t\t<div class=\"fusion-flexslider flexslider fusion-flexslider-loading fusion-post-slideshow\" style=\"\">\n\t\t<ul class=\"slides\">\n\t\t\t\n\t\t\t\t\t\t\t\t\t\t\t\t\t\t<li><div  class=\"fusion-image-wrapper fusion-image-size-fixed\" aria-haspopup=\"true\">\n\t\t\t\t<img decoding=\"async\" width=\"289\" height=\"202\" src=\"https:\/\/vuelandia.com\/wp-content\/uploads\/2024\/06\/printflighttool_chat2-320x224.png\" class=\"attachment-blog-medium size-blog-medium wp-post-image\" alt=\"\" srcset=\"https:\/\/vuelandia.com\/wp-content\/uploads\/2024\/06\/printflighttool_chat2-66x46.png 66w, https:\/\/vuelandia.com\/wp-content\/uploads\/2024\/06\/printflighttool_chat2-177x124.png 177w, https:\/\/vuelandia.com\/wp-content\/uploads\/2024\/06\/printflighttool_chat2-200x140.png 200w, https:\/\/vuelandia.com\/wp-content\/uploads\/2024\/06\/printflighttool_chat2-300x210.png 300w, https:\/\/vuelandia.com\/wp-content\/uploads\/2024\/06\/printflighttool_chat2-320x224.png 320w, https:\/\/vuelandia.com\/wp-content\/uploads\/2024\/06\/printflighttool_chat2-400x280.png 400w, https:\/\/vuelandia.com\/wp-content\/uploads\/2024\/06\/printflighttool_chat2-460x322.png 460w, https:\/\/vuelandia.com\/wp-content\/uploads\/2024\/06\/printflighttool_chat2-540x378.png 540w, https:\/\/vuelandia.com\/wp-content\/uploads\/2024\/06\/printflighttool_chat2-600x420.png 600w, https:\/\/vuelandia.com\/wp-content\/uploads\/2024\/06\/printflighttool_chat2-669x469.png 669w, https:\/\/vuelandia.com\/wp-content\/uploads\/2024\/06\/printflighttool_chat2-700x490.png 700w, https:\/\/vuelandia.com\/wp-content\/uploads\/2024\/06\/printflighttool_chat2-768x538.png 768w, https:\/\/vuelandia.com\/wp-content\/uploads\/2024\/06\/printflighttool_chat2-800x561.png 800w, https:\/\/vuelandia.com\/wp-content\/uploads\/2024\/06\/printflighttool_chat2-940x659.png 940w, https:\/\/vuelandia.com\/wp-content\/uploads\/2024\/06\/printflighttool_chat2-1024x717.png 1024w, https:\/\/vuelandia.com\/wp-content\/uploads\/2024\/06\/printflighttool_chat2-1200x841.png 1200w, https:\/\/vuelandia.com\/wp-content\/uploads\/2024\/06\/printflighttool_chat2.png 1500w\" sizes=\"(max-width: 289px) 100vw, 289px\" \/><div class=\"fusion-rollover\">\n\t<div class=\"fusion-rollover-content\">\n\n\t\t\t\t\t\t\t\t\t\t\t\t\t\t<a class=\"fusion-rollover-link\" href=\"https:\/\/vuelandia.com\/de\/vuelandia-fuehrt-das-neue-b2b-flighttool-ein\/\">Vuelandia f\u00fchrt das neue B2B Flighttool ein<\/a>\n\t\t\t\n\t\t\t\t\t\t\t\t\n\t\t\n\t\t\t\t\t\t\t\t\t\t\t\t<h4 class=\"fusion-rollover-title\">\n\t\t\t\t\t<a class=\"fusion-rollover-title-link\" href=\"https:\/\/vuelandia.com\/de\/vuelandia-fuehrt-das-neue-b2b-flighttool-ein\/\">\n\t\t\t\t\t\tVuelandia f\u00fchrt das neue B2B Flighttool ein\t\t\t\t\t<\/a>\n\t\t\t\t<\/h4>\n\t\t\t\n\t\t\t\t\t\t\t\t\n\t\t\n\t\t\t\t\t\t<a class=\"fusion-link-wrapper\" href=\"https:\/\/vuelandia.com\/de\/vuelandia-fuehrt-das-neue-b2b-flighttool-ein\/\" aria-label=\"Vuelandia f\u00fchrt das neue B2B Flighttool ein\"><\/a>\n\t<\/div>\n<\/div>\n<\/div>\n<\/li>\n\t\t\t\n\t\t\t\n\t\t\t\t\t\t\t\t\t\t\t\t\t\t\t\t\t\t\t\t\t\t\t\t\t\t\t\t\t\t\t\t\t\t\t\t\t\t\t\t\t\t\t\t\t\t\t\t\t\t\t\t\t\t\t\t\t\t\t\t\t\t\t\t\t\t\t\t<\/ul>\n\t<\/div>\n\t<div class=\"fusion-post-content post-content\"><h2 class=\"blog-shortcode-post-title entry-title\">Vuelandia f\u00fchrt das neue B2B Flighttool ein<\/h2><p class=\"fusion-single-line-meta\"><span class=\"vcard\" style=\"display: none;\"><span class=\"fn\"><a href=\"https:\/\/vuelandia.com\/de\/author\/jet\/\" title=\"Beitr\u00e4ge von Jet\" rel=\"author\">Jet<\/a><\/span><\/span><span class=\"updated\" style=\"display:none;\">2024-06-27T09:05:07+00:00<\/span><span>27. Juni 2024<\/span><span class=\"fusion-inline-sep\">|<\/span><\/p><div class=\"fusion-post-content-container\"><p>Das Suchen und Buchen von Flugtickets war noch nie so angenehm und einfach! Lernen Sie das brandneue vollst\u00e4ndige B2B-Flugtool Vuelandia Flights f\u00fcr Reiseb\u00fcros und Organisationen kennen<\/p><\/div><\/div><div class=\"fusion-clearfix\"><\/div><div class=\"fusion-meta-info\"><div class=\"fusion-alignright\"><a class=\"fusion-read-more\" href=\"https:\/\/vuelandia.com\/de\/vuelandia-fuehrt-das-neue-b2b-flighttool-ein\/\" aria-label=\"More on Vuelandia f\u00fchrt das neue B2B Flighttool ein\">Read More<\/a><\/div><\/div><\/article>\n<\/div><\/div><\/div><\/div><\/div><\/div>\n","protected":false},"excerpt":{"rendered":"","protected":false},"author":3,"featured_media":0,"parent":0,"menu_order":0,"comment_status":"closed","ping_status":"closed","template":"100-width.php","meta":{"footnotes":""},"class_list":["post-4389","page","type-page","status-publish","hentry"],"yoast_head":"<!-- This site is optimized with the Yoast SEO plugin v27.2 - https:\/\/yoast.com\/product\/yoast-seo-wordpress\/ -->\n<title>Medien - Vuelandia - Groothandel van de Reisbranche<\/title>\n<meta name=\"robots\" content=\"index, follow, max-snippet:-1, max-image-preview:large, max-video-preview:-1\" \/>\n<link rel=\"canonical\" href=\"https:\/\/vuelandia.com\/de\/medien\/\" \/>\n<meta property=\"og:locale\" content=\"de_DE\" \/>\n<meta property=\"og:type\" content=\"article\" \/>\n<meta property=\"og:title\" content=\"Medien - Vuelandia - Groothandel van de Reisbranche\" \/>\n<meta property=\"og:url\" content=\"https:\/\/vuelandia.com\/de\/medien\/\" \/>\n<meta property=\"og:site_name\" content=\"Vuelandia - Groothandel van de Reisbranche\" \/>\n<meta property=\"article:publisher\" content=\"https:\/\/www.facebook.com\/VuelandiaNederland\" \/>\n<meta property=\"article:modified_time\" content=\"2024-03-04T19:32:35+00:00\" \/>\n<meta name=\"twitter:card\" content=\"summary_large_image\" \/>\n<meta name=\"twitter:label1\" content=\"Gesch\u00e4tzte Lesezeit\" \/>\n\t<meta name=\"twitter:data1\" content=\"5\u00a0Minuten\" \/>\n<script type=\"application\/ld+json\" class=\"yoast-schema-graph\">{\"@context\":\"https:\/\/schema.org\",\"@graph\":[{\"@type\":\"WebPage\",\"@id\":\"https:\/\/vuelandia.com\/de\/medien\/\",\"url\":\"https:\/\/vuelandia.com\/de\/medien\/\",\"name\":\"Medien - Vuelandia - Groothandel van de Reisbranche\",\"isPartOf\":{\"@id\":\"https:\/\/vuelandia.com\/de\/#website\"},\"datePublished\":\"2024-01-20T10:25:39+00:00\",\"dateModified\":\"2024-03-04T19:32:35+00:00\",\"breadcrumb\":{\"@id\":\"https:\/\/vuelandia.com\/de\/medien\/#breadcrumb\"},\"inLanguage\":\"de\",\"potentialAction\":[{\"@type\":\"ReadAction\",\"target\":[\"https:\/\/vuelandia.com\/de\/medien\/\"]}]},{\"@type\":\"BreadcrumbList\",\"@id\":\"https:\/\/vuelandia.com\/de\/medien\/#breadcrumb\",\"itemListElement\":[{\"@type\":\"ListItem\",\"position\":1,\"name\":\"Home\",\"item\":\"https:\/\/vuelandia.com\/de\/vuelandia-startseite\/\"},{\"@type\":\"ListItem\",\"position\":2,\"name\":\"Medien\"}]},{\"@type\":\"WebSite\",\"@id\":\"https:\/\/vuelandia.com\/de\/#website\",\"url\":\"https:\/\/vuelandia.com\/de\/\",\"name\":\"Vuelandia - Groothandel van de reisbranche\",\"description\":\"Eenvoudig toegang tot de wereld van reizen\",\"publisher\":{\"@id\":\"https:\/\/vuelandia.com\/de\/#organization\"},\"potentialAction\":[{\"@type\":\"SearchAction\",\"target\":{\"@type\":\"EntryPoint\",\"urlTemplate\":\"https:\/\/vuelandia.com\/de\/?s={search_term_string}\"},\"query-input\":{\"@type\":\"PropertyValueSpecification\",\"valueRequired\":true,\"valueName\":\"search_term_string\"}}],\"inLanguage\":\"de\"},{\"@type\":\"Organization\",\"@id\":\"https:\/\/vuelandia.com\/de\/#organization\",\"name\":\"Vuelandia - Groothandel van de reisbranche\",\"url\":\"https:\/\/vuelandia.com\/de\/\",\"logo\":{\"@type\":\"ImageObject\",\"inLanguage\":\"de\",\"@id\":\"https:\/\/vuelandia.com\/de\/#\/schema\/logo\/image\/\",\"url\":\"https:\/\/vuelandia.com\/wp-content\/uploads\/2023\/05\/vuelandia_logo_1000x.png\",\"contentUrl\":\"https:\/\/vuelandia.com\/wp-content\/uploads\/2023\/05\/vuelandia_logo_1000x.png\",\"width\":1000,\"height\":168,\"caption\":\"Vuelandia - Groothandel van de reisbranche\"},\"image\":{\"@id\":\"https:\/\/vuelandia.com\/de\/#\/schema\/logo\/image\/\"},\"sameAs\":[\"https:\/\/www.facebook.com\/VuelandiaNederland\",\"https:\/\/www.instagram.com\/vuelandianl\/\",\"https:\/\/nl.linkedin.com\/company\/vuelandia\"]}]}<\/script>\n<!-- \/ Yoast SEO plugin. -->","yoast_head_json":{"title":"Medien - Vuelandia - Groothandel van de Reisbranche","robots":{"index":"index","follow":"follow","max-snippet":"max-snippet:-1","max-image-preview":"max-image-preview:large","max-video-preview":"max-video-preview:-1"},"canonical":"https:\/\/vuelandia.com\/de\/medien\/","og_locale":"de_DE","og_type":"article","og_title":"Medien - Vuelandia - Groothandel van de Reisbranche","og_url":"https:\/\/vuelandia.com\/de\/medien\/","og_site_name":"Vuelandia - Groothandel van de Reisbranche","article_publisher":"https:\/\/www.facebook.com\/VuelandiaNederland","article_modified_time":"2024-03-04T19:32:35+00:00","twitter_card":"summary_large_image","twitter_misc":{"Gesch\u00e4tzte Lesezeit":"5\u00a0Minuten"},"schema":{"@context":"https:\/\/schema.org","@graph":[{"@type":"WebPage","@id":"https:\/\/vuelandia.com\/de\/medien\/","url":"https:\/\/vuelandia.com\/de\/medien\/","name":"Medien - Vuelandia - Groothandel van de Reisbranche","isPartOf":{"@id":"https:\/\/vuelandia.com\/de\/#website"},"datePublished":"2024-01-20T10:25:39+00:00","dateModified":"2024-03-04T19:32:35+00:00","breadcrumb":{"@id":"https:\/\/vuelandia.com\/de\/medien\/#breadcrumb"},"inLanguage":"de","potentialAction":[{"@type":"ReadAction","target":["https:\/\/vuelandia.com\/de\/medien\/"]}]},{"@type":"BreadcrumbList","@id":"https:\/\/vuelandia.com\/de\/medien\/#breadcrumb","itemListElement":[{"@type":"ListItem","position":1,"name":"Home","item":"https:\/\/vuelandia.com\/de\/vuelandia-startseite\/"},{"@type":"ListItem","position":2,"name":"Medien"}]},{"@type":"WebSite","@id":"https:\/\/vuelandia.com\/de\/#website","url":"https:\/\/vuelandia.com\/de\/","name":"Vuelandia - Groothandel van de reisbranche","description":"Eenvoudig toegang tot de wereld van reizen","publisher":{"@id":"https:\/\/vuelandia.com\/de\/#organization"},"potentialAction":[{"@type":"SearchAction","target":{"@type":"EntryPoint","urlTemplate":"https:\/\/vuelandia.com\/de\/?s={search_term_string}"},"query-input":{"@type":"PropertyValueSpecification","valueRequired":true,"valueName":"search_term_string"}}],"inLanguage":"de"},{"@type":"Organization","@id":"https:\/\/vuelandia.com\/de\/#organization","name":"Vuelandia - Groothandel van de reisbranche","url":"https:\/\/vuelandia.com\/de\/","logo":{"@type":"ImageObject","inLanguage":"de","@id":"https:\/\/vuelandia.com\/de\/#\/schema\/logo\/image\/","url":"https:\/\/vuelandia.com\/wp-content\/uploads\/2023\/05\/vuelandia_logo_1000x.png","contentUrl":"https:\/\/vuelandia.com\/wp-content\/uploads\/2023\/05\/vuelandia_logo_1000x.png","width":1000,"height":168,"caption":"Vuelandia - Groothandel van de reisbranche"},"image":{"@id":"https:\/\/vuelandia.com\/de\/#\/schema\/logo\/image\/"},"sameAs":["https:\/\/www.facebook.com\/VuelandiaNederland","https:\/\/www.instagram.com\/vuelandianl\/","https:\/\/nl.linkedin.com\/company\/vuelandia"]}]}},"_links":{"self":[{"href":"https:\/\/vuelandia.com\/de\/wp-json\/wp\/v2\/pages\/4389","targetHints":{"allow":["GET"]}}],"collection":[{"href":"https:\/\/vuelandia.com\/de\/wp-json\/wp\/v2\/pages"}],"about":[{"href":"https:\/\/vuelandia.com\/de\/wp-json\/wp\/v2\/types\/page"}],"author":[{"embeddable":true,"href":"https:\/\/vuelandia.com\/de\/wp-json\/wp\/v2\/users\/3"}],"replies":[{"embeddable":true,"href":"https:\/\/vuelandia.com\/de\/wp-json\/wp\/v2\/comments?post=4389"}],"version-history":[{"count":10,"href":"https:\/\/vuelandia.com\/de\/wp-json\/wp\/v2\/pages\/4389\/revisions"}],"predecessor-version":[{"id":4599,"href":"https:\/\/vuelandia.com\/de\/wp-json\/wp\/v2\/pages\/4389\/revisions\/4599"}],"wp:attachment":[{"href":"https:\/\/vuelandia.com\/de\/wp-json\/wp\/v2\/media?parent=4389"}],"curies":[{"name":"wp","href":"https:\/\/api.w.org\/{rel}","templated":true}]}}