{"id":4447,"date":"2024-01-15T15:51:43","date_gmt":"2024-01-15T15:51:43","guid":{"rendered":"https:\/\/vuelandia.com\/reisebuchungssoftware\/"},"modified":"2025-02-21T15:42:30","modified_gmt":"2025-02-21T15:42:30","slug":"reisebuchungssoftware","status":"publish","type":"page","link":"https:\/\/vuelandia.com\/de\/reisebuchungssoftware\/","title":{"rendered":"Reisebuchungssoftware"},"content":{"rendered":"<div class=\"fusion-fullwidth fullwidth-box fusion-builder-row-1 fusion-flex-container has-pattern-background has-mask-background nonhundred-percent-fullwidth non-hundred-percent-height-scrolling\" style=\"--awb-border-radius-top-left:0px;--awb-border-radius-top-right:0px;--awb-border-radius-bottom-right:0px;--awb-border-radius-bottom-left:0px;--awb-padding-top:60px;--awb-padding-right:10%;--awb-padding-bottom:130px;--awb-padding-left:10%;--awb-flex-wrap:wrap;\" ><div class=\"fusion-builder-row fusion-row fusion-flex-align-items-flex-start fusion-flex-content-wrap\" style=\"max-width:1248px;margin-left: calc(-4% \/ 2 );margin-right: calc(-4% \/ 2 );\"><div class=\"fusion-layout-column fusion_builder_column fusion-builder-column-0 fusion_builder_column_2_3 2_3 fusion-flex-column\" style=\"--awb-bg-size:cover;--awb-width-large:66.666666666667%;--awb-margin-top-large:0px;--awb-spacing-right-large:11.52%;--awb-margin-bottom-large:20px;--awb-spacing-left-large:2.88%;--awb-width-medium:66.666666666667%;--awb-order-medium:0;--awb-spacing-right-medium:11.52%;--awb-spacing-left-medium:2.88%;--awb-width-small:100%;--awb-order-small:0;--awb-spacing-right-small:1.92%;--awb-spacing-left-small:1.92%;\" data-scroll-devices=\"small-visibility,medium-visibility,large-visibility\"><div class=\"fusion-column-wrapper fusion-column-has-shadow fusion-flex-justify-content-flex-start fusion-content-layout-column\"><div class=\"fusion-title title fusion-title-1 fusion-sep-none fusion-title-text fusion-title-size-three\" style=\"--awb-margin-top-small:10px;--awb-margin-right-small:0px;--awb-margin-bottom-small:10px;--awb-margin-left-small:0px;--awb-font-size:22px;\"><h3 class=\"fusion-title-heading title-heading-left\" style=\"margin:0;font-size:1em;\">Fortgeschrittene und vollst\u00e4ndig ma\u00dfgeschneiderte Reisetechnologie<\/h3><\/div><div class=\"fusion-separator\" style=\"align-self: flex-start;margin-right:auto;margin-top:20px;margin-bottom:30px;width:100%;max-width:10%;\"><div class=\"fusion-separator-border sep-single sep-solid\" style=\"--awb-height:20px;--awb-amount:20px;--awb-sep-color:var(--awb-color5);border-color:var(--awb-color5);border-top-width:1px;\"><\/div><\/div><div class=\"fusion-text fusion-text-1\"><p>Unser Travel Navigator enth\u00e4lt die B2B-Buchungsplattformen zum Suchen, Vergleichen und Buchen von Fl\u00fcgen, Hotels und Mietwagen. Neben seiner Rolle als Consolidator f\u00fcr Flugbuchungen und als Buchungsplattform f\u00fcr seine anderen Reiseprodukte entwickelt Vuelandia auch fortschrittliche Reisetechnologie f\u00fcr die Reisebranche. M\u00f6chten Sie Flugtickets auf Ihrer eigenen Website anbieten oder neben Dynamic Packaging auch API\/XML einsetzen? Dann sind Sie bei uns genau richtig. Die IT von Vuelandia ist mit unserem eigenen Beschaffungssystem verbunden, f\u00fcr das wir in gro\u00dfen Mengen einkaufen und daher immer die g\u00fcnstigsten Preise anbieten k\u00f6nnen.<\/p>\n<h6>Verkn\u00fcpfung von Unternehmensdaten \u00fcber API\/XML<\/h6>\n<p>API\/XML ist nichts anderes als intelligente Datenkommunikation zwischen Unternehmensdaten. So k\u00f6nnen Sie problemlos Lieferantendaten austauschen und\/oder in Ihre eigene Umgebung integrieren. Wenn Sie zum Beispiel einen bestimmten Anbieter von Vuelandia nutzen m\u00f6chten, ohne den Travel Navigator zu verwenden, k\u00f6nnen wir problemlos eine Echtzeitverbindung herstellen. F\u00fcr unsere Kunden bedeutet das, dass sie automatisierte Prozesse nutzen und letztlich Kosten senken k\u00f6nnen.<\/p>\n<h6>Eine Buchungsumgebung in Ihrem eigenen Hausstil<\/h6>\n<p>Mit einer CMS-Whitelabel-Website k\u00f6nnen Sie als Reiseb\u00fcro oder Organisation Reiseprodukte \u00fcber Ihre eigene Website verkaufen, die wir ganz in Ihrem Stil gestalten. Alle gew\u00fcnschten Module sind vollst\u00e4ndig in die Umgebung integriert und Sie m\u00fcssen sich nicht mehr um die IT k\u00fcmmern. So k\u00f6nnen Sie eine responsive Website mit direktem Zugang zu den Tools f\u00fcr die Suche und Buchung von Fl\u00fcgen, Hotels oder Mietwagen oder einer Kombination davon nutzen. M\u00f6chten Sie auch Ihre bestehenden externen Lieferanten integrieren? Auch das ist m\u00f6glich.<\/p>\n<\/div><div class=\"fusion-text fusion-text-2\"><h6>Die Vorteile unserer Reisetechnologie auf einen Blick:<\/h6>\n<ul>\n<li>Aufgrund der hohen Nutzung und des starken Einkaufs liefern wir wettbewerbsf\u00e4hige Preise und eine gute Verf\u00fcgbarkeit.<\/li>\n<li>Die Nutzung ist in mehreren Sprachen und W\u00e4hrungen m\u00f6glich<\/li>\n<li>Es ist m\u00f6glich, eigene Lieferanten und Vertr\u00e4ge zu aktivieren<\/li>\n<li>XML-Integration bietet eine einzige Verbindung und einen einzigen Kontaktpunkt mit mehreren Lieferanten<\/li>\n<li>Wir bieten \u00fcber XML ein plattform\u00fcbergreifendes Angebot aller Linien- und Billigfluggesellschaften und Hotels<\/li>\n<\/ul>\n<\/div><\/div><\/div><div class=\"fusion-layout-column fusion_builder_column fusion-builder-column-1 fusion_builder_column_1_3 1_3 fusion-flex-column\" style=\"--awb-bg-size:cover;--awb-width-large:33.333333333333%;--awb-margin-top-large:0px;--awb-spacing-right-large:5.76%;--awb-margin-bottom-large:20px;--awb-spacing-left-large:5.76%;--awb-width-medium:33.333333333333%;--awb-order-medium:0;--awb-spacing-right-medium:5.76%;--awb-spacing-left-medium:5.76%;--awb-width-small:100%;--awb-order-small:0;--awb-spacing-right-small:1.92%;--awb-spacing-left-small:1.92%;\" data-scroll-devices=\"small-visibility,medium-visibility,large-visibility\"><div class=\"fusion-column-wrapper fusion-column-has-shadow fusion-flex-justify-content-flex-start fusion-content-layout-column\"><div class=\"fusion-separator fusion-no-medium-visibility fusion-no-large-visibility fusion-has-icon\" style=\"align-self: center;margin-left: auto;margin-right: auto;margin-top:20px;margin-bottom:40px;width:100%;max-width:75%;\"><div class=\"fusion-separator-border sep-single sep-solid\" style=\"--awb-height:20px;--awb-amount:20px;--awb-sep-color:var(--awb-custom_color_1);border-color:var(--awb-custom_color_1);border-top-width:1px;\"><\/div><span class=\"icon-wrapper\" style=\"border-color:var(--awb-custom_color_1);background-color:rgba(255,255,255,0);font-size:16px;width: 1.75em; height: 1.75em;border-width:1px;padding:1px;margin-top:-0.5px\"><i class=\"fa-info-circle fas\" style=\"font-size: inherit;color:var(--awb-color3);\" aria-hidden=\"true\"><\/i><\/span><div class=\"fusion-separator-border sep-single sep-solid\" style=\"--awb-height:20px;--awb-amount:20px;--awb-sep-color:var(--awb-custom_color_1);border-color:var(--awb-custom_color_1);border-top-width:1px;\"><\/div><\/div><div class=\"fusion-content-boxes content-boxes columns row fusion-columns-1 fusion-columns-total-1 fusion-content-boxes-1 content-boxes-icon-with-title content-left\" style=\"--awb-backgroundcolor:var(--awb-color3);--awb-border-radius-top-left:20px;--awb-border-radius-top-right:20px;--awb-border-radius-bottom-right:20px;--awb-border-radius-bottom-left:20px;--awb-title-color:var(--awb-color5);--awb-iconcolor:var(--awb-custom_color_3);--awb-hover-accent-color:var(--awb-custom_color_3);--awb-circle-hover-accent-color:var(--awb-custom_color_3);--awb-item-margin-bottom:40px;\" data-animationOffset=\"top-into-view\"><div style=\"--awb-backgroundcolor:var(--awb-color3);--awb-iconcolor:var(--awb-custom_color_3);\" class=\"fusion-column content-box-column content-box-column content-box-column-1 col-lg-12 col-md-12 col-sm-12 fusion-content-box-hover content-box-column-last content-box-column-last-in-row\"><div class=\"col content-box-wrapper content-wrapper-background link-area-link-icon content-icon-wrapper-yes icon-hover-animation-fade\" data-animationOffset=\"top-into-view\"><div class=\"heading heading-with-icon icon-left\"><div class=\"icon\"><span style=\"height:42px;width:42px;line-height:22px;border-color:rgba(255,255,255,0);border-width:1px;border-style:solid;background-color:var(--awb-custom_color_1);box-sizing:content-box;border-radius:50%;\"><i style=\"border-color:var(--awb-custom_color_1);border-width:1px;background-color:var(--awb-custom_color_2);box-sizing:content-box;height:40px;width:40px;line-height:40px;border-radius:50%;position:relative;top:auto;left:auto;margin:0;border-radius:50%;font-size:20px;\" aria-hidden=\"true\" class=\"fontawesome-icon fa-border-all fas circle-yes\"><\/i><\/span><\/div><h2 class=\"content-box-heading\" style=\"--h2_typography-font-size:18px;line-height:23px;\">Alle Reiseprodukte in einer Umgebung verf\u00fcgbar<\/h2><\/div><div class=\"fusion-clearfix\"><\/div><div class=\"content-container\">\n<p><img decoding=\"async\" class=\"alignnone wp-image-7505 size-full\" src=\"https:\/\/vuelandia.com\/wp-content\/uploads\/2025\/02\/vuelandia_travel_navigator.png\" alt=\"\" width=\"1280\" height=\"674\" srcset=\"https:\/\/vuelandia.com\/wp-content\/uploads\/2025\/02\/vuelandia_travel_navigator-200x105.png 200w, https:\/\/vuelandia.com\/wp-content\/uploads\/2025\/02\/vuelandia_travel_navigator-300x158.png 300w, https:\/\/vuelandia.com\/wp-content\/uploads\/2025\/02\/vuelandia_travel_navigator-400x211.png 400w, https:\/\/vuelandia.com\/wp-content\/uploads\/2025\/02\/vuelandia_travel_navigator-600x316.png 600w, https:\/\/vuelandia.com\/wp-content\/uploads\/2025\/02\/vuelandia_travel_navigator-768x404.png 768w, https:\/\/vuelandia.com\/wp-content\/uploads\/2025\/02\/vuelandia_travel_navigator-800x421.png 800w, https:\/\/vuelandia.com\/wp-content\/uploads\/2025\/02\/vuelandia_travel_navigator-1024x539.png 1024w, https:\/\/vuelandia.com\/wp-content\/uploads\/2025\/02\/vuelandia_travel_navigator-1200x632.png 1200w, https:\/\/vuelandia.com\/wp-content\/uploads\/2025\/02\/vuelandia_travel_navigator.png 1280w\" sizes=\"(max-width: 1280px) 100vw, 1280px\" \/><\/p>\n<p>Der Travel Navigator bietet Ihnen alle notwendigen Werkzeuge in einer Umgebung, um die Funktion eines Reiseorganisators schnell und einfach zu erf\u00fcllen. Unabh\u00e4ngig davon, ob Sie eine IATA- oder Nicht-IATA-Organisation sind. Der Travel Navigator ist eine benutzerfreundliche Plattform, die mit den neuesten Entwicklungen ausgestattet ist und auf der zahlreiche Produkte wie Flugtickets, Unterk\u00fcnfte, Mietwagen und Transfers angeboten werden. Und um es Ihnen noch einfacher zu machen, werden die Buchungen f\u00fcr Fl\u00fcge, Hotels und Mietwagen automatisch an BAS weitergeleitet, mit dem wir eine (Rekapitulations-)Verbindung haben. Das erspart Ihnen eine Menge zus\u00e4tzlicher Arbeit!<\/p>\n<p>Dank unserer internationalen Partnerschaften und unserer wettbewerbsf\u00e4higen Beschaffung bei zuverl\u00e4ssigen Unternehmen k\u00f6nnen wir wettbewerbsf\u00e4hige Preise anbieten. Und nicht zuletzt arbeiten wir als B2B-Partner immer mit Einkaufspreisen, bei denen Sie als Reiseveranstalter Ihre Marge selbst bestimmen k\u00f6nnen.<\/p>\n<\/div><\/div><\/div><div class=\"fusion-clearfix\"><\/div><\/div><\/div><\/div><\/div><\/div>\n","protected":false},"excerpt":{"rendered":"","protected":false},"author":3,"featured_media":0,"parent":0,"menu_order":0,"comment_status":"closed","ping_status":"closed","template":"100-width.php","meta":{"footnotes":""},"class_list":["post-4447","page","type-page","status-publish","hentry"],"yoast_head":"<!-- This site is optimized with the Yoast SEO plugin v27.2 - https:\/\/yoast.com\/product\/yoast-seo-wordpress\/ -->\n<title>Reisebuchungssoftware - Vuelandia - Groothandel van de Reisbranche<\/title>\n<meta name=\"robots\" content=\"index, follow, max-snippet:-1, max-image-preview:large, max-video-preview:-1\" \/>\n<link rel=\"canonical\" href=\"https:\/\/vuelandia.com\/de\/reisebuchungssoftware\/\" \/>\n<meta property=\"og:locale\" content=\"de_DE\" \/>\n<meta property=\"og:type\" content=\"article\" \/>\n<meta property=\"og:title\" content=\"Reisebuchungssoftware - Vuelandia - Groothandel van de Reisbranche\" \/>\n<meta property=\"og:url\" content=\"https:\/\/vuelandia.com\/de\/reisebuchungssoftware\/\" \/>\n<meta property=\"og:site_name\" content=\"Vuelandia - Groothandel van de Reisbranche\" \/>\n<meta property=\"article:publisher\" content=\"https:\/\/www.facebook.com\/VuelandiaNederland\" \/>\n<meta property=\"article:modified_time\" content=\"2025-02-21T15:42:30+00:00\" \/>\n<meta property=\"og:image\" content=\"https:\/\/vuelandia.com\/wp-content\/uploads\/2025\/02\/vuelandia_travel_navigator.png\" \/>\n\t<meta property=\"og:image:width\" content=\"1280\" \/>\n\t<meta property=\"og:image:height\" content=\"674\" \/>\n\t<meta property=\"og:image:type\" content=\"image\/png\" \/>\n<meta name=\"twitter:card\" content=\"summary_large_image\" \/>\n<meta name=\"twitter:label1\" content=\"Gesch\u00e4tzte Lesezeit\" \/>\n\t<meta name=\"twitter:data1\" content=\"3\u00a0Minuten\" \/>\n<script type=\"application\/ld+json\" class=\"yoast-schema-graph\">{\"@context\":\"https:\/\/schema.org\",\"@graph\":[{\"@type\":\"WebPage\",\"@id\":\"https:\/\/vuelandia.com\/de\/reisebuchungssoftware\/\",\"url\":\"https:\/\/vuelandia.com\/de\/reisebuchungssoftware\/\",\"name\":\"Reisebuchungssoftware - Vuelandia - Groothandel van de Reisbranche\",\"isPartOf\":{\"@id\":\"https:\/\/vuelandia.com\/de\/#website\"},\"primaryImageOfPage\":{\"@id\":\"https:\/\/vuelandia.com\/de\/reisebuchungssoftware\/#primaryimage\"},\"image\":{\"@id\":\"https:\/\/vuelandia.com\/de\/reisebuchungssoftware\/#primaryimage\"},\"thumbnailUrl\":\"https:\/\/vuelandia.com\/wp-content\/uploads\/2025\/02\/vuelandia_travel_navigator.png\",\"datePublished\":\"2024-01-15T15:51:43+00:00\",\"dateModified\":\"2025-02-21T15:42:30+00:00\",\"breadcrumb\":{\"@id\":\"https:\/\/vuelandia.com\/de\/reisebuchungssoftware\/#breadcrumb\"},\"inLanguage\":\"de\",\"potentialAction\":[{\"@type\":\"ReadAction\",\"target\":[\"https:\/\/vuelandia.com\/de\/reisebuchungssoftware\/\"]}]},{\"@type\":\"ImageObject\",\"inLanguage\":\"de\",\"@id\":\"https:\/\/vuelandia.com\/de\/reisebuchungssoftware\/#primaryimage\",\"url\":\"https:\/\/vuelandia.com\/wp-content\/uploads\/2025\/02\/vuelandia_travel_navigator.png\",\"contentUrl\":\"https:\/\/vuelandia.com\/wp-content\/uploads\/2025\/02\/vuelandia_travel_navigator.png\"},{\"@type\":\"BreadcrumbList\",\"@id\":\"https:\/\/vuelandia.com\/de\/reisebuchungssoftware\/#breadcrumb\",\"itemListElement\":[{\"@type\":\"ListItem\",\"position\":1,\"name\":\"Home\",\"item\":\"https:\/\/vuelandia.com\/de\/vuelandia-startseite\/\"},{\"@type\":\"ListItem\",\"position\":2,\"name\":\"Reisebuchungssoftware\"}]},{\"@type\":\"WebSite\",\"@id\":\"https:\/\/vuelandia.com\/de\/#website\",\"url\":\"https:\/\/vuelandia.com\/de\/\",\"name\":\"Vuelandia - Groothandel van de reisbranche\",\"description\":\"Eenvoudig toegang tot de wereld van reizen\",\"publisher\":{\"@id\":\"https:\/\/vuelandia.com\/de\/#organization\"},\"potentialAction\":[{\"@type\":\"SearchAction\",\"target\":{\"@type\":\"EntryPoint\",\"urlTemplate\":\"https:\/\/vuelandia.com\/de\/?s={search_term_string}\"},\"query-input\":{\"@type\":\"PropertyValueSpecification\",\"valueRequired\":true,\"valueName\":\"search_term_string\"}}],\"inLanguage\":\"de\"},{\"@type\":\"Organization\",\"@id\":\"https:\/\/vuelandia.com\/de\/#organization\",\"name\":\"Vuelandia - Groothandel van de reisbranche\",\"url\":\"https:\/\/vuelandia.com\/de\/\",\"logo\":{\"@type\":\"ImageObject\",\"inLanguage\":\"de\",\"@id\":\"https:\/\/vuelandia.com\/de\/#\/schema\/logo\/image\/\",\"url\":\"https:\/\/vuelandia.com\/wp-content\/uploads\/2023\/05\/vuelandia_logo_1000x.png\",\"contentUrl\":\"https:\/\/vuelandia.com\/wp-content\/uploads\/2023\/05\/vuelandia_logo_1000x.png\",\"width\":1000,\"height\":168,\"caption\":\"Vuelandia - Groothandel van de reisbranche\"},\"image\":{\"@id\":\"https:\/\/vuelandia.com\/de\/#\/schema\/logo\/image\/\"},\"sameAs\":[\"https:\/\/www.facebook.com\/VuelandiaNederland\",\"https:\/\/www.instagram.com\/vuelandianl\/\",\"https:\/\/nl.linkedin.com\/company\/vuelandia\"]}]}<\/script>\n<!-- \/ Yoast SEO plugin. -->","yoast_head_json":{"title":"Reisebuchungssoftware - Vuelandia - Groothandel van de Reisbranche","robots":{"index":"index","follow":"follow","max-snippet":"max-snippet:-1","max-image-preview":"max-image-preview:large","max-video-preview":"max-video-preview:-1"},"canonical":"https:\/\/vuelandia.com\/de\/reisebuchungssoftware\/","og_locale":"de_DE","og_type":"article","og_title":"Reisebuchungssoftware - Vuelandia - Groothandel van de Reisbranche","og_url":"https:\/\/vuelandia.com\/de\/reisebuchungssoftware\/","og_site_name":"Vuelandia - Groothandel van de Reisbranche","article_publisher":"https:\/\/www.facebook.com\/VuelandiaNederland","article_modified_time":"2025-02-21T15:42:30+00:00","og_image":[{"width":1280,"height":674,"url":"https:\/\/vuelandia.com\/wp-content\/uploads\/2025\/02\/vuelandia_travel_navigator.png","type":"image\/png"}],"twitter_card":"summary_large_image","twitter_misc":{"Gesch\u00e4tzte Lesezeit":"3\u00a0Minuten"},"schema":{"@context":"https:\/\/schema.org","@graph":[{"@type":"WebPage","@id":"https:\/\/vuelandia.com\/de\/reisebuchungssoftware\/","url":"https:\/\/vuelandia.com\/de\/reisebuchungssoftware\/","name":"Reisebuchungssoftware - Vuelandia - Groothandel van de Reisbranche","isPartOf":{"@id":"https:\/\/vuelandia.com\/de\/#website"},"primaryImageOfPage":{"@id":"https:\/\/vuelandia.com\/de\/reisebuchungssoftware\/#primaryimage"},"image":{"@id":"https:\/\/vuelandia.com\/de\/reisebuchungssoftware\/#primaryimage"},"thumbnailUrl":"https:\/\/vuelandia.com\/wp-content\/uploads\/2025\/02\/vuelandia_travel_navigator.png","datePublished":"2024-01-15T15:51:43+00:00","dateModified":"2025-02-21T15:42:30+00:00","breadcrumb":{"@id":"https:\/\/vuelandia.com\/de\/reisebuchungssoftware\/#breadcrumb"},"inLanguage":"de","potentialAction":[{"@type":"ReadAction","target":["https:\/\/vuelandia.com\/de\/reisebuchungssoftware\/"]}]},{"@type":"ImageObject","inLanguage":"de","@id":"https:\/\/vuelandia.com\/de\/reisebuchungssoftware\/#primaryimage","url":"https:\/\/vuelandia.com\/wp-content\/uploads\/2025\/02\/vuelandia_travel_navigator.png","contentUrl":"https:\/\/vuelandia.com\/wp-content\/uploads\/2025\/02\/vuelandia_travel_navigator.png"},{"@type":"BreadcrumbList","@id":"https:\/\/vuelandia.com\/de\/reisebuchungssoftware\/#breadcrumb","itemListElement":[{"@type":"ListItem","position":1,"name":"Home","item":"https:\/\/vuelandia.com\/de\/vuelandia-startseite\/"},{"@type":"ListItem","position":2,"name":"Reisebuchungssoftware"}]},{"@type":"WebSite","@id":"https:\/\/vuelandia.com\/de\/#website","url":"https:\/\/vuelandia.com\/de\/","name":"Vuelandia - Groothandel van de reisbranche","description":"Eenvoudig toegang tot de wereld van reizen","publisher":{"@id":"https:\/\/vuelandia.com\/de\/#organization"},"potentialAction":[{"@type":"SearchAction","target":{"@type":"EntryPoint","urlTemplate":"https:\/\/vuelandia.com\/de\/?s={search_term_string}"},"query-input":{"@type":"PropertyValueSpecification","valueRequired":true,"valueName":"search_term_string"}}],"inLanguage":"de"},{"@type":"Organization","@id":"https:\/\/vuelandia.com\/de\/#organization","name":"Vuelandia - Groothandel van de reisbranche","url":"https:\/\/vuelandia.com\/de\/","logo":{"@type":"ImageObject","inLanguage":"de","@id":"https:\/\/vuelandia.com\/de\/#\/schema\/logo\/image\/","url":"https:\/\/vuelandia.com\/wp-content\/uploads\/2023\/05\/vuelandia_logo_1000x.png","contentUrl":"https:\/\/vuelandia.com\/wp-content\/uploads\/2023\/05\/vuelandia_logo_1000x.png","width":1000,"height":168,"caption":"Vuelandia - Groothandel van de reisbranche"},"image":{"@id":"https:\/\/vuelandia.com\/de\/#\/schema\/logo\/image\/"},"sameAs":["https:\/\/www.facebook.com\/VuelandiaNederland","https:\/\/www.instagram.com\/vuelandianl\/","https:\/\/nl.linkedin.com\/company\/vuelandia"]}]}},"_links":{"self":[{"href":"https:\/\/vuelandia.com\/de\/wp-json\/wp\/v2\/pages\/4447","targetHints":{"allow":["GET"]}}],"collection":[{"href":"https:\/\/vuelandia.com\/de\/wp-json\/wp\/v2\/pages"}],"about":[{"href":"https:\/\/vuelandia.com\/de\/wp-json\/wp\/v2\/types\/page"}],"author":[{"embeddable":true,"href":"https:\/\/vuelandia.com\/de\/wp-json\/wp\/v2\/users\/3"}],"replies":[{"embeddable":true,"href":"https:\/\/vuelandia.com\/de\/wp-json\/wp\/v2\/comments?post=4447"}],"version-history":[{"count":8,"href":"https:\/\/vuelandia.com\/de\/wp-json\/wp\/v2\/pages\/4447\/revisions"}],"predecessor-version":[{"id":7515,"href":"https:\/\/vuelandia.com\/de\/wp-json\/wp\/v2\/pages\/4447\/revisions\/7515"}],"wp:attachment":[{"href":"https:\/\/vuelandia.com\/de\/wp-json\/wp\/v2\/media?parent=4447"}],"curies":[{"name":"wp","href":"https:\/\/api.w.org\/{rel}","templated":true}]}}