{"id":5013,"date":"2024-02-27T15:54:05","date_gmt":"2024-02-27T15:54:05","guid":{"rendered":"https:\/\/dev.vuelandia.com\/fonds-fuer-behindertensport\/"},"modified":"2024-03-04T19:33:07","modified_gmt":"2024-03-04T19:33:07","slug":"fonds-fuer-behindertensport","status":"publish","type":"page","link":"https:\/\/vuelandia.com\/de\/fonds-fuer-behindertensport\/","title":{"rendered":"Fonds f\u00fcr Behindertensport"},"content":{"rendered":"<div class=\"fusion-fullwidth fullwidth-box fusion-builder-row-1 fusion-flex-container has-pattern-background has-mask-background nonhundred-percent-fullwidth non-hundred-percent-height-scrolling\" style=\"--awb-border-radius-top-left:0px;--awb-border-radius-top-right:0px;--awb-border-radius-bottom-right:0px;--awb-border-radius-bottom-left:0px;--awb-flex-wrap:wrap;\" ><div class=\"fusion-builder-row fusion-row fusion-flex-align-items-flex-start fusion-flex-justify-content-center fusion-flex-content-wrap\" style=\"max-width:1248px;margin-left: calc(-4% \/ 2 );margin-right: calc(-4% \/ 2 );\"><div class=\"fusion-layout-column fusion_builder_column fusion-builder-column-0 fusion_builder_column_4_5 4_5 fusion-flex-column\" style=\"--awb-bg-size:cover;--awb-width-large:80%;--awb-margin-top-large:0px;--awb-spacing-right-large:2.4%;--awb-margin-bottom-large:20px;--awb-spacing-left-large:2.4%;--awb-width-medium:80%;--awb-order-medium:0;--awb-spacing-right-medium:2.4%;--awb-spacing-left-medium:2.4%;--awb-width-small:100%;--awb-order-small:0;--awb-spacing-right-small:1.92%;--awb-spacing-left-small:1.92%;\"><div class=\"fusion-column-wrapper fusion-column-has-shadow fusion-flex-justify-content-flex-start fusion-content-layout-column\"><div class=\"fusion-title title fusion-title-1 fusion-sep-none fusion-title-center fusion-title-text fusion-title-size-two\" style=\"--awb-text-color:var(--awb-custom_color_1);--awb-margin-bottom:0px;--awb-margin-top-small:10px;--awb-margin-right-small:0px;--awb-margin-bottom-small:10px;--awb-margin-left-small:0px;--awb-font-size:30px;\"><h2 class=\"fusion-title-heading title-heading-center\" style=\"margin:0;font-size:1em;\">Vuelandia, regelm\u00e4\u00dfiger Sponsor des Behindertensportfonds<\/h2><\/div><div class=\"fusion-image-element \" style=\"text-align:center;--awb-caption-title-font-family:var(--h2_typography-font-family);--awb-caption-title-font-weight:var(--h2_typography-font-weight);--awb-caption-title-font-style:var(--h2_typography-font-style);--awb-caption-title-size:var(--h2_typography-font-size);--awb-caption-title-transform:var(--h2_typography-text-transform);--awb-caption-title-line-height:var(--h2_typography-line-height);--awb-caption-title-letter-spacing:var(--h2_typography-letter-spacing);\"><span class=\" fusion-imageframe imageframe-none imageframe-1 hover-type-none\"><img decoding=\"async\" width=\"870\" height=\"620\" title=\"newimage\" src=\"https:\/\/dev.vuelandia.com\/wp-content\/uploads\/2024\/02\/newimage-e1709049854277.png\" alt class=\"img-responsive wp-image-5041\" srcset=\"https:\/\/vuelandia.com\/wp-content\/uploads\/2024\/02\/newimage-e1709049854277-200x143.png 200w, https:\/\/vuelandia.com\/wp-content\/uploads\/2024\/02\/newimage-e1709049854277-400x285.png 400w, https:\/\/vuelandia.com\/wp-content\/uploads\/2024\/02\/newimage-e1709049854277-600x428.png 600w, https:\/\/vuelandia.com\/wp-content\/uploads\/2024\/02\/newimage-e1709049854277-800x570.png 800w, https:\/\/vuelandia.com\/wp-content\/uploads\/2024\/02\/newimage-e1709049854277.png 870w\" sizes=\"(max-width: 640px) 100vw, 870px\" \/><\/span><\/div><div class=\"fusion-text fusion-text-1\" style=\"--awb-margin-top:40px;\"><p>Jeder, der Sport treibt, wei\u00df, wie gut man sich f\u00fchlt, wenn man erfrischt und voller neuer Energie aus der Dusche kommt. Sport ist in jeder Hinsicht gut f\u00fcr Sie. Ihr K\u00f6rper ist Ihnen innerlich und \u00e4u\u00dferlich dankbar und das strahlen Sie aus. Sie gibt Ihnen k\u00f6rperlich noch mehr Sicherheit und Kraft und h\u00e4lt Sie geistig stark und ausgeglichen. Sport f\u00f6rdert auch Teamgeist, gute Zusammenarbeit und Zusammengeh\u00f6rigkeit. Es d\u00fcrfte inzwischen klar sein: Sport ist f\u00fcr uns ein unverzichtbarer Bestandteil unseres Lebens. Seit unserer Jugend ist Fu\u00dfball eine unserer gro\u00dfen Leidenschaften, aber eigentlich sind wir so etwas wie &#8222;Allesfresser&#8220;, wenn es um Sport geht. F\u00fcr uns ist es ganz nat\u00fcrlich, auf unsere Fahrr\u00e4der zu springen und zum Fu\u00dfballplatz zu fahren, um ein Spiel zu spielen. Aber f\u00fcr viele ist das nicht so einfach.<\/p>\n<p>Um ihnen dies zu erm\u00f6glichen, sollten besondere Ma\u00dfnahmen ergriffen werden: Projekte wie  <a href=\"http:\/\/www.fondsgehandicaptensport.nl\/scool-wheels\">(S)Cool auf R\u00e4dern<\/a>das Grundsch\u00fclern auf spielerische Weise Informationen \u00fcber Behindertensport vermittelt und damit die Wahrnehmung dieser Kinder positiv beeinflusst; oder das  <a href=\"http:\/\/www.fondsgehandicaptensport.nl\/wheels2sport\">R\u00e4der2Sport<\/a>  Projekt, das Sportger\u00e4te zur Verf\u00fcgung stellt, damit verschiedene Sportarten ausprobiert werden k\u00f6nnen; aber auch das erstaunliche  <a href=\"http:\/\/www.fondsgehandicaptensport.nl\/g-toppers\">G-Toppers<\/a>  Projekt, das allen Menschen mit einer Behinderung, die an den Vier-Tage-M\u00e4rschen von Nimwegen teilnehmen m\u00f6chten, dies aber nicht ohne die notwendige Begleitung tun k\u00f6nnen, ein umfassendes Angebot macht. Sie unterst\u00fctzen auch die Aktivit\u00e4ten von Special Olympics Niederlande, Disabled Sports Niederlande und SailWise sowie viele lokale Initiativen.<\/p>\n<\/div><\/div><\/div><\/div><\/div>\n","protected":false},"excerpt":{"rendered":"","protected":false},"author":3,"featured_media":5041,"parent":0,"menu_order":0,"comment_status":"closed","ping_status":"closed","template":"100-width.php","meta":{"footnotes":""},"class_list":["post-5013","page","type-page","status-publish","has-post-thumbnail","hentry"],"yoast_head":"<!-- This site is optimized with the Yoast SEO plugin v27.2 - https:\/\/yoast.com\/product\/yoast-seo-wordpress\/ -->\n<title>Fonds f\u00fcr Behindertensport - Vuelandia - Groothandel van de Reisbranche<\/title>\n<meta name=\"robots\" content=\"index, follow, max-snippet:-1, max-image-preview:large, max-video-preview:-1\" \/>\n<link rel=\"canonical\" href=\"https:\/\/vuelandia.com\/de\/fonds-fuer-behindertensport\/\" \/>\n<meta property=\"og:locale\" content=\"de_DE\" \/>\n<meta property=\"og:type\" content=\"article\" \/>\n<meta property=\"og:title\" content=\"Fonds f\u00fcr Behindertensport - Vuelandia - Groothandel van de Reisbranche\" \/>\n<meta property=\"og:url\" content=\"https:\/\/vuelandia.com\/de\/fonds-fuer-behindertensport\/\" \/>\n<meta property=\"og:site_name\" content=\"Vuelandia - Groothandel van de Reisbranche\" \/>\n<meta property=\"article:publisher\" content=\"https:\/\/www.facebook.com\/VuelandiaNederland\" \/>\n<meta property=\"article:modified_time\" content=\"2024-03-04T19:33:07+00:00\" \/>\n<meta property=\"og:image\" content=\"https:\/\/dev.vuelandia.com\/wp-content\/uploads\/2024\/02\/newimage-e1709049854277.png\" \/>\n\t<meta property=\"og:image:width\" content=\"870\" \/>\n\t<meta property=\"og:image:height\" content=\"620\" \/>\n\t<meta property=\"og:image:type\" content=\"image\/png\" \/>\n<meta name=\"twitter:card\" content=\"summary_large_image\" \/>\n<meta name=\"twitter:label1\" content=\"Gesch\u00e4tzte Lesezeit\" \/>\n\t<meta name=\"twitter:data1\" content=\"9\u00a0Minuten\" \/>\n<script type=\"application\/ld+json\" class=\"yoast-schema-graph\">{\"@context\":\"https:\/\/schema.org\",\"@graph\":[{\"@type\":\"WebPage\",\"@id\":\"https:\/\/vuelandia.com\/de\/fonds-fuer-behindertensport\/\",\"url\":\"https:\/\/vuelandia.com\/de\/fonds-fuer-behindertensport\/\",\"name\":\"Fonds f\u00fcr Behindertensport - Vuelandia - Groothandel van de Reisbranche\",\"isPartOf\":{\"@id\":\"https:\/\/vuelandia.com\/de\/#website\"},\"primaryImageOfPage\":{\"@id\":\"https:\/\/vuelandia.com\/de\/fonds-fuer-behindertensport\/#primaryimage\"},\"image\":{\"@id\":\"https:\/\/vuelandia.com\/de\/fonds-fuer-behindertensport\/#primaryimage\"},\"thumbnailUrl\":\"https:\/\/vuelandia.com\/wp-content\/uploads\/2024\/02\/newimage-e1709049854277.png\",\"datePublished\":\"2024-02-27T15:54:05+00:00\",\"dateModified\":\"2024-03-04T19:33:07+00:00\",\"breadcrumb\":{\"@id\":\"https:\/\/vuelandia.com\/de\/fonds-fuer-behindertensport\/#breadcrumb\"},\"inLanguage\":\"de\",\"potentialAction\":[{\"@type\":\"ReadAction\",\"target\":[\"https:\/\/vuelandia.com\/de\/fonds-fuer-behindertensport\/\"]}]},{\"@type\":\"ImageObject\",\"inLanguage\":\"de\",\"@id\":\"https:\/\/vuelandia.com\/de\/fonds-fuer-behindertensport\/#primaryimage\",\"url\":\"https:\/\/vuelandia.com\/wp-content\/uploads\/2024\/02\/newimage-e1709049854277.png\",\"contentUrl\":\"https:\/\/vuelandia.com\/wp-content\/uploads\/2024\/02\/newimage-e1709049854277.png\",\"width\":870,\"height\":620},{\"@type\":\"BreadcrumbList\",\"@id\":\"https:\/\/vuelandia.com\/de\/fonds-fuer-behindertensport\/#breadcrumb\",\"itemListElement\":[{\"@type\":\"ListItem\",\"position\":1,\"name\":\"Home\",\"item\":\"https:\/\/vuelandia.com\/de\/vuelandia-startseite\/\"},{\"@type\":\"ListItem\",\"position\":2,\"name\":\"Fonds f\u00fcr Behindertensport\"}]},{\"@type\":\"WebSite\",\"@id\":\"https:\/\/vuelandia.com\/de\/#website\",\"url\":\"https:\/\/vuelandia.com\/de\/\",\"name\":\"Vuelandia - Groothandel van de reisbranche\",\"description\":\"Eenvoudig toegang tot de wereld van reizen\",\"publisher\":{\"@id\":\"https:\/\/vuelandia.com\/de\/#organization\"},\"potentialAction\":[{\"@type\":\"SearchAction\",\"target\":{\"@type\":\"EntryPoint\",\"urlTemplate\":\"https:\/\/vuelandia.com\/de\/?s={search_term_string}\"},\"query-input\":{\"@type\":\"PropertyValueSpecification\",\"valueRequired\":true,\"valueName\":\"search_term_string\"}}],\"inLanguage\":\"de\"},{\"@type\":\"Organization\",\"@id\":\"https:\/\/vuelandia.com\/de\/#organization\",\"name\":\"Vuelandia - Groothandel van de reisbranche\",\"url\":\"https:\/\/vuelandia.com\/de\/\",\"logo\":{\"@type\":\"ImageObject\",\"inLanguage\":\"de\",\"@id\":\"https:\/\/vuelandia.com\/de\/#\/schema\/logo\/image\/\",\"url\":\"https:\/\/vuelandia.com\/wp-content\/uploads\/2023\/05\/vuelandia_logo_1000x.png\",\"contentUrl\":\"https:\/\/vuelandia.com\/wp-content\/uploads\/2023\/05\/vuelandia_logo_1000x.png\",\"width\":1000,\"height\":168,\"caption\":\"Vuelandia - Groothandel van de reisbranche\"},\"image\":{\"@id\":\"https:\/\/vuelandia.com\/de\/#\/schema\/logo\/image\/\"},\"sameAs\":[\"https:\/\/www.facebook.com\/VuelandiaNederland\",\"https:\/\/www.instagram.com\/vuelandianl\/\",\"https:\/\/nl.linkedin.com\/company\/vuelandia\"]}]}<\/script>\n<!-- \/ Yoast SEO plugin. -->","yoast_head_json":{"title":"Fonds f\u00fcr Behindertensport - Vuelandia - Groothandel van de Reisbranche","robots":{"index":"index","follow":"follow","max-snippet":"max-snippet:-1","max-image-preview":"max-image-preview:large","max-video-preview":"max-video-preview:-1"},"canonical":"https:\/\/vuelandia.com\/de\/fonds-fuer-behindertensport\/","og_locale":"de_DE","og_type":"article","og_title":"Fonds f\u00fcr Behindertensport - Vuelandia - Groothandel van de Reisbranche","og_url":"https:\/\/vuelandia.com\/de\/fonds-fuer-behindertensport\/","og_site_name":"Vuelandia - Groothandel van de Reisbranche","article_publisher":"https:\/\/www.facebook.com\/VuelandiaNederland","article_modified_time":"2024-03-04T19:33:07+00:00","og_image":[{"width":870,"height":620,"url":"https:\/\/dev.vuelandia.com\/wp-content\/uploads\/2024\/02\/newimage-e1709049854277.png","type":"image\/png"}],"twitter_card":"summary_large_image","twitter_misc":{"Gesch\u00e4tzte Lesezeit":"9\u00a0Minuten"},"schema":{"@context":"https:\/\/schema.org","@graph":[{"@type":"WebPage","@id":"https:\/\/vuelandia.com\/de\/fonds-fuer-behindertensport\/","url":"https:\/\/vuelandia.com\/de\/fonds-fuer-behindertensport\/","name":"Fonds f\u00fcr Behindertensport - Vuelandia - Groothandel van de Reisbranche","isPartOf":{"@id":"https:\/\/vuelandia.com\/de\/#website"},"primaryImageOfPage":{"@id":"https:\/\/vuelandia.com\/de\/fonds-fuer-behindertensport\/#primaryimage"},"image":{"@id":"https:\/\/vuelandia.com\/de\/fonds-fuer-behindertensport\/#primaryimage"},"thumbnailUrl":"https:\/\/vuelandia.com\/wp-content\/uploads\/2024\/02\/newimage-e1709049854277.png","datePublished":"2024-02-27T15:54:05+00:00","dateModified":"2024-03-04T19:33:07+00:00","breadcrumb":{"@id":"https:\/\/vuelandia.com\/de\/fonds-fuer-behindertensport\/#breadcrumb"},"inLanguage":"de","potentialAction":[{"@type":"ReadAction","target":["https:\/\/vuelandia.com\/de\/fonds-fuer-behindertensport\/"]}]},{"@type":"ImageObject","inLanguage":"de","@id":"https:\/\/vuelandia.com\/de\/fonds-fuer-behindertensport\/#primaryimage","url":"https:\/\/vuelandia.com\/wp-content\/uploads\/2024\/02\/newimage-e1709049854277.png","contentUrl":"https:\/\/vuelandia.com\/wp-content\/uploads\/2024\/02\/newimage-e1709049854277.png","width":870,"height":620},{"@type":"BreadcrumbList","@id":"https:\/\/vuelandia.com\/de\/fonds-fuer-behindertensport\/#breadcrumb","itemListElement":[{"@type":"ListItem","position":1,"name":"Home","item":"https:\/\/vuelandia.com\/de\/vuelandia-startseite\/"},{"@type":"ListItem","position":2,"name":"Fonds f\u00fcr Behindertensport"}]},{"@type":"WebSite","@id":"https:\/\/vuelandia.com\/de\/#website","url":"https:\/\/vuelandia.com\/de\/","name":"Vuelandia - Groothandel van de reisbranche","description":"Eenvoudig toegang tot de wereld van reizen","publisher":{"@id":"https:\/\/vuelandia.com\/de\/#organization"},"potentialAction":[{"@type":"SearchAction","target":{"@type":"EntryPoint","urlTemplate":"https:\/\/vuelandia.com\/de\/?s={search_term_string}"},"query-input":{"@type":"PropertyValueSpecification","valueRequired":true,"valueName":"search_term_string"}}],"inLanguage":"de"},{"@type":"Organization","@id":"https:\/\/vuelandia.com\/de\/#organization","name":"Vuelandia - Groothandel van de reisbranche","url":"https:\/\/vuelandia.com\/de\/","logo":{"@type":"ImageObject","inLanguage":"de","@id":"https:\/\/vuelandia.com\/de\/#\/schema\/logo\/image\/","url":"https:\/\/vuelandia.com\/wp-content\/uploads\/2023\/05\/vuelandia_logo_1000x.png","contentUrl":"https:\/\/vuelandia.com\/wp-content\/uploads\/2023\/05\/vuelandia_logo_1000x.png","width":1000,"height":168,"caption":"Vuelandia - Groothandel van de reisbranche"},"image":{"@id":"https:\/\/vuelandia.com\/de\/#\/schema\/logo\/image\/"},"sameAs":["https:\/\/www.facebook.com\/VuelandiaNederland","https:\/\/www.instagram.com\/vuelandianl\/","https:\/\/nl.linkedin.com\/company\/vuelandia"]}]}},"_links":{"self":[{"href":"https:\/\/vuelandia.com\/de\/wp-json\/wp\/v2\/pages\/5013","targetHints":{"allow":["GET"]}}],"collection":[{"href":"https:\/\/vuelandia.com\/de\/wp-json\/wp\/v2\/pages"}],"about":[{"href":"https:\/\/vuelandia.com\/de\/wp-json\/wp\/v2\/types\/page"}],"author":[{"embeddable":true,"href":"https:\/\/vuelandia.com\/de\/wp-json\/wp\/v2\/users\/3"}],"replies":[{"embeddable":true,"href":"https:\/\/vuelandia.com\/de\/wp-json\/wp\/v2\/comments?post=5013"}],"version-history":[{"count":2,"href":"https:\/\/vuelandia.com\/de\/wp-json\/wp\/v2\/pages\/5013\/revisions"}],"predecessor-version":[{"id":5131,"href":"https:\/\/vuelandia.com\/de\/wp-json\/wp\/v2\/pages\/5013\/revisions\/5131"}],"wp:featuredmedia":[{"embeddable":true,"href":"https:\/\/vuelandia.com\/de\/wp-json\/wp\/v2\/media\/5041"}],"wp:attachment":[{"href":"https:\/\/vuelandia.com\/de\/wp-json\/wp\/v2\/media?parent=5013"}],"curies":[{"name":"wp","href":"https:\/\/api.w.org\/{rel}","templated":true}]}}