{"id":5076,"date":"2024-02-08T11:26:50","date_gmt":"2024-02-08T11:26:50","guid":{"rendered":"https:\/\/dev.vuelandia.com\/stellenangebot-mitarbeiter-kundenbetreuung\/"},"modified":"2024-03-04T19:33:07","modified_gmt":"2024-03-04T19:33:07","slug":"stellenangebot-mitarbeiter-kundenbetreuung","status":"publish","type":"page","link":"https:\/\/vuelandia.com\/de\/stellenangebot-mitarbeiter-kundenbetreuung\/","title":{"rendered":"Stellenangebot Mitarbeiter Kundenbetreuung"},"content":{"rendered":"<div class=\"fusion-fullwidth fullwidth-box fusion-builder-row-1 fusion-flex-container has-pattern-background has-mask-background nonhundred-percent-fullwidth non-hundred-percent-height-scrolling\" style=\"--awb-border-radius-top-left:0px;--awb-border-radius-top-right:0px;--awb-border-radius-bottom-right:0px;--awb-border-radius-bottom-left:0px;--awb-padding-top:0px;--awb-padding-bottom:60px;--awb-flex-wrap:wrap;\" ><div class=\"fusion-builder-row fusion-row fusion-flex-align-items-flex-start fusion-flex-content-wrap\" style=\"max-width:1248px;margin-left: calc(-4% \/ 2 );margin-right: calc(-4% \/ 2 );\"><div class=\"fusion-layout-column fusion_builder_column fusion-builder-column-0 fusion_builder_column_2_3 2_3 fusion-flex-column\" style=\"--awb-bg-size:cover;--awb-width-large:66.666666666667%;--awb-margin-top-large:0px;--awb-spacing-right-large:2.88%;--awb-margin-bottom-large:0px;--awb-spacing-left-large:2.88%;--awb-width-medium:66.666666666667%;--awb-order-medium:0;--awb-spacing-right-medium:2.88%;--awb-spacing-left-medium:2.88%;--awb-width-small:100%;--awb-order-small:0;--awb-spacing-right-small:1.92%;--awb-spacing-left-small:1.92%;\"><div class=\"fusion-column-wrapper fusion-column-has-shadow fusion-flex-justify-content-flex-start fusion-content-layout-column\"><div class=\"fusion-title title fusion-title-1 fusion-sep-none fusion-title-text fusion-title-size-two\" style=\"--awb-text-color:var(--awb-custom_color_1);--awb-margin-bottom:0px;--awb-margin-top-small:10px;--awb-margin-right-small:0px;--awb-margin-bottom-small:10px;--awb-margin-left-small:0px;--awb-font-size:22px;\"><h2 class=\"fusion-title-heading title-heading-left\" style=\"margin:0;font-size:1em;\">Stellenangebot Mitarbeiter Kundenbetreuung<\/h2><\/div><div class=\"fusion-text fusion-text-1\" style=\"--awb-margin-top:2%;\"><p>Funktion: Mitarbeiter-Kundenbetreuung<br \/>\nStandort : Hoofddorp<br \/>\nGehaltsangabe : Markt\u00fcblich<\/p>\n<p>Stunden pro Woche : 39 Stunden \/ 32 verhandelbar<br \/>\nZu besetzen ab: Sofort \/ Noch zu bestimmen<\/p>\n<\/div><div class=\"fusion-separator fusion-full-width-sep\" style=\"align-self: center;margin-left: auto;margin-right: auto;margin-top:10px;margin-bottom:20px;width:100%;\"><div class=\"fusion-separator-border sep-single sep-solid\" style=\"--awb-height:20px;--awb-amount:20px;--awb-sep-color:var(--awb-custom_color_1);border-color:var(--awb-custom_color_1);border-top-width:1px;\"><\/div><\/div><div class=\"fusion-text fusion-text-2\"><p>Vuelandia ist ein kontinuierlich wachsendes Unternehmen und seit mehr als 10 Jahren ein vollwertiger B2B-Partner in der Reisebranche. Vuelandia liefert Reiseprodukte wie Flugtickets, Hotels und Mietwagen an Reiseveranstalter und unabh\u00e4ngige Reiseb\u00fcros. Dar\u00fcber hinaus ist Vuelandia Anbieter mehrerer (selbst entwickelter) Reisebuchungssoftware.<\/p>\n<h6>Stellenbeschreibung<\/h6>\n<p>Haben Sie Freude am Kontakt mit Kunden und Lieferanten? Kennen Sie sich mit Flugpreisen, Hotels und Autovermietungen gut aus? Und halten Sie einen guten Service f\u00fcr wichtig? Dann suchen wir Sie! Vuelandia sucht einen enthusiastischen Kollegen zur Verst\u00e4rkung unseres Teams. Die Stelle ist f\u00fcr 39 Stunden vorgesehen, Teilzeit (32 Stunden) ist jedoch verhandelbar.<\/p>\n<h6>Was werden Sie u. a. tun?<\/h6>\n<ul>\n<li>Zusammen mit dem Kundensupport-Team sind Sie f\u00fcr alle servicebezogenen Fragen von Kunden und Lieferanten zust\u00e4ndig.<\/li>\n<li>Mit Ihrer kundenfreundlichen und l\u00f6sungsorientierten Einstellung bearbeiten Sie eingehende Fragen und Anfragen zu Flugtickets, Hotels und Autovermietungen. Sie nehmen Antr\u00e4ge auf oder \u00e4ndern sie, wenn n\u00f6tig. Sie werden telefonisch oder per E-Mail Kontakt aufnehmen.<\/li>\n<li>In jedem Fall werden Sie versuchen, unseren Kunden den bestm\u00f6glichen Service zu bieten, denn Vuelandia legt Wert auf zufriedene Kunden.<\/li>\n<\/ul>\n<h6>Unser idealer Bewerber<\/h6>\n<ul>\n<li>Abgeschlossene Tourismusausbildung, mindestens MBO Tourismus.<\/li>\n<li>Verf\u00fcgt \u00fcber gute Kenntnisse der niederl\u00e4ndischen und englischen Sprache in Wort und Schrift.<\/li>\n<li>Hat (Praktikums-)Erfahrung in einer Reiseorganisation.<\/li>\n<li>Verf\u00fcgt \u00fcber gute Kenntnisse von Flugtickets, Hotels und Autovermietungsprodukten.<\/li>\n<li>Hat Erfahrung mit CRS-Systemen wie Sabre, Amadeus e\/o Galileo.<\/li>\n<li>Erfahrung mit MS-Office-Paketen.<\/li>\n<li>Das kunden- und serviceorientierte Ergebnis steht immer im Vordergrund.<\/li>\n<li>Ist flexibel und stressresistent und wei\u00df, was planvolles Arbeiten bedeutet.<\/li>\n<li>Sie k\u00f6nnen sowohl selbstst\u00e4ndig als auch im Team arbeiten.<\/li>\n<li>Hat keine Scheu vor dem Kundenkontakt bei touristischen Veranstaltungen. Zum Beispiel die Urlaubsmesse, an der Vuelandia mit dem gesamten Team teilnimmt, oder Veranstaltungen, die regelm\u00e4\u00dfig f\u00fcr unsere Kunden und Lieferanten organisiert werden.<\/li>\n<\/ul>\n<h6>Was wir anbieten<\/h6>\n<ul>\n<li>Ein befristeter Vertrag mit der Aussicht auf einen unbefristeten Vertrag.<\/li>\n<li>Eine informelle und freundliche Arbeitsatmosph\u00e4re in einem dynamischen Arbeitsumfeld.<\/li>\n<li>Das Gehalt wird auf der Grundlage von Erfahrung, Ausbildung und Alter festgelegt.<\/li>\n<li>24 Urlaubstage (auf der Grundlage einer 39-Stunden-Woche).<\/li>\n<li>Teilweise von zu Hause aus zu arbeiten ist fakultativ.<\/li>\n<li>M\u00f6glichkeit zur Teilnahme an Kursen und Studienreisen.<\/li>\n<li>Firmen-Laptop.<\/li>\n<li>Wir f\u00fchren regelm\u00e4\u00dfig verschiedene Aktivit\u00e4ten unter dem Deckmantel der Teambildung durch.<\/li>\n<\/ul>\n<h6>Interessiert?<\/h6>\n<p>Sind Sie kurzfristig verf\u00fcgbar? Dann senden Sie Ihren Lebenslauf mit einer kurzen Begr\u00fcndung an Mikel van Nimwegen (Direktor\/Eigent\u00fcmer Vuelandia) unter <strong><br \/>\n  <a href=\"mailto:mikel@vuelandia.com\">mikel@vuelandia.com<\/a><br \/>\n<\/strong>. M\u00f6chten Sie zun\u00e4chst weitere Informationen \u00fcber diese Stelle oder die Bedingungen und Konditionen? In diesem Fall wenden Sie sich bitte an Marlene Kist (B\u00fcroleiterin Vuelandia) unter der Telefonnummer <strong>0900 &#8211; 4400000<\/strong> oder per E-Mail <strong><br \/>\n  <a href=\"mailto:marlene@vuelandia.com\">marlene@vuelandia.com<\/a><br \/>\n<\/strong>.<\/p>\n<\/div><\/div><\/div><div class=\"fusion-layout-column fusion_builder_column fusion-builder-column-1 fusion_builder_column_1_3 1_3 fusion-flex-column\" style=\"--awb-padding-right:5%;--awb-padding-left:5%;--awb-bg-size:cover;--awb-width-large:33.333333333333%;--awb-margin-top-large:0px;--awb-spacing-right-large:5.76%;--awb-margin-bottom-large:20px;--awb-spacing-left-large:5.76%;--awb-width-medium:33.333333333333%;--awb-order-medium:0;--awb-spacing-right-medium:5.76%;--awb-spacing-left-medium:5.76%;--awb-width-small:100%;--awb-order-small:0;--awb-spacing-right-small:1.92%;--awb-spacing-left-small:1.92%;\" data-scroll-devices=\"small-visibility,medium-visibility,large-visibility\"><div class=\"fusion-column-wrapper fusion-column-has-shadow fusion-flex-justify-content-flex-start fusion-content-layout-column\"><div class=\"fusion-separator fusion-full-width-sep\" style=\"align-self: center;margin-left: auto;margin-right: auto;margin-top:20px;width:100%;\"><\/div><div class=\"fusion-image-element \" style=\"--awb-bottom-shadow-color:var(--awb-color7);--awb-caption-title-font-family:var(--h2_typography-font-family);--awb-caption-title-font-weight:var(--h2_typography-font-weight);--awb-caption-title-font-style:var(--h2_typography-font-style);--awb-caption-title-size:var(--h2_typography-font-size);--awb-caption-title-transform:var(--h2_typography-text-transform);--awb-caption-title-line-height:var(--h2_typography-line-height);--awb-caption-title-letter-spacing:var(--h2_typography-letter-spacing);\"><div class=\"awb-image-frame awb-image-frame-1 awb-bottomshadow\"><span class=\" fusion-imageframe imageframe-bottomshadow imageframe-1 hover-type-none\"><img decoding=\"async\" width=\"1200\" height=\"1600\" alt=\"B\u00fcro Hoofddorp\" title=\"kantoor Hoofddorp\" src=\"https:\/\/dev.vuelandia.com\/wp-content\/uploads\/2023\/11\/289402125_5169716113109941_7901533575630442721_n.jpg\" class=\"img-responsive wp-image-4337\" srcset=\"https:\/\/vuelandia.com\/wp-content\/uploads\/2023\/11\/289402125_5169716113109941_7901533575630442721_n-200x267.jpg 200w, https:\/\/vuelandia.com\/wp-content\/uploads\/2023\/11\/289402125_5169716113109941_7901533575630442721_n-400x533.jpg 400w, https:\/\/vuelandia.com\/wp-content\/uploads\/2023\/11\/289402125_5169716113109941_7901533575630442721_n-600x800.jpg 600w, https:\/\/vuelandia.com\/wp-content\/uploads\/2023\/11\/289402125_5169716113109941_7901533575630442721_n-800x1067.jpg 800w, https:\/\/vuelandia.com\/wp-content\/uploads\/2023\/11\/289402125_5169716113109941_7901533575630442721_n.jpg 1200w\" sizes=\"(max-width: 640px) 100vw, 400px\" \/><\/span><svg xmlns=\"http:\/\/www.w3.org\/2000\/svg\" version=\"1.1\" width=\"100%\" viewBox=\"0 0 600 28\" preserveAspectRatio=\"none\"><g clip-path=\"url(#a)\"><mask id=\"b\" style=\"mask-type:luminance\" maskUnits=\"userSpaceOnUse\" x=\"0\" y=\"0\" width=\"600\" height=\"28\"><path d=\"M0 0h600v28H0V0Z\" fill=\"#fff\"\/><\/mask><g filter=\"url(#c)\" mask=\"url(#b)\"><path d=\"M16.439-18.667h567.123v30.8S438.961-8.4 300-8.4C161.04-8.4 16.438 12.133 16.438 12.133v-30.8Z\" fill=\"#000\"\/><\/g><\/g><defs><clipPath id=\"a\"><path fill=\"#fff\" d=\"M0 0h600v28H0z\"\/><\/clipPath><filter id=\"c\" x=\"5.438\" y=\"-29.667\" width=\"589.123\" height=\"52.8\" filterUnits=\"userSpaceOnUse\" color-interpolation-filters=\"sRGB\"><feFlood flood-opacity=\"0\" result=\"BackgroundImageFix\"\/><feBlend in=\"SourceGraphic\" in2=\"BackgroundImageFix\" result=\"shape\"\/><feGaussianBlur stdDeviation=\"5.5\" result=\"effect1_foregroundBlur_3983_183\"\/><\/filter><\/defs><\/svg><\/div><\/div><\/div><\/div><\/div><\/div>\n","protected":false},"excerpt":{"rendered":"","protected":false},"author":3,"featured_media":0,"parent":0,"menu_order":0,"comment_status":"closed","ping_status":"closed","template":"","meta":{"footnotes":""},"class_list":["post-5076","page","type-page","status-publish","hentry"],"yoast_head":"<!-- This site is optimized with the Yoast SEO plugin v27.2 - https:\/\/yoast.com\/product\/yoast-seo-wordpress\/ -->\n<title>Stellenangebot Mitarbeiter Kundenbetreuung - Vuelandia - Groothandel van de Reisbranche<\/title>\n<meta name=\"robots\" content=\"index, follow, max-snippet:-1, max-image-preview:large, max-video-preview:-1\" \/>\n<link rel=\"canonical\" href=\"https:\/\/vuelandia.com\/de\/stellenangebot-mitarbeiter-kundenbetreuung\/\" \/>\n<meta property=\"og:locale\" content=\"de_DE\" \/>\n<meta property=\"og:type\" content=\"article\" \/>\n<meta property=\"og:title\" content=\"Stellenangebot Mitarbeiter Kundenbetreuung - Vuelandia - Groothandel van de Reisbranche\" \/>\n<meta property=\"og:url\" content=\"https:\/\/vuelandia.com\/de\/stellenangebot-mitarbeiter-kundenbetreuung\/\" \/>\n<meta property=\"og:site_name\" content=\"Vuelandia - Groothandel van de Reisbranche\" \/>\n<meta property=\"article:publisher\" content=\"https:\/\/www.facebook.com\/VuelandiaNederland\" \/>\n<meta property=\"article:modified_time\" content=\"2024-03-04T19:33:07+00:00\" \/>\n<meta name=\"twitter:card\" content=\"summary_large_image\" \/>\n<meta name=\"twitter:label1\" content=\"Gesch\u00e4tzte Lesezeit\" \/>\n\t<meta name=\"twitter:data1\" content=\"12\u00a0Minuten\" \/>\n<script type=\"application\/ld+json\" class=\"yoast-schema-graph\">{\"@context\":\"https:\/\/schema.org\",\"@graph\":[{\"@type\":\"WebPage\",\"@id\":\"https:\/\/vuelandia.com\/de\/stellenangebot-mitarbeiter-kundenbetreuung\/\",\"url\":\"https:\/\/vuelandia.com\/de\/stellenangebot-mitarbeiter-kundenbetreuung\/\",\"name\":\"Stellenangebot Mitarbeiter Kundenbetreuung - Vuelandia - Groothandel van de Reisbranche\",\"isPartOf\":{\"@id\":\"https:\/\/vuelandia.com\/de\/#website\"},\"datePublished\":\"2024-02-08T11:26:50+00:00\",\"dateModified\":\"2024-03-04T19:33:07+00:00\",\"breadcrumb\":{\"@id\":\"https:\/\/vuelandia.com\/de\/stellenangebot-mitarbeiter-kundenbetreuung\/#breadcrumb\"},\"inLanguage\":\"de\",\"potentialAction\":[{\"@type\":\"ReadAction\",\"target\":[\"https:\/\/vuelandia.com\/de\/stellenangebot-mitarbeiter-kundenbetreuung\/\"]}]},{\"@type\":\"BreadcrumbList\",\"@id\":\"https:\/\/vuelandia.com\/de\/stellenangebot-mitarbeiter-kundenbetreuung\/#breadcrumb\",\"itemListElement\":[{\"@type\":\"ListItem\",\"position\":1,\"name\":\"Home\",\"item\":\"https:\/\/vuelandia.com\/de\/vuelandia-startseite\/\"},{\"@type\":\"ListItem\",\"position\":2,\"name\":\"Stellenangebot Mitarbeiter Kundenbetreuung\"}]},{\"@type\":\"WebSite\",\"@id\":\"https:\/\/vuelandia.com\/de\/#website\",\"url\":\"https:\/\/vuelandia.com\/de\/\",\"name\":\"Vuelandia - Groothandel van de reisbranche\",\"description\":\"Eenvoudig toegang tot de wereld van reizen\",\"publisher\":{\"@id\":\"https:\/\/vuelandia.com\/de\/#organization\"},\"potentialAction\":[{\"@type\":\"SearchAction\",\"target\":{\"@type\":\"EntryPoint\",\"urlTemplate\":\"https:\/\/vuelandia.com\/de\/?s={search_term_string}\"},\"query-input\":{\"@type\":\"PropertyValueSpecification\",\"valueRequired\":true,\"valueName\":\"search_term_string\"}}],\"inLanguage\":\"de\"},{\"@type\":\"Organization\",\"@id\":\"https:\/\/vuelandia.com\/de\/#organization\",\"name\":\"Vuelandia - Groothandel van de reisbranche\",\"url\":\"https:\/\/vuelandia.com\/de\/\",\"logo\":{\"@type\":\"ImageObject\",\"inLanguage\":\"de\",\"@id\":\"https:\/\/vuelandia.com\/de\/#\/schema\/logo\/image\/\",\"url\":\"https:\/\/vuelandia.com\/wp-content\/uploads\/2023\/05\/vuelandia_logo_1000x.png\",\"contentUrl\":\"https:\/\/vuelandia.com\/wp-content\/uploads\/2023\/05\/vuelandia_logo_1000x.png\",\"width\":1000,\"height\":168,\"caption\":\"Vuelandia - Groothandel van de reisbranche\"},\"image\":{\"@id\":\"https:\/\/vuelandia.com\/de\/#\/schema\/logo\/image\/\"},\"sameAs\":[\"https:\/\/www.facebook.com\/VuelandiaNederland\",\"https:\/\/www.instagram.com\/vuelandianl\/\",\"https:\/\/nl.linkedin.com\/company\/vuelandia\"]}]}<\/script>\n<!-- \/ Yoast SEO plugin. -->","yoast_head_json":{"title":"Stellenangebot Mitarbeiter Kundenbetreuung - Vuelandia - Groothandel van de Reisbranche","robots":{"index":"index","follow":"follow","max-snippet":"max-snippet:-1","max-image-preview":"max-image-preview:large","max-video-preview":"max-video-preview:-1"},"canonical":"https:\/\/vuelandia.com\/de\/stellenangebot-mitarbeiter-kundenbetreuung\/","og_locale":"de_DE","og_type":"article","og_title":"Stellenangebot Mitarbeiter Kundenbetreuung - Vuelandia - Groothandel van de Reisbranche","og_url":"https:\/\/vuelandia.com\/de\/stellenangebot-mitarbeiter-kundenbetreuung\/","og_site_name":"Vuelandia - Groothandel van de Reisbranche","article_publisher":"https:\/\/www.facebook.com\/VuelandiaNederland","article_modified_time":"2024-03-04T19:33:07+00:00","twitter_card":"summary_large_image","twitter_misc":{"Gesch\u00e4tzte Lesezeit":"12\u00a0Minuten"},"schema":{"@context":"https:\/\/schema.org","@graph":[{"@type":"WebPage","@id":"https:\/\/vuelandia.com\/de\/stellenangebot-mitarbeiter-kundenbetreuung\/","url":"https:\/\/vuelandia.com\/de\/stellenangebot-mitarbeiter-kundenbetreuung\/","name":"Stellenangebot Mitarbeiter Kundenbetreuung - Vuelandia - Groothandel van de Reisbranche","isPartOf":{"@id":"https:\/\/vuelandia.com\/de\/#website"},"datePublished":"2024-02-08T11:26:50+00:00","dateModified":"2024-03-04T19:33:07+00:00","breadcrumb":{"@id":"https:\/\/vuelandia.com\/de\/stellenangebot-mitarbeiter-kundenbetreuung\/#breadcrumb"},"inLanguage":"de","potentialAction":[{"@type":"ReadAction","target":["https:\/\/vuelandia.com\/de\/stellenangebot-mitarbeiter-kundenbetreuung\/"]}]},{"@type":"BreadcrumbList","@id":"https:\/\/vuelandia.com\/de\/stellenangebot-mitarbeiter-kundenbetreuung\/#breadcrumb","itemListElement":[{"@type":"ListItem","position":1,"name":"Home","item":"https:\/\/vuelandia.com\/de\/vuelandia-startseite\/"},{"@type":"ListItem","position":2,"name":"Stellenangebot Mitarbeiter Kundenbetreuung"}]},{"@type":"WebSite","@id":"https:\/\/vuelandia.com\/de\/#website","url":"https:\/\/vuelandia.com\/de\/","name":"Vuelandia - Groothandel van de reisbranche","description":"Eenvoudig toegang tot de wereld van reizen","publisher":{"@id":"https:\/\/vuelandia.com\/de\/#organization"},"potentialAction":[{"@type":"SearchAction","target":{"@type":"EntryPoint","urlTemplate":"https:\/\/vuelandia.com\/de\/?s={search_term_string}"},"query-input":{"@type":"PropertyValueSpecification","valueRequired":true,"valueName":"search_term_string"}}],"inLanguage":"de"},{"@type":"Organization","@id":"https:\/\/vuelandia.com\/de\/#organization","name":"Vuelandia - Groothandel van de reisbranche","url":"https:\/\/vuelandia.com\/de\/","logo":{"@type":"ImageObject","inLanguage":"de","@id":"https:\/\/vuelandia.com\/de\/#\/schema\/logo\/image\/","url":"https:\/\/vuelandia.com\/wp-content\/uploads\/2023\/05\/vuelandia_logo_1000x.png","contentUrl":"https:\/\/vuelandia.com\/wp-content\/uploads\/2023\/05\/vuelandia_logo_1000x.png","width":1000,"height":168,"caption":"Vuelandia - Groothandel van de reisbranche"},"image":{"@id":"https:\/\/vuelandia.com\/de\/#\/schema\/logo\/image\/"},"sameAs":["https:\/\/www.facebook.com\/VuelandiaNederland","https:\/\/www.instagram.com\/vuelandianl\/","https:\/\/nl.linkedin.com\/company\/vuelandia"]}]}},"_links":{"self":[{"href":"https:\/\/vuelandia.com\/de\/wp-json\/wp\/v2\/pages\/5076","targetHints":{"allow":["GET"]}}],"collection":[{"href":"https:\/\/vuelandia.com\/de\/wp-json\/wp\/v2\/pages"}],"about":[{"href":"https:\/\/vuelandia.com\/de\/wp-json\/wp\/v2\/types\/page"}],"author":[{"embeddable":true,"href":"https:\/\/vuelandia.com\/de\/wp-json\/wp\/v2\/users\/3"}],"replies":[{"embeddable":true,"href":"https:\/\/vuelandia.com\/de\/wp-json\/wp\/v2\/comments?post=5076"}],"version-history":[{"count":2,"href":"https:\/\/vuelandia.com\/de\/wp-json\/wp\/v2\/pages\/5076\/revisions"}],"predecessor-version":[{"id":5137,"href":"https:\/\/vuelandia.com\/de\/wp-json\/wp\/v2\/pages\/5076\/revisions\/5137"}],"wp:attachment":[{"href":"https:\/\/vuelandia.com\/de\/wp-json\/wp\/v2\/media?parent=5076"}],"curies":[{"name":"wp","href":"https:\/\/api.w.org\/{rel}","templated":true}]}}