{"id":3852,"date":"2024-01-10T03:48:21","date_gmt":"2024-01-10T03:48:21","guid":{"rendered":"https:\/\/dev.vuelandia.com\/trabajar-en-vuelandia\/"},"modified":"2024-03-16T17:25:36","modified_gmt":"2024-03-16T17:25:36","slug":"trabajar-en-vuelandia","status":"publish","type":"page","link":"https:\/\/vuelandia.com\/es\/trabajar-en-vuelandia\/","title":{"rendered":"Trabajar en Vuelandia"},"content":{"rendered":"<div class=\"fusion-fullwidth fullwidth-box fusion-builder-row-1 fusion-flex-container has-pattern-background has-mask-background nonhundred-percent-fullwidth non-hundred-percent-height-scrolling\" style=\"--awb-border-radius-top-left:0px;--awb-border-radius-top-right:0px;--awb-border-radius-bottom-right:0px;--awb-border-radius-bottom-left:0px;--awb-padding-top:0px;--awb-padding-bottom:60px;--awb-flex-wrap:wrap;\" ><div class=\"fusion-builder-row fusion-row fusion-flex-align-items-flex-start fusion-flex-content-wrap\" style=\"max-width:1248px;margin-left: calc(-4% \/ 2 );margin-right: calc(-4% \/ 2 );\"><div class=\"fusion-layout-column fusion_builder_column fusion-builder-column-0 fusion_builder_column_2_3 2_3 fusion-flex-column\" style=\"--awb-bg-size:cover;--awb-width-large:66.666666666667%;--awb-margin-top-large:0px;--awb-spacing-right-large:2.88%;--awb-margin-bottom-large:0px;--awb-spacing-left-large:2.88%;--awb-width-medium:66.666666666667%;--awb-order-medium:0;--awb-spacing-right-medium:2.88%;--awb-spacing-left-medium:2.88%;--awb-width-small:100%;--awb-order-small:0;--awb-spacing-right-small:1.92%;--awb-spacing-left-small:1.92%;\"><div class=\"fusion-column-wrapper fusion-column-has-shadow fusion-flex-justify-content-flex-start fusion-content-layout-column\"><div class=\"fusion-title title fusion-title-1 fusion-sep-none fusion-title-text fusion-title-size-two\" style=\"--awb-text-color:var(--awb-custom_color_1);--awb-margin-bottom:0px;--awb-margin-top-small:10px;--awb-margin-right-small:0px;--awb-margin-bottom-small:10px;--awb-margin-left-small:0px;--awb-font-size:22px;\"><h2 class=\"fusion-title-heading title-heading-left\" style=\"margin:0;font-size:1em;\">Trabajar en Vuelandia<\/h2><\/div><div class=\"fusion-text fusion-text-1\" style=\"--awb-margin-top:2%;\"><p>En Vuelandia, trabajamos con m\u00e1s de 20 compa\u00f1eros, que trabajan a diario en diferentes departamentos para garantizar que todo se haga a la perfecci\u00f3n para todos los socios minoristas. Esto no implica directamente que ofrezcamos soluciones B2C llave en mano, sino productos de viaje que permiten a las agencias de viajes y organizaciones componer y (re)vender viajes de la forma m\u00e1s sencilla posible. Suelto o armado, nuestro software de reservas de viajes desarrollado internamente hace que buscar y reservar billetes de avi\u00f3n, hoteles, pisos y coches de alquiler, entre otros, sea una operaci\u00f3n sencilla, y cuando es necesario ayudamos con preguntas o peticiones. Para ello, interactuamos principalmente por tel\u00e9fono o correo electr\u00f3nico.<\/p>\n<p>Actualmente tenemos las siguientes vacantes:<\/p>\n<\/div><div class=\"fusion-builder-row fusion-builder-row-inner fusion-row fusion-flex-align-items-flex-start fusion-flex-content-wrap\" style=\"--awb-flex-grow:0;--awb-flex-grow-medium:0;--awb-flex-grow-small:0;--awb-flex-shrink:0;--awb-flex-shrink-medium:0;--awb-flex-shrink-small:0;width:104% !important;max-width:104% !important;margin-left: calc(-4% \/ 2 );margin-right: calc(-4% \/ 2 );\"><div class=\"fusion-layout-column fusion_builder_column_inner fusion-builder-nested-column-0 fusion_builder_column_inner_2_5 2_5 fusion-flex-column\" style=\"--awb-padding-top:20px;--awb-padding-right:20px;--awb-padding-bottom:20px;--awb-padding-left:20px;--awb-bg-color:var(--awb-color3);--awb-bg-color-hover:var(--awb-color3);--awb-bg-size:cover;--awb-width-large:40%;--awb-margin-top-large:0px;--awb-spacing-right-large:4.8%;--awb-margin-bottom-large:0px;--awb-spacing-left-large:4.8%;--awb-width-medium:40%;--awb-order-medium:0;--awb-spacing-right-medium:4.8%;--awb-spacing-left-medium:4.8%;--awb-width-small:100%;--awb-order-small:0;--awb-spacing-right-small:1.92%;--awb-spacing-left-small:1.92%;\" data-scroll-devices=\"small-visibility,medium-visibility,large-visibility\"><div class=\"fusion-column-wrapper fusion-column-has-shadow fusion-flex-justify-content-flex-start fusion-content-layout-column\"><div class=\"fusion-title title fusion-title-2 fusion-sep-none fusion-title-text fusion-title-size-six\" style=\"--awb-margin-top-small:10px;--awb-margin-right-small:0px;--awb-margin-bottom-small:10px;--awb-margin-left-small:0px;\"><h6 class=\"fusion-title-heading title-heading-left\" style=\"margin:0;\">Atenci\u00f3n al empleado<\/h6><\/div><div class=\"fusion-text fusion-text-2\"><p>\u00bfLe gusta relacionarse con clientes y proveedores? \u00bfConoce bien los productos de tarifas a\u00e9reas, hoteles y alquiler de coches? \u00bfY cree que un buen servicio es importante? Entonces estamos &#8230;<\/p>\n<\/div><div ><a class=\"fusion-button button-flat fusion-button-default-size button-default fusion-button-default button-1 fusion-button-default-span fusion-button-default-type\" target=\"_self\" href=\"https:\/\/vuelandia.com\/es\/vacante-empleado-atencion-al-cliente\/\"><i class=\"fa-arrow-right fas awb-button__icon awb-button__icon--default button-icon-left\" aria-hidden=\"true\"><\/i><span class=\"fusion-button-text awb-button__text awb-button__text--default\">M\u00e1s<\/span><\/a><\/div><\/div><\/div><div class=\"fusion-layout-column fusion_builder_column_inner fusion-builder-nested-column-1 fusion_builder_column_inner_2_5 2_5 fusion-flex-column\" style=\"--awb-padding-top:20px;--awb-padding-right:20px;--awb-padding-bottom:20px;--awb-padding-left:20px;--awb-bg-color:var(--awb-color3);--awb-bg-color-hover:var(--awb-color3);--awb-bg-size:cover;--awb-width-large:40%;--awb-margin-top-large:0px;--awb-spacing-right-large:4.8%;--awb-margin-bottom-large:0px;--awb-spacing-left-large:4.8%;--awb-width-medium:40%;--awb-order-medium:0;--awb-spacing-right-medium:4.8%;--awb-spacing-left-medium:4.8%;--awb-width-small:100%;--awb-order-small:0;--awb-spacing-right-small:1.92%;--awb-spacing-left-small:1.92%;\" data-scroll-devices=\"small-visibility,medium-visibility,large-visibility\"><div class=\"fusion-column-wrapper fusion-column-has-shadow fusion-flex-justify-content-flex-start fusion-content-layout-column\"><div class=\"fusion-title title fusion-title-3 fusion-sep-none fusion-title-text fusion-title-size-six\" style=\"--awb-margin-top-small:10px;--awb-margin-right-small:0px;--awb-margin-bottom-small:10px;--awb-margin-left-small:0px;\"><h6 class=\"fusion-title-heading title-heading-left\" style=\"margin:0;\">Empleado de la IATA<\/h6><\/div><div class=\"fusion-text fusion-text-3\"><p>Junto con el equipo de Atenci\u00f3n al Cliente, ser\u00e1 responsable de todas las consultas relacionadas con el servicio tanto de los clientes como de nuestros proveedores. Con su actitud orientada al cliente y a la b\u00fasqueda de soluciones,&#8230;<\/p>\n<\/div><div ><a class=\"fusion-button button-flat fusion-button-default-size button-default fusion-button-default button-2 fusion-button-default-span fusion-button-default-type\" target=\"_self\" href=\"https:\/\/vuelandia.com\/es\/vacante-empleado-iata\/\"><i class=\"fa-arrow-right fas awb-button__icon awb-button__icon--default button-icon-left\" aria-hidden=\"true\"><\/i><span class=\"fusion-button-text awb-button__text awb-button__text--default\">M\u00e1s<\/span><\/a><\/div><\/div><\/div><\/div><div class=\"fusion-text fusion-text-4 fusion-text-no-margin\" style=\"--awb-margin-top:40px;--awb-margin-bottom:40px;\"><p>\u00bfTu trabajo no aparece aqu\u00ed ahora pero te gustar\u00eda trabajar en Vuelandia?<br \/>\nEnv\u00edenos <a href=\"mailto:mikel@vuelandia.com\" target=\"_blank\" rel=\"noopener\">un correo electr\u00f3nico<\/a> con su CV + breve motivaci\u00f3n y nos pondremos en contacto con usted.<\/p>\n<\/div><div class=\"fusion-title title fusion-title-4 fusion-sep-none fusion-title-text fusion-title-size-two\" style=\"--awb-text-color:var(--awb-custom_color_1);--awb-margin-bottom:30px;--awb-margin-top-small:10px;--awb-margin-right-small:0px;--awb-margin-bottom-small:10px;--awb-margin-left-small:0px;--awb-font-size:22px;\"><h2 class=\"fusion-title-heading title-heading-left\" style=\"margin:0;font-size:1em;\">Pr\u00e1cticas en Vuelandia<\/h2><\/div><div class=\"fusion-text fusion-text-5 fusion-text-no-margin\" style=\"--awb-margin-bottom:80px;\"><p>\u00bfEst\u00e1s estudiando turismo u otra carrera relacionada con la hosteler\u00eda o la inform\u00e1tica, buscas unas pr\u00e1cticas y puedes participar al menos cuatro d\u00edas a la semana? Entonces ha venido al lugar adecuado. Vuelandia no s\u00f3lo es una empresa din\u00e1mica con compa\u00f1eros agradables, sino que tambi\u00e9n es una empresa de pr\u00e1cticas reconocida en la que varios estudiantes (tanto de MBO como de HBO) han realizado su trabajo de fin de carrera. Algunos becarios incluso han seguido trabajando con nosotros despu\u00e9s de su periodo de pr\u00e1cticas, lo que supone un gran comienzo para sus carreras profesionales con nosotros.<\/p>\n<p>\u00bfQuieres saber m\u00e1s sobre unas pr\u00e1cticas en Vuelandia? <a href=\"mailto:mikel@vuelandia.com\" target=\"_blank\" rel=\"noopener\">Env\u00edanos<\/a> directamente tu CV y una breve carta de motivaci\u00f3n y nos pondremos en contacto contigo.<\/p>\n<div id=\"content\">\n<div id=\"post-1129\" class=\"post-1129 page type-page status-publish hentry\">\n<div class=\"post-content\">\n<div class=\"fusion-fullwidth fullwidth-box fusion-fullwidth-1 fusion-parallax-none nonhundred-percent-fullwidth\">\n<div class=\"fusion-row\">\n<div class=\"fusion-two-third fusion-layout-column fusion-column-last fusion-spacing-yes\">\n<div class=\"fusion-column-wrapper\">\n<div class=\"fusion-clearfix\"><\/div>\n<\/div>\n<\/div>\n<div class=\"fusion-clearfix\"><\/div>\n<\/div>\n<\/div>\n<\/div>\n<\/div>\n<\/div>\n<\/div><\/div><\/div><div class=\"fusion-layout-column fusion_builder_column fusion-builder-column-1 fusion_builder_column_1_3 1_3 fusion-flex-column\" style=\"--awb-bg-size:cover;--awb-width-large:33.333333333333%;--awb-margin-top-large:0px;--awb-spacing-right-large:5.76%;--awb-margin-bottom-large:20px;--awb-spacing-left-large:5.76%;--awb-width-medium:33.333333333333%;--awb-order-medium:0;--awb-spacing-right-medium:5.76%;--awb-spacing-left-medium:5.76%;--awb-width-small:100%;--awb-order-small:0;--awb-spacing-right-small:1.92%;--awb-spacing-left-small:1.92%;\" data-scroll-devices=\"small-visibility,medium-visibility,large-visibility\"><div class=\"fusion-column-wrapper fusion-column-has-shadow fusion-flex-justify-content-flex-start fusion-content-layout-column\"><div class=\"fusion-separator fusion-full-width-sep\" style=\"align-self: center;margin-left: auto;margin-right: auto;margin-top:40px;width:100%;\"><\/div><div class=\"fusion-image-element \" style=\"--awb-caption-title-font-family:var(--h2_typography-font-family);--awb-caption-title-font-weight:var(--h2_typography-font-weight);--awb-caption-title-font-style:var(--h2_typography-font-style);--awb-caption-title-size:var(--h2_typography-font-size);--awb-caption-title-transform:var(--h2_typography-text-transform);--awb-caption-title-line-height:var(--h2_typography-line-height);--awb-caption-title-letter-spacing:var(--h2_typography-letter-spacing);\"><span class=\" fusion-imageframe imageframe-none imageframe-1 hover-type-none\"><img decoding=\"async\" width=\"1200\" height=\"1600\" alt=\"Oficina de Hoofddorp\" title=\"kantoor Hoofddorp\" src=\"https:\/\/vuelandia.com\/wp-content\/uploads\/2023\/11\/289402125_5169716113109941_7901533575630442721_n.jpg\" class=\"img-responsive wp-image-3467\" srcset=\"https:\/\/vuelandia.com\/wp-content\/uploads\/2023\/11\/289402125_5169716113109941_7901533575630442721_n-200x267.jpg 200w, https:\/\/vuelandia.com\/wp-content\/uploads\/2023\/11\/289402125_5169716113109941_7901533575630442721_n-400x533.jpg 400w, https:\/\/vuelandia.com\/wp-content\/uploads\/2023\/11\/289402125_5169716113109941_7901533575630442721_n-600x800.jpg 600w, https:\/\/vuelandia.com\/wp-content\/uploads\/2023\/11\/289402125_5169716113109941_7901533575630442721_n-800x1067.jpg 800w, https:\/\/vuelandia.com\/wp-content\/uploads\/2023\/11\/289402125_5169716113109941_7901533575630442721_n.jpg 1200w\" sizes=\"(max-width: 640px) 100vw, 400px\" \/><\/span><\/div><\/div><\/div><\/div><\/div>\n","protected":false},"excerpt":{"rendered":"","protected":false},"author":1,"featured_media":0,"parent":0,"menu_order":0,"comment_status":"closed","ping_status":"closed","template":"","meta":{"footnotes":""},"class_list":["post-3852","page","type-page","status-publish","hentry"],"yoast_head":"<!-- This site is optimized with the Yoast SEO plugin v27.2 - https:\/\/yoast.com\/product\/yoast-seo-wordpress\/ -->\n<title>Trabajar en Vuelandia - Vuelandia - Groothandel van de Reisbranche<\/title>\n<meta name=\"robots\" content=\"index, follow, max-snippet:-1, max-image-preview:large, max-video-preview:-1\" \/>\n<link rel=\"canonical\" href=\"https:\/\/vuelandia.com\/es\/trabajar-en-vuelandia\/\" \/>\n<meta property=\"og:locale\" content=\"es_ES\" \/>\n<meta property=\"og:type\" content=\"article\" \/>\n<meta property=\"og:title\" content=\"Trabajar en Vuelandia - Vuelandia - Groothandel van de Reisbranche\" \/>\n<meta property=\"og:url\" content=\"https:\/\/vuelandia.com\/es\/trabajar-en-vuelandia\/\" \/>\n<meta property=\"og:site_name\" content=\"Vuelandia - Groothandel van de Reisbranche\" \/>\n<meta property=\"article:publisher\" content=\"https:\/\/www.facebook.com\/VuelandiaNederland\" \/>\n<meta property=\"article:modified_time\" content=\"2024-03-16T17:25:36+00:00\" \/>\n<meta name=\"twitter:card\" content=\"summary_large_image\" \/>\n<meta name=\"twitter:label1\" content=\"Tiempo de lectura\" \/>\n\t<meta name=\"twitter:data1\" content=\"23 minutos\" \/>\n<script type=\"application\/ld+json\" class=\"yoast-schema-graph\">{\"@context\":\"https:\/\/schema.org\",\"@graph\":[{\"@type\":\"WebPage\",\"@id\":\"https:\/\/vuelandia.com\/es\/trabajar-en-vuelandia\/\",\"url\":\"https:\/\/vuelandia.com\/es\/trabajar-en-vuelandia\/\",\"name\":\"Trabajar en Vuelandia - Vuelandia - Groothandel van de Reisbranche\",\"isPartOf\":{\"@id\":\"https:\/\/vuelandia.com\/es\/#website\"},\"datePublished\":\"2024-01-10T03:48:21+00:00\",\"dateModified\":\"2024-03-16T17:25:36+00:00\",\"breadcrumb\":{\"@id\":\"https:\/\/vuelandia.com\/es\/trabajar-en-vuelandia\/#breadcrumb\"},\"inLanguage\":\"es\",\"potentialAction\":[{\"@type\":\"ReadAction\",\"target\":[\"https:\/\/vuelandia.com\/es\/trabajar-en-vuelandia\/\"]}]},{\"@type\":\"BreadcrumbList\",\"@id\":\"https:\/\/vuelandia.com\/es\/trabajar-en-vuelandia\/#breadcrumb\",\"itemListElement\":[{\"@type\":\"ListItem\",\"position\":1,\"name\":\"Home\",\"item\":\"https:\/\/vuelandia.com\/es\/home-alternate-2\/\"},{\"@type\":\"ListItem\",\"position\":2,\"name\":\"Trabajar en Vuelandia\"}]},{\"@type\":\"WebSite\",\"@id\":\"https:\/\/vuelandia.com\/es\/#website\",\"url\":\"https:\/\/vuelandia.com\/es\/\",\"name\":\"Vuelandia - Groothandel van de reisbranche\",\"description\":\"Eenvoudig toegang tot de wereld van reizen\",\"publisher\":{\"@id\":\"https:\/\/vuelandia.com\/es\/#organization\"},\"potentialAction\":[{\"@type\":\"SearchAction\",\"target\":{\"@type\":\"EntryPoint\",\"urlTemplate\":\"https:\/\/vuelandia.com\/es\/?s={search_term_string}\"},\"query-input\":{\"@type\":\"PropertyValueSpecification\",\"valueRequired\":true,\"valueName\":\"search_term_string\"}}],\"inLanguage\":\"es\"},{\"@type\":\"Organization\",\"@id\":\"https:\/\/vuelandia.com\/es\/#organization\",\"name\":\"Vuelandia - Groothandel van de reisbranche\",\"url\":\"https:\/\/vuelandia.com\/es\/\",\"logo\":{\"@type\":\"ImageObject\",\"inLanguage\":\"es\",\"@id\":\"https:\/\/vuelandia.com\/es\/#\/schema\/logo\/image\/\",\"url\":\"https:\/\/vuelandia.com\/wp-content\/uploads\/2023\/05\/vuelandia_logo_1000x.png\",\"contentUrl\":\"https:\/\/vuelandia.com\/wp-content\/uploads\/2023\/05\/vuelandia_logo_1000x.png\",\"width\":1000,\"height\":168,\"caption\":\"Vuelandia - Groothandel van de reisbranche\"},\"image\":{\"@id\":\"https:\/\/vuelandia.com\/es\/#\/schema\/logo\/image\/\"},\"sameAs\":[\"https:\/\/www.facebook.com\/VuelandiaNederland\",\"https:\/\/www.instagram.com\/vuelandianl\/\",\"https:\/\/nl.linkedin.com\/company\/vuelandia\"]}]}<\/script>\n<!-- \/ Yoast SEO plugin. -->","yoast_head_json":{"title":"Trabajar en Vuelandia - Vuelandia - Groothandel van de Reisbranche","robots":{"index":"index","follow":"follow","max-snippet":"max-snippet:-1","max-image-preview":"max-image-preview:large","max-video-preview":"max-video-preview:-1"},"canonical":"https:\/\/vuelandia.com\/es\/trabajar-en-vuelandia\/","og_locale":"es_ES","og_type":"article","og_title":"Trabajar en Vuelandia - Vuelandia - Groothandel van de Reisbranche","og_url":"https:\/\/vuelandia.com\/es\/trabajar-en-vuelandia\/","og_site_name":"Vuelandia - Groothandel van de Reisbranche","article_publisher":"https:\/\/www.facebook.com\/VuelandiaNederland","article_modified_time":"2024-03-16T17:25:36+00:00","twitter_card":"summary_large_image","twitter_misc":{"Tiempo de lectura":"23 minutos"},"schema":{"@context":"https:\/\/schema.org","@graph":[{"@type":"WebPage","@id":"https:\/\/vuelandia.com\/es\/trabajar-en-vuelandia\/","url":"https:\/\/vuelandia.com\/es\/trabajar-en-vuelandia\/","name":"Trabajar en Vuelandia - Vuelandia - Groothandel van de Reisbranche","isPartOf":{"@id":"https:\/\/vuelandia.com\/es\/#website"},"datePublished":"2024-01-10T03:48:21+00:00","dateModified":"2024-03-16T17:25:36+00:00","breadcrumb":{"@id":"https:\/\/vuelandia.com\/es\/trabajar-en-vuelandia\/#breadcrumb"},"inLanguage":"es","potentialAction":[{"@type":"ReadAction","target":["https:\/\/vuelandia.com\/es\/trabajar-en-vuelandia\/"]}]},{"@type":"BreadcrumbList","@id":"https:\/\/vuelandia.com\/es\/trabajar-en-vuelandia\/#breadcrumb","itemListElement":[{"@type":"ListItem","position":1,"name":"Home","item":"https:\/\/vuelandia.com\/es\/home-alternate-2\/"},{"@type":"ListItem","position":2,"name":"Trabajar en Vuelandia"}]},{"@type":"WebSite","@id":"https:\/\/vuelandia.com\/es\/#website","url":"https:\/\/vuelandia.com\/es\/","name":"Vuelandia - Groothandel van de reisbranche","description":"Eenvoudig toegang tot de wereld van reizen","publisher":{"@id":"https:\/\/vuelandia.com\/es\/#organization"},"potentialAction":[{"@type":"SearchAction","target":{"@type":"EntryPoint","urlTemplate":"https:\/\/vuelandia.com\/es\/?s={search_term_string}"},"query-input":{"@type":"PropertyValueSpecification","valueRequired":true,"valueName":"search_term_string"}}],"inLanguage":"es"},{"@type":"Organization","@id":"https:\/\/vuelandia.com\/es\/#organization","name":"Vuelandia - Groothandel van de reisbranche","url":"https:\/\/vuelandia.com\/es\/","logo":{"@type":"ImageObject","inLanguage":"es","@id":"https:\/\/vuelandia.com\/es\/#\/schema\/logo\/image\/","url":"https:\/\/vuelandia.com\/wp-content\/uploads\/2023\/05\/vuelandia_logo_1000x.png","contentUrl":"https:\/\/vuelandia.com\/wp-content\/uploads\/2023\/05\/vuelandia_logo_1000x.png","width":1000,"height":168,"caption":"Vuelandia - Groothandel van de reisbranche"},"image":{"@id":"https:\/\/vuelandia.com\/es\/#\/schema\/logo\/image\/"},"sameAs":["https:\/\/www.facebook.com\/VuelandiaNederland","https:\/\/www.instagram.com\/vuelandianl\/","https:\/\/nl.linkedin.com\/company\/vuelandia"]}]}},"_links":{"self":[{"href":"https:\/\/vuelandia.com\/es\/wp-json\/wp\/v2\/pages\/3852","targetHints":{"allow":["GET"]}}],"collection":[{"href":"https:\/\/vuelandia.com\/es\/wp-json\/wp\/v2\/pages"}],"about":[{"href":"https:\/\/vuelandia.com\/es\/wp-json\/wp\/v2\/types\/page"}],"author":[{"embeddable":true,"href":"https:\/\/vuelandia.com\/es\/wp-json\/wp\/v2\/users\/1"}],"replies":[{"embeddable":true,"href":"https:\/\/vuelandia.com\/es\/wp-json\/wp\/v2\/comments?post=3852"}],"version-history":[{"count":6,"href":"https:\/\/vuelandia.com\/es\/wp-json\/wp\/v2\/pages\/3852\/revisions"}],"predecessor-version":[{"id":7002,"href":"https:\/\/vuelandia.com\/es\/wp-json\/wp\/v2\/pages\/3852\/revisions\/7002"}],"wp:attachment":[{"href":"https:\/\/vuelandia.com\/es\/wp-json\/wp\/v2\/media?parent=3852"}],"curies":[{"name":"wp","href":"https:\/\/api.w.org\/{rel}","templated":true}]}}