{"id":3859,"date":"2024-01-15T15:51:43","date_gmt":"2024-01-15T15:51:43","guid":{"rendered":"https:\/\/vuelandia.com\/software-de-reservas-de-viajes\/"},"modified":"2025-02-21T15:43:00","modified_gmt":"2025-02-21T15:43:00","slug":"software-de-reservas-de-viajes","status":"publish","type":"page","link":"https:\/\/vuelandia.com\/es\/software-de-reservas-de-viajes\/","title":{"rendered":"Software de reservas de viajes"},"content":{"rendered":"<div class=\"fusion-fullwidth fullwidth-box fusion-builder-row-1 fusion-flex-container has-pattern-background has-mask-background nonhundred-percent-fullwidth non-hundred-percent-height-scrolling\" style=\"--awb-border-radius-top-left:0px;--awb-border-radius-top-right:0px;--awb-border-radius-bottom-right:0px;--awb-border-radius-bottom-left:0px;--awb-padding-top:60px;--awb-padding-right:10%;--awb-padding-bottom:130px;--awb-padding-left:10%;--awb-flex-wrap:wrap;\" ><div class=\"fusion-builder-row fusion-row fusion-flex-align-items-flex-start fusion-flex-content-wrap\" style=\"max-width:1248px;margin-left: calc(-4% \/ 2 );margin-right: calc(-4% \/ 2 );\"><div class=\"fusion-layout-column fusion_builder_column fusion-builder-column-0 fusion_builder_column_2_3 2_3 fusion-flex-column\" style=\"--awb-bg-size:cover;--awb-width-large:66.666666666667%;--awb-margin-top-large:0px;--awb-spacing-right-large:11.52%;--awb-margin-bottom-large:20px;--awb-spacing-left-large:2.88%;--awb-width-medium:66.666666666667%;--awb-order-medium:0;--awb-spacing-right-medium:11.52%;--awb-spacing-left-medium:2.88%;--awb-width-small:100%;--awb-order-small:0;--awb-spacing-right-small:1.92%;--awb-spacing-left-small:1.92%;\" data-scroll-devices=\"small-visibility,medium-visibility,large-visibility\"><div class=\"fusion-column-wrapper fusion-column-has-shadow fusion-flex-justify-content-flex-start fusion-content-layout-column\"><div class=\"fusion-title title fusion-title-1 fusion-sep-none fusion-title-text fusion-title-size-three\" style=\"--awb-margin-top-small:10px;--awb-margin-right-small:0px;--awb-margin-bottom-small:10px;--awb-margin-left-small:0px;--awb-font-size:22px;\"><h3 class=\"fusion-title-heading title-heading-left\" style=\"margin:0;font-size:1em;\">Tecnolog\u00eda avanzada y completa para viajes a medida<\/h3><\/div><div class=\"fusion-separator\" style=\"align-self: flex-start;margin-right:auto;margin-top:20px;margin-bottom:30px;width:100%;max-width:10%;\"><div class=\"fusion-separator-border sep-single sep-solid\" style=\"--awb-height:20px;--awb-amount:20px;--awb-sep-color:var(--awb-color5);border-color:var(--awb-color5);border-top-width:1px;\"><\/div><\/div><div class=\"fusion-text fusion-text-1\"><p>Nuestro navegador de viajes contiene las plataformas de reserva B2B para buscar, comparar y reservar vuelos, hoteles y alquiler de coches. Adem\u00e1s de su papel como consolidador de reservas de vuelos y plataforma de reservas para sus otros productos de viajes, Vuelandia tambi\u00e9n desarrolla tecnolog\u00eda avanzada para el sector de los viajes. \u00bfDesea ofrecer billetes de avi\u00f3n en su propio sitio web o aplicar API\/XML junto con el empaquetado din\u00e1mico? Entonces ha venido al lugar adecuado. El sistema inform\u00e1tico de Vuelandia est\u00e1 conectado a nuestro propio sistema de adquisiciones, por lo que compramos al por mayor y podemos ofrecer siempre los precios m\u00e1s competitivos.<\/p>\n<h6>Vinculaci\u00f3n de los datos de la empresa mediante API\/XML<\/h6>\n<p>API\/XML no es m\u00e1s que la comunicaci\u00f3n inteligente de datos entre datos empresariales. Esto le permite intercambiar f\u00e1cilmente datos de proveedores y\/o integrarlos en su propio entorno. Por ejemplo, si desea utilizar un proveedor espec\u00edfico de Vuelandia sin utilizar el Navegador de Viaje, podemos establecer f\u00e1cilmente una conexi\u00f3n en tiempo real. Para nuestros clientes, esto significa utilizar procesos automatizados y, en \u00faltima instancia, reducir costes.<\/p>\n<h6>Un entorno de reserva al estilo de su casa<\/h6>\n<p>Con un sitio web CMS Whitelabel, puede vender productos de viajes como agente de viajes u organizaci\u00f3n a trav\u00e9s de su propio sitio web, que dise\u00f1amos totalmente a su estilo. Todos los m\u00f3dulos deseados est\u00e1n totalmente integrados en el entorno y usted no tiene que preocuparse m\u00e1s de las TI. Esto le permite utilizar un sitio web responsivo con acceso directo a las herramientas de b\u00fasqueda y reserva de vuelos, hoteles o alquiler de coches o una combinaci\u00f3n de estos. \u00bfQuiere integrar tambi\u00e9n a sus proveedores externos actuales? Eso tambi\u00e9n es posible.<\/p>\n<\/div><div class=\"fusion-text fusion-text-2\"><h6>Las ventajas de nuestra tecnolog\u00eda de viajes de un vistazo:<\/h6>\n<ul>\n<li>Gracias a nuestro elevado uso y a la solidez de nuestras compras, ofrecemos precios competitivos y una buena disponibilidad.<\/li>\n<li>Se puede utilizar en varios idiomas y monedas<\/li>\n<li>Es posible activar proveedores y contratos propios<\/li>\n<li>La integraci\u00f3n XML ofrece una \u00fanica conexi\u00f3n y un \u00fanico punto de contacto con m\u00faltiples proveedores<\/li>\n<li>Proporcionamos a trav\u00e9s de XML una oferta multiplataforma de todas las compa\u00f1\u00edas a\u00e9reas y hoteles regulares y de bajo coste<\/li>\n<\/ul>\n<\/div><\/div><\/div><div class=\"fusion-layout-column fusion_builder_column fusion-builder-column-1 fusion_builder_column_1_3 1_3 fusion-flex-column\" style=\"--awb-bg-size:cover;--awb-width-large:33.333333333333%;--awb-margin-top-large:0px;--awb-spacing-right-large:5.76%;--awb-margin-bottom-large:20px;--awb-spacing-left-large:5.76%;--awb-width-medium:33.333333333333%;--awb-order-medium:0;--awb-spacing-right-medium:5.76%;--awb-spacing-left-medium:5.76%;--awb-width-small:100%;--awb-order-small:0;--awb-spacing-right-small:1.92%;--awb-spacing-left-small:1.92%;\" data-scroll-devices=\"small-visibility,medium-visibility,large-visibility\"><div class=\"fusion-column-wrapper fusion-column-has-shadow fusion-flex-justify-content-flex-start fusion-content-layout-column\"><div class=\"fusion-separator fusion-no-medium-visibility fusion-no-large-visibility fusion-has-icon\" style=\"align-self: center;margin-left: auto;margin-right: auto;margin-top:20px;margin-bottom:40px;width:100%;max-width:75%;\"><div class=\"fusion-separator-border sep-single sep-solid\" style=\"--awb-height:20px;--awb-amount:20px;--awb-sep-color:var(--awb-custom_color_1);border-color:var(--awb-custom_color_1);border-top-width:1px;\"><\/div><span class=\"icon-wrapper\" style=\"border-color:var(--awb-custom_color_1);background-color:rgba(255,255,255,0);font-size:16px;width: 1.75em; height: 1.75em;border-width:1px;padding:1px;margin-top:-0.5px\"><i class=\"fa-info-circle fas\" style=\"font-size: inherit;color:var(--awb-color3);\" aria-hidden=\"true\"><\/i><\/span><div class=\"fusion-separator-border sep-single sep-solid\" style=\"--awb-height:20px;--awb-amount:20px;--awb-sep-color:var(--awb-custom_color_1);border-color:var(--awb-custom_color_1);border-top-width:1px;\"><\/div><\/div><div class=\"fusion-content-boxes content-boxes columns row fusion-columns-1 fusion-columns-total-1 fusion-content-boxes-1 content-boxes-icon-with-title content-left\" style=\"--awb-backgroundcolor:var(--awb-color3);--awb-border-radius-top-left:20px;--awb-border-radius-top-right:20px;--awb-border-radius-bottom-right:20px;--awb-border-radius-bottom-left:20px;--awb-title-color:var(--awb-color5);--awb-iconcolor:var(--awb-custom_color_3);--awb-hover-accent-color:var(--awb-custom_color_3);--awb-circle-hover-accent-color:var(--awb-custom_color_3);--awb-item-margin-bottom:40px;\" data-animationOffset=\"top-into-view\"><div style=\"--awb-backgroundcolor:var(--awb-color3);--awb-iconcolor:var(--awb-custom_color_3);\" class=\"fusion-column content-box-column content-box-column content-box-column-1 col-lg-12 col-md-12 col-sm-12 fusion-content-box-hover content-box-column-last content-box-column-last-in-row\"><div class=\"col content-box-wrapper content-wrapper-background link-area-link-icon content-icon-wrapper-yes icon-hover-animation-fade\" data-animationOffset=\"top-into-view\"><div class=\"heading heading-with-icon icon-left\"><div class=\"icon\"><span style=\"height:42px;width:42px;line-height:22px;border-color:rgba(255,255,255,0);border-width:1px;border-style:solid;background-color:var(--awb-custom_color_1);box-sizing:content-box;border-radius:50%;\"><i style=\"border-color:var(--awb-custom_color_1);border-width:1px;background-color:var(--awb-custom_color_2);box-sizing:content-box;height:40px;width:40px;line-height:40px;border-radius:50%;position:relative;top:auto;left:auto;margin:0;border-radius:50%;font-size:20px;\" aria-hidden=\"true\" class=\"fontawesome-icon fa-border-all fas circle-yes\"><\/i><\/span><\/div><h2 class=\"content-box-heading\" style=\"--h2_typography-font-size:18px;line-height:23px;\">Todos los productos de viaje disponibles en un solo entorno<\/h2><\/div><div class=\"fusion-clearfix\"><\/div><div class=\"content-container\">\n<p><img decoding=\"async\" class=\"alignnone wp-image-7506 size-full\" src=\"https:\/\/vuelandia.com\/wp-content\/uploads\/2025\/02\/vuelandia_travel_navigator.png\" alt=\"\" width=\"1280\" height=\"674\" srcset=\"https:\/\/vuelandia.com\/wp-content\/uploads\/2025\/02\/vuelandia_travel_navigator-200x105.png 200w, https:\/\/vuelandia.com\/wp-content\/uploads\/2025\/02\/vuelandia_travel_navigator-300x158.png 300w, https:\/\/vuelandia.com\/wp-content\/uploads\/2025\/02\/vuelandia_travel_navigator-400x211.png 400w, https:\/\/vuelandia.com\/wp-content\/uploads\/2025\/02\/vuelandia_travel_navigator-600x316.png 600w, https:\/\/vuelandia.com\/wp-content\/uploads\/2025\/02\/vuelandia_travel_navigator-768x404.png 768w, https:\/\/vuelandia.com\/wp-content\/uploads\/2025\/02\/vuelandia_travel_navigator-800x421.png 800w, https:\/\/vuelandia.com\/wp-content\/uploads\/2025\/02\/vuelandia_travel_navigator-1024x539.png 1024w, https:\/\/vuelandia.com\/wp-content\/uploads\/2025\/02\/vuelandia_travel_navigator-1200x632.png 1200w, https:\/\/vuelandia.com\/wp-content\/uploads\/2025\/02\/vuelandia_travel_navigator.png 1280w\" sizes=\"(max-width: 1280px) 100vw, 1280px\" \/><\/p>\n<p>Travel Navigator le proporciona todas las herramientas necesarias en un \u00fanico entorno para cumplir la funci\u00f3n de organizador de viajes de forma r\u00e1pida y sencilla. Tanto si es una organizaci\u00f3n IATA como si no lo es. El Navegador de viajes es una plataforma de f\u00e1cil uso equipada con las \u00faltimas novedades y en la que se ofrecen numerosos productos, como billetes de avi\u00f3n, alojamiento, alquiler de coches y traslados. Y para facilitarle a\u00fan m\u00e1s las cosas, las reservas de vuelos, hoteles y alquiler de coches pasan autom\u00e1ticamente a BAS, con la que tenemos un enlace (de recapitulaci\u00f3n). Esto te ahorra mucho trabajo.<\/p>\n<p>Nuestras alianzas internacionales y el aprovisionamiento competitivo con empresas fiables nos permiten ofrecer tarifas competitivas. Por \u00faltimo, pero no menos importante, como socio B2B, siempre trabajamos con precios de compra en los que usted, como operador tur\u00edstico, puede determinar su propio margen.<\/p>\n<\/div><\/div><\/div><div class=\"fusion-clearfix\"><\/div><\/div><\/div><\/div><\/div><\/div>\n","protected":false},"excerpt":{"rendered":"","protected":false},"author":3,"featured_media":0,"parent":0,"menu_order":0,"comment_status":"closed","ping_status":"closed","template":"100-width.php","meta":{"footnotes":""},"class_list":["post-3859","page","type-page","status-publish","hentry"],"yoast_head":"<!-- This site is optimized with the Yoast SEO plugin v27.2 - https:\/\/yoast.com\/product\/yoast-seo-wordpress\/ -->\n<title>Software de reservas de viajes - Vuelandia - Groothandel van de Reisbranche<\/title>\n<meta name=\"robots\" content=\"index, follow, max-snippet:-1, max-image-preview:large, max-video-preview:-1\" \/>\n<link rel=\"canonical\" href=\"https:\/\/vuelandia.com\/es\/software-de-reservas-de-viajes\/\" \/>\n<meta property=\"og:locale\" content=\"es_ES\" \/>\n<meta property=\"og:type\" content=\"article\" \/>\n<meta property=\"og:title\" content=\"Software de reservas de viajes - Vuelandia - Groothandel van de Reisbranche\" \/>\n<meta property=\"og:url\" content=\"https:\/\/vuelandia.com\/es\/software-de-reservas-de-viajes\/\" \/>\n<meta property=\"og:site_name\" content=\"Vuelandia - Groothandel van de Reisbranche\" \/>\n<meta property=\"article:publisher\" content=\"https:\/\/www.facebook.com\/VuelandiaNederland\" \/>\n<meta property=\"article:modified_time\" content=\"2025-02-21T15:43:00+00:00\" \/>\n<meta property=\"og:image\" content=\"https:\/\/vuelandia.com\/wp-content\/uploads\/2025\/02\/vuelandia_travel_navigator.png\" \/>\n\t<meta property=\"og:image:width\" content=\"1280\" \/>\n\t<meta property=\"og:image:height\" content=\"674\" \/>\n\t<meta property=\"og:image:type\" content=\"image\/png\" \/>\n<meta name=\"twitter:card\" content=\"summary_large_image\" \/>\n<meta name=\"twitter:label1\" content=\"Tiempo de lectura\" \/>\n\t<meta name=\"twitter:data1\" content=\"3 minutos\" \/>\n<script type=\"application\/ld+json\" class=\"yoast-schema-graph\">{\"@context\":\"https:\/\/schema.org\",\"@graph\":[{\"@type\":\"WebPage\",\"@id\":\"https:\/\/vuelandia.com\/es\/software-de-reservas-de-viajes\/\",\"url\":\"https:\/\/vuelandia.com\/es\/software-de-reservas-de-viajes\/\",\"name\":\"Software de reservas de viajes - Vuelandia - Groothandel van de Reisbranche\",\"isPartOf\":{\"@id\":\"https:\/\/vuelandia.com\/es\/#website\"},\"primaryImageOfPage\":{\"@id\":\"https:\/\/vuelandia.com\/es\/software-de-reservas-de-viajes\/#primaryimage\"},\"image\":{\"@id\":\"https:\/\/vuelandia.com\/es\/software-de-reservas-de-viajes\/#primaryimage\"},\"thumbnailUrl\":\"https:\/\/vuelandia.com\/wp-content\/uploads\/2025\/02\/vuelandia_travel_navigator.png\",\"datePublished\":\"2024-01-15T15:51:43+00:00\",\"dateModified\":\"2025-02-21T15:43:00+00:00\",\"breadcrumb\":{\"@id\":\"https:\/\/vuelandia.com\/es\/software-de-reservas-de-viajes\/#breadcrumb\"},\"inLanguage\":\"es\",\"potentialAction\":[{\"@type\":\"ReadAction\",\"target\":[\"https:\/\/vuelandia.com\/es\/software-de-reservas-de-viajes\/\"]}]},{\"@type\":\"ImageObject\",\"inLanguage\":\"es\",\"@id\":\"https:\/\/vuelandia.com\/es\/software-de-reservas-de-viajes\/#primaryimage\",\"url\":\"https:\/\/vuelandia.com\/wp-content\/uploads\/2025\/02\/vuelandia_travel_navigator.png\",\"contentUrl\":\"https:\/\/vuelandia.com\/wp-content\/uploads\/2025\/02\/vuelandia_travel_navigator.png\"},{\"@type\":\"BreadcrumbList\",\"@id\":\"https:\/\/vuelandia.com\/es\/software-de-reservas-de-viajes\/#breadcrumb\",\"itemListElement\":[{\"@type\":\"ListItem\",\"position\":1,\"name\":\"Home\",\"item\":\"https:\/\/vuelandia.com\/es\/home-alternate-2\/\"},{\"@type\":\"ListItem\",\"position\":2,\"name\":\"Software de reservas de viajes\"}]},{\"@type\":\"WebSite\",\"@id\":\"https:\/\/vuelandia.com\/es\/#website\",\"url\":\"https:\/\/vuelandia.com\/es\/\",\"name\":\"Vuelandia - Groothandel van de reisbranche\",\"description\":\"Eenvoudig toegang tot de wereld van reizen\",\"publisher\":{\"@id\":\"https:\/\/vuelandia.com\/es\/#organization\"},\"potentialAction\":[{\"@type\":\"SearchAction\",\"target\":{\"@type\":\"EntryPoint\",\"urlTemplate\":\"https:\/\/vuelandia.com\/es\/?s={search_term_string}\"},\"query-input\":{\"@type\":\"PropertyValueSpecification\",\"valueRequired\":true,\"valueName\":\"search_term_string\"}}],\"inLanguage\":\"es\"},{\"@type\":\"Organization\",\"@id\":\"https:\/\/vuelandia.com\/es\/#organization\",\"name\":\"Vuelandia - Groothandel van de reisbranche\",\"url\":\"https:\/\/vuelandia.com\/es\/\",\"logo\":{\"@type\":\"ImageObject\",\"inLanguage\":\"es\",\"@id\":\"https:\/\/vuelandia.com\/es\/#\/schema\/logo\/image\/\",\"url\":\"https:\/\/vuelandia.com\/wp-content\/uploads\/2023\/05\/vuelandia_logo_1000x.png\",\"contentUrl\":\"https:\/\/vuelandia.com\/wp-content\/uploads\/2023\/05\/vuelandia_logo_1000x.png\",\"width\":1000,\"height\":168,\"caption\":\"Vuelandia - Groothandel van de reisbranche\"},\"image\":{\"@id\":\"https:\/\/vuelandia.com\/es\/#\/schema\/logo\/image\/\"},\"sameAs\":[\"https:\/\/www.facebook.com\/VuelandiaNederland\",\"https:\/\/www.instagram.com\/vuelandianl\/\",\"https:\/\/nl.linkedin.com\/company\/vuelandia\"]}]}<\/script>\n<!-- \/ Yoast SEO plugin. -->","yoast_head_json":{"title":"Software de reservas de viajes - Vuelandia - Groothandel van de Reisbranche","robots":{"index":"index","follow":"follow","max-snippet":"max-snippet:-1","max-image-preview":"max-image-preview:large","max-video-preview":"max-video-preview:-1"},"canonical":"https:\/\/vuelandia.com\/es\/software-de-reservas-de-viajes\/","og_locale":"es_ES","og_type":"article","og_title":"Software de reservas de viajes - Vuelandia - Groothandel van de Reisbranche","og_url":"https:\/\/vuelandia.com\/es\/software-de-reservas-de-viajes\/","og_site_name":"Vuelandia - Groothandel van de Reisbranche","article_publisher":"https:\/\/www.facebook.com\/VuelandiaNederland","article_modified_time":"2025-02-21T15:43:00+00:00","og_image":[{"width":1280,"height":674,"url":"https:\/\/vuelandia.com\/wp-content\/uploads\/2025\/02\/vuelandia_travel_navigator.png","type":"image\/png"}],"twitter_card":"summary_large_image","twitter_misc":{"Tiempo de lectura":"3 minutos"},"schema":{"@context":"https:\/\/schema.org","@graph":[{"@type":"WebPage","@id":"https:\/\/vuelandia.com\/es\/software-de-reservas-de-viajes\/","url":"https:\/\/vuelandia.com\/es\/software-de-reservas-de-viajes\/","name":"Software de reservas de viajes - Vuelandia - Groothandel van de Reisbranche","isPartOf":{"@id":"https:\/\/vuelandia.com\/es\/#website"},"primaryImageOfPage":{"@id":"https:\/\/vuelandia.com\/es\/software-de-reservas-de-viajes\/#primaryimage"},"image":{"@id":"https:\/\/vuelandia.com\/es\/software-de-reservas-de-viajes\/#primaryimage"},"thumbnailUrl":"https:\/\/vuelandia.com\/wp-content\/uploads\/2025\/02\/vuelandia_travel_navigator.png","datePublished":"2024-01-15T15:51:43+00:00","dateModified":"2025-02-21T15:43:00+00:00","breadcrumb":{"@id":"https:\/\/vuelandia.com\/es\/software-de-reservas-de-viajes\/#breadcrumb"},"inLanguage":"es","potentialAction":[{"@type":"ReadAction","target":["https:\/\/vuelandia.com\/es\/software-de-reservas-de-viajes\/"]}]},{"@type":"ImageObject","inLanguage":"es","@id":"https:\/\/vuelandia.com\/es\/software-de-reservas-de-viajes\/#primaryimage","url":"https:\/\/vuelandia.com\/wp-content\/uploads\/2025\/02\/vuelandia_travel_navigator.png","contentUrl":"https:\/\/vuelandia.com\/wp-content\/uploads\/2025\/02\/vuelandia_travel_navigator.png"},{"@type":"BreadcrumbList","@id":"https:\/\/vuelandia.com\/es\/software-de-reservas-de-viajes\/#breadcrumb","itemListElement":[{"@type":"ListItem","position":1,"name":"Home","item":"https:\/\/vuelandia.com\/es\/home-alternate-2\/"},{"@type":"ListItem","position":2,"name":"Software de reservas de viajes"}]},{"@type":"WebSite","@id":"https:\/\/vuelandia.com\/es\/#website","url":"https:\/\/vuelandia.com\/es\/","name":"Vuelandia - Groothandel van de reisbranche","description":"Eenvoudig toegang tot de wereld van reizen","publisher":{"@id":"https:\/\/vuelandia.com\/es\/#organization"},"potentialAction":[{"@type":"SearchAction","target":{"@type":"EntryPoint","urlTemplate":"https:\/\/vuelandia.com\/es\/?s={search_term_string}"},"query-input":{"@type":"PropertyValueSpecification","valueRequired":true,"valueName":"search_term_string"}}],"inLanguage":"es"},{"@type":"Organization","@id":"https:\/\/vuelandia.com\/es\/#organization","name":"Vuelandia - Groothandel van de reisbranche","url":"https:\/\/vuelandia.com\/es\/","logo":{"@type":"ImageObject","inLanguage":"es","@id":"https:\/\/vuelandia.com\/es\/#\/schema\/logo\/image\/","url":"https:\/\/vuelandia.com\/wp-content\/uploads\/2023\/05\/vuelandia_logo_1000x.png","contentUrl":"https:\/\/vuelandia.com\/wp-content\/uploads\/2023\/05\/vuelandia_logo_1000x.png","width":1000,"height":168,"caption":"Vuelandia - Groothandel van de reisbranche"},"image":{"@id":"https:\/\/vuelandia.com\/es\/#\/schema\/logo\/image\/"},"sameAs":["https:\/\/www.facebook.com\/VuelandiaNederland","https:\/\/www.instagram.com\/vuelandianl\/","https:\/\/nl.linkedin.com\/company\/vuelandia"]}]}},"_links":{"self":[{"href":"https:\/\/vuelandia.com\/es\/wp-json\/wp\/v2\/pages\/3859","targetHints":{"allow":["GET"]}}],"collection":[{"href":"https:\/\/vuelandia.com\/es\/wp-json\/wp\/v2\/pages"}],"about":[{"href":"https:\/\/vuelandia.com\/es\/wp-json\/wp\/v2\/types\/page"}],"author":[{"embeddable":true,"href":"https:\/\/vuelandia.com\/es\/wp-json\/wp\/v2\/users\/3"}],"replies":[{"embeddable":true,"href":"https:\/\/vuelandia.com\/es\/wp-json\/wp\/v2\/comments?post=3859"}],"version-history":[{"count":15,"href":"https:\/\/vuelandia.com\/es\/wp-json\/wp\/v2\/pages\/3859\/revisions"}],"predecessor-version":[{"id":7516,"href":"https:\/\/vuelandia.com\/es\/wp-json\/wp\/v2\/pages\/3859\/revisions\/7516"}],"wp:attachment":[{"href":"https:\/\/vuelandia.com\/es\/wp-json\/wp\/v2\/media?parent=3859"}],"curies":[{"name":"wp","href":"https:\/\/api.w.org\/{rel}","templated":true}]}}