{"id":3883,"date":"2024-01-10T18:51:37","date_gmt":"2024-01-10T18:51:37","guid":{"rendered":"https:\/\/vuelandia.com\/servicio-de-atencion-al-cliente\/"},"modified":"2025-05-19T14:49:55","modified_gmt":"2025-05-19T14:49:55","slug":"servicio-de-atencion-al-cliente","status":"publish","type":"page","link":"https:\/\/vuelandia.com\/es\/servicio-de-atencion-al-cliente\/","title":{"rendered":"Servicio de atenci\u00f3n al cliente"},"content":{"rendered":"<div class=\"fusion-fullwidth fullwidth-box fusion-builder-row-1 fusion-flex-container has-pattern-background has-mask-background nonhundred-percent-fullwidth non-hundred-percent-height-scrolling\" style=\"--awb-border-radius-top-left:0px;--awb-border-radius-top-right:0px;--awb-border-radius-bottom-right:0px;--awb-border-radius-bottom-left:0px;--awb-padding-top:60px;--awb-padding-right:10%;--awb-padding-bottom:130px;--awb-padding-left:10%;--awb-flex-wrap:wrap;\" ><div class=\"fusion-builder-row fusion-row fusion-flex-align-items-flex-start fusion-flex-content-wrap\" style=\"max-width:1248px;margin-left: calc(-4% \/ 2 );margin-right: calc(-4% \/ 2 );\"><div class=\"fusion-layout-column fusion_builder_column fusion-builder-column-0 fusion_builder_column_2_3 2_3 fusion-flex-column\" style=\"--awb-padding-right:10%;--awb-bg-size:cover;--awb-width-large:66.666666666667%;--awb-margin-top-large:0px;--awb-spacing-right-large:11.52%;--awb-margin-bottom-large:0px;--awb-spacing-left-large:2.88%;--awb-width-medium:66.666666666667%;--awb-order-medium:0;--awb-spacing-right-medium:11.52%;--awb-spacing-left-medium:2.88%;--awb-width-small:100%;--awb-order-small:0;--awb-spacing-right-small:1.92%;--awb-margin-bottom-small:0px;--awb-spacing-left-small:1.92%;\" data-scroll-devices=\"small-visibility,medium-visibility,large-visibility\"><div class=\"fusion-column-wrapper fusion-column-has-shadow fusion-flex-justify-content-flex-start fusion-content-layout-column\"><div class=\"fusion-title title fusion-title-1 fusion-sep-none fusion-title-text fusion-title-size-three\" style=\"--awb-margin-top-small:10px;--awb-margin-right-small:0px;--awb-margin-bottom-small:10px;--awb-margin-left-small:0px;--awb-font-size:22px;\"><h3 class=\"fusion-title-heading title-heading-left\" style=\"margin:0;font-size:1em;\">Apoyo cuando lo necesite<\/h3><\/div><div class=\"fusion-separator\" style=\"align-self: flex-start;margin-right:auto;margin-top:20px;margin-bottom:30px;width:100%;max-width:10%;\"><div class=\"fusion-separator-border sep-single sep-solid\" style=\"--awb-height:20px;--awb-amount:20px;--awb-sep-color:var(--awb-color5);border-color:var(--awb-color5);border-top-width:1px;\"><\/div><\/div><div class=\"fusion-text fusion-text-1\"><p>Vuelandia cuenta con un departamento de Atenci\u00f3n al Cliente profesional y de habla neerlandesa para las agencias de viajes en caso de preguntas sobre productos de viaje como billetes de avi\u00f3n, hoteles, coches de alquiler, traslados, grupos y todos los dem\u00e1s productos relacionados con los viajes. Puede ponerse en contacto con el departamento de asistencia todos los d\u00edas laborables de 9.00 a 17.30 horas de las siguientes maneras:<\/p>\n<p>Por tel\u00e9fono en el <strong>0900 440 0000<\/strong> o por correo electr\u00f3nico:<\/p>\n<ul>\n<li>IATA\/ Billetes de avi\u00f3n: <a href=\"mailto:info@vuelandia.com\" target=\"_blank\" rel=\"noopener\">info@vuelandia.com<\/a><\/li>\n<li>Alojamiento: <a href=\"mailto:online@vuelandia.com\" target=\"_blank\" rel=\"noopener\">online@vuelandia.com<\/a><\/li>\n<li>Alquiler de coches: <a href=\"mailto:online@vuelandia.com\" target=\"_blank\" rel=\"noopener\">online@vuelandia.com<\/a><\/li>\n<li>Viajes combinados: <a href=\"mailto:online@vuelandia.com\" target=\"_blank\" rel=\"noopener\">online@vuelandia.com<\/a><\/li>\n<li>Grupos: <a href=\"mailto:groups@vuelandia.com\" target=\"_blank\" rel=\"noopener\">groups@vuelandia.com<\/a><\/li>\n<li>Preguntas generales: <a href=\"mailto:info@vuelandia.com\" target=\"_blank\" rel=\"noopener\">info@vuelandia.com<\/a><\/li>\n<\/ul>\n<\/div><div class=\"fusion-text fusion-text-2 fusion-text-no-margin\" style=\"--awb-margin-bottom:80px;\"><h6 data-lineheight=\"26\" data-fontsize=\"18\">\u00bfPor qu\u00e9 hacerse socio de Vuelandia?<\/h6>\n<ul>\n<li>Utilizaci\u00f3n de una herramienta de vuelo de desarrollo propio con numerosas funciones<\/li>\n<li>Acceso a numerosas tarifas, incluidas las tarifas especiales de Vuelandia<\/li>\n<li>Tambi\u00e9n para los operadores tur\u00edsticos no pertenecientes a la IATA, nos encargamos de la emisi\u00f3n de billetes por usted<\/li>\n<li>Acceso a herramientas de reserva en l\u00ednea de f\u00e1cil uso<\/li>\n<li>Apoyo de nuestros expertos cuando sea necesario<\/li>\n<li>Amplia oferta hotelera de m\u00e1s de 50 bancos de camas<\/li>\n<li>Alquiler de coches Flexible Autos con condiciones f\u00e9rreas<\/li>\n<li>Departamento de Grupos e Incentivos<\/li>\n<li>N\u00famero de emergencia disponible<\/li>\n<li>Organizamos peri\u00f3dicamente actos para ponerle al d\u00eda de las novedades.<\/li>\n<\/ul>\n<\/div><\/div><\/div><div class=\"fusion-layout-column fusion_builder_column fusion-builder-column-1 fusion_builder_column_1_3 1_3 fusion-flex-column\" style=\"--awb-bg-size:cover;--awb-width-large:33.333333333333%;--awb-margin-top-large:0px;--awb-spacing-right-large:5.76%;--awb-margin-bottom-large:20px;--awb-spacing-left-large:5.76%;--awb-width-medium:33.333333333333%;--awb-order-medium:0;--awb-spacing-right-medium:5.76%;--awb-spacing-left-medium:5.76%;--awb-width-small:100%;--awb-order-small:0;--awb-spacing-right-small:1.92%;--awb-spacing-left-small:1.92%;\" data-scroll-devices=\"small-visibility,medium-visibility,large-visibility\"><div class=\"fusion-column-wrapper fusion-column-has-shadow fusion-flex-justify-content-flex-start fusion-content-layout-column\"><div class=\"fusion-separator fusion-no-medium-visibility fusion-no-large-visibility fusion-has-icon\" style=\"align-self: center;margin-left: auto;margin-right: auto;margin-top:20px;margin-bottom:40px;width:100%;max-width:75%;\"><div class=\"fusion-separator-border sep-single sep-solid\" style=\"--awb-height:20px;--awb-amount:20px;--awb-sep-color:var(--awb-custom_color_1);border-color:var(--awb-custom_color_1);border-top-width:1px;\"><\/div><span class=\"icon-wrapper\" style=\"border-color:var(--awb-custom_color_1);background-color:rgba(255,255,255,0);font-size:16px;width: 1.75em; height: 1.75em;border-width:1px;padding:1px;margin-top:-0.5px\"><i class=\"fa-info-circle fas\" style=\"font-size: inherit;color:var(--awb-color3);\" aria-hidden=\"true\"><\/i><\/span><div class=\"fusion-separator-border sep-single sep-solid\" style=\"--awb-height:20px;--awb-amount:20px;--awb-sep-color:var(--awb-custom_color_1);border-color:var(--awb-custom_color_1);border-top-width:1px;\"><\/div><\/div><div class=\"fusion-content-boxes content-boxes columns row fusion-columns-1 fusion-columns-total-3 fusion-content-boxes-1 content-boxes-icon-with-title content-left\" style=\"--awb-backgroundcolor:var(--awb-color3);--awb-border-radius-top-left:20px;--awb-border-radius-top-right:20px;--awb-border-radius-bottom-right:20px;--awb-border-radius-bottom-left:10%;--awb-title-color:var(--awb-color5);--awb-hover-accent-color:var(--awb-custom_color_3);--awb-circle-hover-accent-color:var(--awb-custom_color_3);--awb-item-margin-bottom:40px;\" data-animationOffset=\"top-into-view\"><div style=\"--awb-backgroundcolor:var(--awb-color3);--awb-iconcolor:var(--awb-custom_color_3);\" class=\"fusion-column content-box-column content-box-column content-box-column-1 col-lg-12 col-md-12 col-sm-12 fusion-content-box-hover content-box-column-last-in-row\"><div class=\"col content-box-wrapper content-wrapper-background link-area-link-icon content-icon-wrapper-yes icon-hover-animation-fade\" data-animationOffset=\"top-into-view\"><div class=\"heading heading-with-icon icon-left\"><div class=\"icon\"><span style=\"height:42px;width:42px;line-height:22px;border-color:rgba(255,255,255,0);border-width:1px;border-style:solid;background-color:var(--awb-custom_color_1);box-sizing:content-box;border-radius:50%;\"><i style=\"border-color:var(--awb-custom_color_1);border-width:1px;background-color:var(--awb-color1);box-sizing:content-box;height:40px;width:40px;line-height:40px;border-radius:50%;position:relative;top:auto;left:auto;margin:0;border-radius:50%;font-size:20px;\" aria-hidden=\"true\" class=\"fontawesome-icon fa-users fas circle-yes\"><\/i><\/span><\/div><h2 class=\"content-box-heading\" style=\"--h2_typography-font-size:18px;line-height:23px;\">Solicitudes de grupos<\/h2><\/div><div class=\"fusion-clearfix\"><\/div><div class=\"content-container\">\n<p>Viajes en grupo, \u00a1con las facilidades de Vuelandia organizados en un abrir y cerrar de ojos! \u00bfTiene un grupo (10 personas o m\u00e1s) que quiera viajar junto? Con Vuelandia, no s\u00f3lo puede organizar los billetes de avi\u00f3n para un grupo, sino que tambi\u00e9n puede recurrir a Vuelandia para solicitar hoteles y traslados. El experimentado equipo se asegura de que su solicitud de grupo se gestione r\u00e1pida y adecuadamente.<\/p>\n<\/div><\/div><\/div><div style=\"--awb-backgroundcolor:var(--awb-color3);--awb-iconcolor:var(--awb-custom_color_3);\" class=\"fusion-column content-box-column content-box-column content-box-column-2 col-lg-12 col-md-12 col-sm-12 fusion-content-box-hover content-box-column-last-in-row\"><div class=\"col content-box-wrapper content-wrapper-background link-area-link-icon content-icon-wrapper-yes icon-hover-animation-fade\" data-animationOffset=\"top-into-view\"><div class=\"heading heading-with-icon icon-left\"><div class=\"icon\"><span style=\"height:42px;width:42px;line-height:22px;border-color:rgba(255,255,255,0);border-width:1px;border-style:solid;background-color:var(--awb-custom_color_1);box-sizing:content-box;border-radius:50%;\"><i style=\"border-color:var(--awb-custom_color_1);border-width:1px;background-color:var(--awb-color1);box-sizing:content-box;height:40px;width:40px;line-height:40px;border-radius:50%;position:relative;top:auto;left:auto;margin:0;border-radius:50%;font-size:20px;\" aria-hidden=\"true\" class=\"fontawesome-icon fa-headset fas circle-yes\"><\/i><\/span><\/div><h2 class=\"content-box-heading\" style=\"--h2_typography-font-size:18px;line-height:23px;\">Localizable en caso de emergencia<\/h2><\/div><div class=\"fusion-clearfix\"><\/div><div class=\"content-container\">\n<p>Estamos a disposici\u00f3n de los agentes de viajes en caso de emergencia fuera del horario de oficina, sin embargo, aconsejamos no enviar preguntas urgentes en horario de oficina. En caso de urgencia, te pedimos que dejes un mensaje en nuestro buz\u00f3n de voz y env\u00edes un correo electr\u00f3nico a <a href=\"mailto:info@vuelandia.com\" target=\"_blank\" rel=\"noopener\">info@vuelandia.com.<\/a> Fuera del horario de oficina (incluidos fines de semana y festivos), cobramos una tarifa de 40 euros.  <\/p>\n<\/div><\/div><\/div><div style=\"--awb-backgroundcolor:var(--awb-color3);\" class=\"fusion-column content-box-column content-box-column content-box-column-3 col-lg-12 col-md-12 col-sm-12 fusion-content-box-hover content-box-column-last content-box-column-last-in-row\"><div class=\"col content-box-wrapper content-wrapper-background link-area-link-icon content-icon-wrapper-yes icon-hover-animation-fade\" data-animationOffset=\"top-into-view\"><div class=\"fusion-clearfix\"><\/div><div class=\"content-container\">\n<p><img decoding=\"async\" class=\"alignnone wp-image-2639 size-full\" src=\"https:\/\/vuelandia.com\/wp-content\/uploads\/2023\/11\/Scherm%C2%ADafbeelding-2023-11-07-om-09.57.24.png\" alt=\"\" width=\"854\" height=\"528\"><\/p>\n<\/div><\/div><\/div><div class=\"fusion-clearfix\"><\/div><\/div><\/div><\/div><\/div><\/div>\n","protected":false},"excerpt":{"rendered":"","protected":false},"author":3,"featured_media":0,"parent":0,"menu_order":0,"comment_status":"closed","ping_status":"closed","template":"100-width.php","meta":{"footnotes":""},"class_list":["post-3883","page","type-page","status-publish","hentry"],"yoast_head":"<!-- This site is optimized with the Yoast SEO plugin v27.2 - https:\/\/yoast.com\/product\/yoast-seo-wordpress\/ -->\n<title>Servicio de atenci\u00f3n al cliente - Vuelandia - Groothandel van de Reisbranche<\/title>\n<meta name=\"robots\" content=\"index, follow, max-snippet:-1, max-image-preview:large, max-video-preview:-1\" \/>\n<link rel=\"canonical\" href=\"https:\/\/vuelandia.com\/es\/servicio-de-atencion-al-cliente\/\" \/>\n<meta property=\"og:locale\" content=\"es_ES\" \/>\n<meta property=\"og:type\" content=\"article\" \/>\n<meta property=\"og:title\" content=\"Servicio de atenci\u00f3n al cliente - Vuelandia - Groothandel van de Reisbranche\" \/>\n<meta property=\"og:url\" content=\"https:\/\/vuelandia.com\/es\/servicio-de-atencion-al-cliente\/\" \/>\n<meta property=\"og:site_name\" content=\"Vuelandia - Groothandel van de Reisbranche\" \/>\n<meta property=\"article:publisher\" content=\"https:\/\/www.facebook.com\/VuelandiaNederland\" \/>\n<meta property=\"article:modified_time\" content=\"2025-05-19T14:49:55+00:00\" \/>\n<meta property=\"og:image\" content=\"https:\/\/vuelandia.com\/wp-content\/uploads\/2023\/11\/Scherm\u00adafbeelding-2023-11-07-om-09.57.24.png\" \/>\n\t<meta property=\"og:image:width\" content=\"854\" \/>\n\t<meta property=\"og:image:height\" content=\"528\" \/>\n\t<meta property=\"og:image:type\" content=\"image\/png\" \/>\n<meta name=\"twitter:card\" content=\"summary_large_image\" \/>\n<meta name=\"twitter:label1\" content=\"Tiempo de lectura\" \/>\n\t<meta name=\"twitter:data1\" content=\"2 minutos\" \/>\n<script type=\"application\/ld+json\" class=\"yoast-schema-graph\">{\"@context\":\"https:\/\/schema.org\",\"@graph\":[{\"@type\":\"WebPage\",\"@id\":\"https:\/\/vuelandia.com\/es\/servicio-de-atencion-al-cliente\/\",\"url\":\"https:\/\/vuelandia.com\/es\/servicio-de-atencion-al-cliente\/\",\"name\":\"Servicio de atenci\u00f3n al cliente - Vuelandia - Groothandel van de Reisbranche\",\"isPartOf\":{\"@id\":\"https:\/\/vuelandia.com\/es\/#website\"},\"primaryImageOfPage\":{\"@id\":\"https:\/\/vuelandia.com\/es\/servicio-de-atencion-al-cliente\/#primaryimage\"},\"image\":{\"@id\":\"https:\/\/vuelandia.com\/es\/servicio-de-atencion-al-cliente\/#primaryimage\"},\"thumbnailUrl\":\"https:\/\/vuelandia.com\/wp-content\/uploads\/2023\/11\/Scherm%C2%ADafbeelding-2023-11-07-om-09.57.24.png\",\"datePublished\":\"2024-01-10T18:51:37+00:00\",\"dateModified\":\"2025-05-19T14:49:55+00:00\",\"breadcrumb\":{\"@id\":\"https:\/\/vuelandia.com\/es\/servicio-de-atencion-al-cliente\/#breadcrumb\"},\"inLanguage\":\"es\",\"potentialAction\":[{\"@type\":\"ReadAction\",\"target\":[\"https:\/\/vuelandia.com\/es\/servicio-de-atencion-al-cliente\/\"]}]},{\"@type\":\"ImageObject\",\"inLanguage\":\"es\",\"@id\":\"https:\/\/vuelandia.com\/es\/servicio-de-atencion-al-cliente\/#primaryimage\",\"url\":\"https:\/\/vuelandia.com\/wp-content\/uploads\/2023\/11\/Scherm%C2%ADafbeelding-2023-11-07-om-09.57.24.png\",\"contentUrl\":\"https:\/\/vuelandia.com\/wp-content\/uploads\/2023\/11\/Scherm%C2%ADafbeelding-2023-11-07-om-09.57.24.png\"},{\"@type\":\"BreadcrumbList\",\"@id\":\"https:\/\/vuelandia.com\/es\/servicio-de-atencion-al-cliente\/#breadcrumb\",\"itemListElement\":[{\"@type\":\"ListItem\",\"position\":1,\"name\":\"Home\",\"item\":\"https:\/\/vuelandia.com\/es\/home-alternate-2\/\"},{\"@type\":\"ListItem\",\"position\":2,\"name\":\"Servicio de atenci\u00f3n al cliente\"}]},{\"@type\":\"WebSite\",\"@id\":\"https:\/\/vuelandia.com\/es\/#website\",\"url\":\"https:\/\/vuelandia.com\/es\/\",\"name\":\"Vuelandia - Groothandel van de reisbranche\",\"description\":\"Eenvoudig toegang tot de wereld van reizen\",\"publisher\":{\"@id\":\"https:\/\/vuelandia.com\/es\/#organization\"},\"potentialAction\":[{\"@type\":\"SearchAction\",\"target\":{\"@type\":\"EntryPoint\",\"urlTemplate\":\"https:\/\/vuelandia.com\/es\/?s={search_term_string}\"},\"query-input\":{\"@type\":\"PropertyValueSpecification\",\"valueRequired\":true,\"valueName\":\"search_term_string\"}}],\"inLanguage\":\"es\"},{\"@type\":\"Organization\",\"@id\":\"https:\/\/vuelandia.com\/es\/#organization\",\"name\":\"Vuelandia - Groothandel van de reisbranche\",\"url\":\"https:\/\/vuelandia.com\/es\/\",\"logo\":{\"@type\":\"ImageObject\",\"inLanguage\":\"es\",\"@id\":\"https:\/\/vuelandia.com\/es\/#\/schema\/logo\/image\/\",\"url\":\"https:\/\/vuelandia.com\/wp-content\/uploads\/2023\/05\/vuelandia_logo_1000x.png\",\"contentUrl\":\"https:\/\/vuelandia.com\/wp-content\/uploads\/2023\/05\/vuelandia_logo_1000x.png\",\"width\":1000,\"height\":168,\"caption\":\"Vuelandia - Groothandel van de reisbranche\"},\"image\":{\"@id\":\"https:\/\/vuelandia.com\/es\/#\/schema\/logo\/image\/\"},\"sameAs\":[\"https:\/\/www.facebook.com\/VuelandiaNederland\",\"https:\/\/www.instagram.com\/vuelandianl\/\",\"https:\/\/nl.linkedin.com\/company\/vuelandia\"]}]}<\/script>\n<!-- \/ Yoast SEO plugin. -->","yoast_head_json":{"title":"Servicio de atenci\u00f3n al cliente - Vuelandia - Groothandel van de Reisbranche","robots":{"index":"index","follow":"follow","max-snippet":"max-snippet:-1","max-image-preview":"max-image-preview:large","max-video-preview":"max-video-preview:-1"},"canonical":"https:\/\/vuelandia.com\/es\/servicio-de-atencion-al-cliente\/","og_locale":"es_ES","og_type":"article","og_title":"Servicio de atenci\u00f3n al cliente - Vuelandia - Groothandel van de Reisbranche","og_url":"https:\/\/vuelandia.com\/es\/servicio-de-atencion-al-cliente\/","og_site_name":"Vuelandia - Groothandel van de Reisbranche","article_publisher":"https:\/\/www.facebook.com\/VuelandiaNederland","article_modified_time":"2025-05-19T14:49:55+00:00","og_image":[{"width":854,"height":528,"url":"https:\/\/vuelandia.com\/wp-content\/uploads\/2023\/11\/Scherm\u00adafbeelding-2023-11-07-om-09.57.24.png","type":"image\/png"}],"twitter_card":"summary_large_image","twitter_misc":{"Tiempo de lectura":"2 minutos"},"schema":{"@context":"https:\/\/schema.org","@graph":[{"@type":"WebPage","@id":"https:\/\/vuelandia.com\/es\/servicio-de-atencion-al-cliente\/","url":"https:\/\/vuelandia.com\/es\/servicio-de-atencion-al-cliente\/","name":"Servicio de atenci\u00f3n al cliente - Vuelandia - Groothandel van de Reisbranche","isPartOf":{"@id":"https:\/\/vuelandia.com\/es\/#website"},"primaryImageOfPage":{"@id":"https:\/\/vuelandia.com\/es\/servicio-de-atencion-al-cliente\/#primaryimage"},"image":{"@id":"https:\/\/vuelandia.com\/es\/servicio-de-atencion-al-cliente\/#primaryimage"},"thumbnailUrl":"https:\/\/vuelandia.com\/wp-content\/uploads\/2023\/11\/Scherm%C2%ADafbeelding-2023-11-07-om-09.57.24.png","datePublished":"2024-01-10T18:51:37+00:00","dateModified":"2025-05-19T14:49:55+00:00","breadcrumb":{"@id":"https:\/\/vuelandia.com\/es\/servicio-de-atencion-al-cliente\/#breadcrumb"},"inLanguage":"es","potentialAction":[{"@type":"ReadAction","target":["https:\/\/vuelandia.com\/es\/servicio-de-atencion-al-cliente\/"]}]},{"@type":"ImageObject","inLanguage":"es","@id":"https:\/\/vuelandia.com\/es\/servicio-de-atencion-al-cliente\/#primaryimage","url":"https:\/\/vuelandia.com\/wp-content\/uploads\/2023\/11\/Scherm%C2%ADafbeelding-2023-11-07-om-09.57.24.png","contentUrl":"https:\/\/vuelandia.com\/wp-content\/uploads\/2023\/11\/Scherm%C2%ADafbeelding-2023-11-07-om-09.57.24.png"},{"@type":"BreadcrumbList","@id":"https:\/\/vuelandia.com\/es\/servicio-de-atencion-al-cliente\/#breadcrumb","itemListElement":[{"@type":"ListItem","position":1,"name":"Home","item":"https:\/\/vuelandia.com\/es\/home-alternate-2\/"},{"@type":"ListItem","position":2,"name":"Servicio de atenci\u00f3n al cliente"}]},{"@type":"WebSite","@id":"https:\/\/vuelandia.com\/es\/#website","url":"https:\/\/vuelandia.com\/es\/","name":"Vuelandia - Groothandel van de reisbranche","description":"Eenvoudig toegang tot de wereld van reizen","publisher":{"@id":"https:\/\/vuelandia.com\/es\/#organization"},"potentialAction":[{"@type":"SearchAction","target":{"@type":"EntryPoint","urlTemplate":"https:\/\/vuelandia.com\/es\/?s={search_term_string}"},"query-input":{"@type":"PropertyValueSpecification","valueRequired":true,"valueName":"search_term_string"}}],"inLanguage":"es"},{"@type":"Organization","@id":"https:\/\/vuelandia.com\/es\/#organization","name":"Vuelandia - Groothandel van de reisbranche","url":"https:\/\/vuelandia.com\/es\/","logo":{"@type":"ImageObject","inLanguage":"es","@id":"https:\/\/vuelandia.com\/es\/#\/schema\/logo\/image\/","url":"https:\/\/vuelandia.com\/wp-content\/uploads\/2023\/05\/vuelandia_logo_1000x.png","contentUrl":"https:\/\/vuelandia.com\/wp-content\/uploads\/2023\/05\/vuelandia_logo_1000x.png","width":1000,"height":168,"caption":"Vuelandia - Groothandel van de reisbranche"},"image":{"@id":"https:\/\/vuelandia.com\/es\/#\/schema\/logo\/image\/"},"sameAs":["https:\/\/www.facebook.com\/VuelandiaNederland","https:\/\/www.instagram.com\/vuelandianl\/","https:\/\/nl.linkedin.com\/company\/vuelandia"]}]}},"_links":{"self":[{"href":"https:\/\/vuelandia.com\/es\/wp-json\/wp\/v2\/pages\/3883","targetHints":{"allow":["GET"]}}],"collection":[{"href":"https:\/\/vuelandia.com\/es\/wp-json\/wp\/v2\/pages"}],"about":[{"href":"https:\/\/vuelandia.com\/es\/wp-json\/wp\/v2\/types\/page"}],"author":[{"embeddable":true,"href":"https:\/\/vuelandia.com\/es\/wp-json\/wp\/v2\/users\/3"}],"replies":[{"embeddable":true,"href":"https:\/\/vuelandia.com\/es\/wp-json\/wp\/v2\/comments?post=3883"}],"version-history":[{"count":40,"href":"https:\/\/vuelandia.com\/es\/wp-json\/wp\/v2\/pages\/3883\/revisions"}],"predecessor-version":[{"id":7527,"href":"https:\/\/vuelandia.com\/es\/wp-json\/wp\/v2\/pages\/3883\/revisions\/7527"}],"wp:attachment":[{"href":"https:\/\/vuelandia.com\/es\/wp-json\/wp\/v2\/media?parent=3883"}],"curies":[{"name":"wp","href":"https:\/\/api.w.org\/{rel}","templated":true}]}}