{"id":3893,"date":"2024-02-08T11:26:50","date_gmt":"2024-02-08T11:26:50","guid":{"rendered":"https:\/\/vuelandia.com\/vacante-empleado-atencion-al-cliente\/"},"modified":"2024-03-04T16:36:19","modified_gmt":"2024-03-04T16:36:19","slug":"vacante-empleado-atencion-al-cliente","status":"publish","type":"page","link":"https:\/\/vuelandia.com\/es\/vacante-empleado-atencion-al-cliente\/","title":{"rendered":"Vacante Empleado Atenci\u00f3n al Cliente"},"content":{"rendered":"<div class=\"fusion-fullwidth fullwidth-box fusion-builder-row-1 fusion-flex-container has-pattern-background has-mask-background nonhundred-percent-fullwidth non-hundred-percent-height-scrolling\" style=\"--awb-border-radius-top-left:0px;--awb-border-radius-top-right:0px;--awb-border-radius-bottom-right:0px;--awb-border-radius-bottom-left:0px;--awb-padding-top:0px;--awb-padding-bottom:60px;--awb-flex-wrap:wrap;\" ><div class=\"fusion-builder-row fusion-row fusion-flex-align-items-flex-start fusion-flex-content-wrap\" style=\"max-width:1248px;margin-left: calc(-4% \/ 2 );margin-right: calc(-4% \/ 2 );\"><div class=\"fusion-layout-column fusion_builder_column fusion-builder-column-0 fusion_builder_column_2_3 2_3 fusion-flex-column\" style=\"--awb-bg-size:cover;--awb-width-large:66.666666666667%;--awb-margin-top-large:0px;--awb-spacing-right-large:2.88%;--awb-margin-bottom-large:0px;--awb-spacing-left-large:2.88%;--awb-width-medium:66.666666666667%;--awb-order-medium:0;--awb-spacing-right-medium:2.88%;--awb-spacing-left-medium:2.88%;--awb-width-small:100%;--awb-order-small:0;--awb-spacing-right-small:1.92%;--awb-spacing-left-small:1.92%;\"><div class=\"fusion-column-wrapper fusion-column-has-shadow fusion-flex-justify-content-flex-start fusion-content-layout-column\"><div class=\"fusion-title title fusion-title-1 fusion-sep-none fusion-title-text fusion-title-size-two\" style=\"--awb-text-color:var(--awb-custom_color_1);--awb-margin-bottom:0px;--awb-margin-top-small:10px;--awb-margin-right-small:0px;--awb-margin-bottom-small:10px;--awb-margin-left-small:0px;--awb-font-size:22px;\"><h2 class=\"fusion-title-heading title-heading-left\" style=\"margin:0;font-size:1em;\">Vacante Empleado Atenci\u00f3n al Cliente<\/h2><\/div><div class=\"fusion-text fusion-text-1\" style=\"--awb-margin-top:2%;\"><p>Funci\u00f3n: Atenci\u00f3n al cliente de los empleados<br \/>\nUbicaci\u00f3n : Hoofddorp<br \/>\nIndicaci\u00f3n salarial : Basada en el mercado<\/p>\n<p>Horas semanales : 39 horas \/ 32 negociables<br \/>\nPara cubrir a partir de : Inmediatamente \/ Por determinar<\/p>\n<\/div><div class=\"fusion-separator fusion-full-width-sep\" style=\"align-self: center;margin-left: auto;margin-right: auto;margin-top:10px;margin-bottom:20px;width:100%;\"><div class=\"fusion-separator-border sep-single sep-solid\" style=\"--awb-height:20px;--awb-amount:20px;--awb-sep-color:var(--awb-custom_color_1);border-color:var(--awb-custom_color_1);border-top-width:1px;\"><\/div><\/div><div class=\"fusion-text fusion-text-2\"><p>Vuelandia es una empresa en continuo crecimiento y, desde hace m\u00e1s de 10 a\u00f1os, un socio B2B de pleno derecho en el sector de los viajes. Vuelandia suministra productos de viaje como billetes de avi\u00f3n, hoteles y alquiler de coches a touroperadores y agencias de viajes independientes. Adem\u00e1s, Vuelandia es proveedor de varios programas inform\u00e1ticos (de desarrollo propio) de reserva de viajes.<\/p>\n<h6>Descripci\u00f3n del puesto<\/h6>\n<p>\u00bfLe gusta relacionarse con clientes y proveedores? \u00bfConoce bien los productos de tarifas a\u00e9reas, hoteles y alquiler de coches? \u00bfY cree que un buen servicio es importante? Entonces le estamos buscando. Vuelandia busca un compa\u00f1ero entusiasta para unirse a nuestro equipo. El puesto es de 39 horas, pero a tiempo parcial (32 horas) es negociable.<\/p>\n<h6>\u00bfQu\u00e9 har\u00e1, entre otras cosas?<\/h6>\n<ul>\n<li>Junto con el equipo de Atenci\u00f3n al Cliente, ser\u00e1 responsable de todas las cuestiones relacionadas con el servicio tanto de los clientes como de nuestros proveedores.<\/li>\n<li>Con su actitud orientada al cliente y a la b\u00fasqueda de soluciones, se ocupa de las preguntas y solicitudes relacionadas con billetes de avi\u00f3n, hoteles y alquiler de coches. Recoge las solicitudes o las modifica cuando es necesario. Tendr\u00e1 contacto telef\u00f3nico o por correo electr\u00f3nico.<\/li>\n<li>En todos los casos, tratar\u00e1 de prestar el mejor servicio posible a nuestros clientes, ya que Vuelandia valora a los clientes satisfechos.<\/li>\n<\/ul>\n<h6>Nuestro candidato ideal<\/h6>\n<ul>\n<li>Posee una formaci\u00f3n tur\u00edstica completa, al menos MBO Turismo.<\/li>\n<li>Posee un buen conocimiento de los idiomas neerland\u00e9s e ingl\u00e9s de palabra y por escrito.<\/li>\n<li>Tiene experiencia (en pr\u00e1cticas) en una organizaci\u00f3n de viajes.<\/li>\n<li>Tiene buenos conocimientos de billetes de avi\u00f3n, hoteles y productos de alquiler de coches.<\/li>\n<li>Tiene experiencia con sistemas CRS como Sabre, Amadeus y\/o Galileo.<\/li>\n<li>Tiene experiencia con paquetes de MS Office.<\/li>\n<li>Tiene siempre en primer plano el resultado orientado al cliente y al servicio.<\/li>\n<li>Es flexible y resistente al estr\u00e9s y sabe lo que significa el trabajo planificado.<\/li>\n<li>Puede trabajar tanto de forma independiente como en equipo.<\/li>\n<li>No reh\u00faye el contacto con el cliente durante los eventos tur\u00edsticos. Como la feria de vacaciones a la que Vuelandia asiste con todo el equipo o los eventos organizados peri\u00f3dicamente para nuestros clientes y proveedores.<\/li>\n<\/ul>\n<h6>Qu\u00e9 ofrecemos<\/h6>\n<ul>\n<li>Contrato temporal con posibilidad de contrato indefinido.<\/li>\n<li>Un ambiente de trabajo informal y cordial en un entorno laboral din\u00e1mico.<\/li>\n<li>El salario se determinar\u00e1 en funci\u00f3n de la experiencia, la formaci\u00f3n y la edad.<\/li>\n<li>24 d\u00edas festivos (sobre la base de una semana laboral de 39 horas).<\/li>\n<li>Trabajar parcialmente desde casa es opcional.<\/li>\n<li>Oportunidad de participar en cursos y viajes de estudios.<\/li>\n<li>Port\u00e1til de empresa.<\/li>\n<li>Regularmente realizamos diversas actividades con el pretexto de fomentar el esp\u00edritu de equipo.<\/li>\n<\/ul>\n<h6>\u00bfLe interesa?<\/h6>\n<p>\u00bfEst\u00e1 disponible con poca antelaci\u00f3n? A continuaci\u00f3n, env\u00ede su C.V. con una breve motivaci\u00f3n a Mikel van Nimwegen (director\/propietario Vuelandia) a <strong><br \/>\n  <a href=\"mailto:mikel@vuelandia.com\">mikel@vuelandia.com<\/a><br \/>\n<\/strong>. \u00bfDesea m\u00e1s informaci\u00f3n sobre este puesto o sobre las condiciones? Si es as\u00ed, p\u00f3ngase en contacto con Marlene Kist (Office manager Vuelandia) por tel\u00e9fono <strong>0900 &#8211; 4400000<\/strong> o por correo electr\u00f3nico <strong><br \/>\n  <a href=\"mailto:marlene@vuelandia.com\">marlene@vuelandia.com<\/a><br \/>\n<\/strong>.<\/p>\n<\/div><\/div><\/div><div class=\"fusion-layout-column fusion_builder_column fusion-builder-column-1 fusion_builder_column_1_3 1_3 fusion-flex-column\" style=\"--awb-padding-right:5%;--awb-padding-left:5%;--awb-bg-size:cover;--awb-width-large:33.333333333333%;--awb-margin-top-large:0px;--awb-spacing-right-large:5.76%;--awb-margin-bottom-large:20px;--awb-spacing-left-large:5.76%;--awb-width-medium:33.333333333333%;--awb-order-medium:0;--awb-spacing-right-medium:5.76%;--awb-spacing-left-medium:5.76%;--awb-width-small:100%;--awb-order-small:0;--awb-spacing-right-small:1.92%;--awb-spacing-left-small:1.92%;\" data-scroll-devices=\"small-visibility,medium-visibility,large-visibility\"><div class=\"fusion-column-wrapper fusion-column-has-shadow fusion-flex-justify-content-flex-start fusion-content-layout-column\"><div class=\"fusion-separator fusion-full-width-sep\" style=\"align-self: center;margin-left: auto;margin-right: auto;margin-top:20px;width:100%;\"><\/div><div class=\"fusion-image-element \" style=\"--awb-bottom-shadow-color:var(--awb-color7);--awb-caption-title-font-family:var(--h2_typography-font-family);--awb-caption-title-font-weight:var(--h2_typography-font-weight);--awb-caption-title-font-style:var(--h2_typography-font-style);--awb-caption-title-size:var(--h2_typography-font-size);--awb-caption-title-transform:var(--h2_typography-text-transform);--awb-caption-title-line-height:var(--h2_typography-line-height);--awb-caption-title-letter-spacing:var(--h2_typography-letter-spacing);\"><div class=\"awb-image-frame awb-image-frame-1 awb-bottomshadow\"><span class=\" fusion-imageframe imageframe-bottomshadow imageframe-1 hover-type-none\"><img decoding=\"async\" width=\"1200\" height=\"1600\" alt=\"Oficina de Hoofddorp\" title=\"kantoor Hoofddorp\" src=\"https:\/\/vuelandia.com\/wp-content\/uploads\/2023\/11\/289402125_5169716113109941_7901533575630442721_n.jpg\" class=\"img-responsive wp-image-3467\" srcset=\"https:\/\/vuelandia.com\/wp-content\/uploads\/2023\/11\/289402125_5169716113109941_7901533575630442721_n-200x267.jpg 200w, https:\/\/vuelandia.com\/wp-content\/uploads\/2023\/11\/289402125_5169716113109941_7901533575630442721_n-400x533.jpg 400w, https:\/\/vuelandia.com\/wp-content\/uploads\/2023\/11\/289402125_5169716113109941_7901533575630442721_n-600x800.jpg 600w, https:\/\/vuelandia.com\/wp-content\/uploads\/2023\/11\/289402125_5169716113109941_7901533575630442721_n-800x1067.jpg 800w, https:\/\/vuelandia.com\/wp-content\/uploads\/2023\/11\/289402125_5169716113109941_7901533575630442721_n.jpg 1200w\" sizes=\"(max-width: 640px) 100vw, 400px\" \/><\/span><svg xmlns=\"http:\/\/www.w3.org\/2000\/svg\" version=\"1.1\" width=\"100%\" viewBox=\"0 0 600 28\" preserveAspectRatio=\"none\"><g clip-path=\"url(#a)\"><mask id=\"b\" style=\"mask-type:luminance\" maskUnits=\"userSpaceOnUse\" x=\"0\" y=\"0\" width=\"600\" height=\"28\"><path d=\"M0 0h600v28H0V0Z\" fill=\"#fff\"\/><\/mask><g filter=\"url(#c)\" mask=\"url(#b)\"><path d=\"M16.439-18.667h567.123v30.8S438.961-8.4 300-8.4C161.04-8.4 16.438 12.133 16.438 12.133v-30.8Z\" fill=\"#000\"\/><\/g><\/g><defs><clipPath id=\"a\"><path fill=\"#fff\" d=\"M0 0h600v28H0z\"\/><\/clipPath><filter id=\"c\" x=\"5.438\" y=\"-29.667\" width=\"589.123\" height=\"52.8\" filterUnits=\"userSpaceOnUse\" color-interpolation-filters=\"sRGB\"><feFlood flood-opacity=\"0\" result=\"BackgroundImageFix\"\/><feBlend in=\"SourceGraphic\" in2=\"BackgroundImageFix\" result=\"shape\"\/><feGaussianBlur stdDeviation=\"5.5\" result=\"effect1_foregroundBlur_3983_183\"\/><\/filter><\/defs><\/svg><\/div><\/div><\/div><\/div><\/div><\/div>\n","protected":false},"excerpt":{"rendered":"","protected":false},"author":3,"featured_media":0,"parent":0,"menu_order":0,"comment_status":"closed","ping_status":"closed","template":"","meta":{"footnotes":""},"class_list":["post-3893","page","type-page","status-publish","hentry"],"yoast_head":"<!-- This site is optimized with the Yoast SEO plugin v27.2 - https:\/\/yoast.com\/product\/yoast-seo-wordpress\/ -->\n<title>Vacante Empleado Atenci\u00f3n al Cliente - Vuelandia - Groothandel van de Reisbranche<\/title>\n<meta name=\"robots\" content=\"index, follow, max-snippet:-1, max-image-preview:large, max-video-preview:-1\" \/>\n<link rel=\"canonical\" href=\"https:\/\/vuelandia.com\/es\/vacante-empleado-atencion-al-cliente\/\" \/>\n<meta property=\"og:locale\" content=\"es_ES\" \/>\n<meta property=\"og:type\" content=\"article\" \/>\n<meta property=\"og:title\" content=\"Vacante Empleado Atenci\u00f3n al Cliente - Vuelandia - Groothandel van de Reisbranche\" \/>\n<meta property=\"og:url\" content=\"https:\/\/vuelandia.com\/es\/vacante-empleado-atencion-al-cliente\/\" \/>\n<meta property=\"og:site_name\" content=\"Vuelandia - Groothandel van de Reisbranche\" \/>\n<meta property=\"article:publisher\" content=\"https:\/\/www.facebook.com\/VuelandiaNederland\" \/>\n<meta property=\"article:modified_time\" content=\"2024-03-04T16:36:19+00:00\" \/>\n<meta name=\"twitter:card\" content=\"summary_large_image\" \/>\n<meta name=\"twitter:label1\" content=\"Tiempo de lectura\" \/>\n\t<meta name=\"twitter:data1\" content=\"13 minutos\" \/>\n<script type=\"application\/ld+json\" class=\"yoast-schema-graph\">{\"@context\":\"https:\/\/schema.org\",\"@graph\":[{\"@type\":\"WebPage\",\"@id\":\"https:\/\/vuelandia.com\/es\/vacante-empleado-atencion-al-cliente\/\",\"url\":\"https:\/\/vuelandia.com\/es\/vacante-empleado-atencion-al-cliente\/\",\"name\":\"Vacante Empleado Atenci\u00f3n al Cliente - Vuelandia - Groothandel van de Reisbranche\",\"isPartOf\":{\"@id\":\"https:\/\/vuelandia.com\/es\/#website\"},\"datePublished\":\"2024-02-08T11:26:50+00:00\",\"dateModified\":\"2024-03-04T16:36:19+00:00\",\"breadcrumb\":{\"@id\":\"https:\/\/vuelandia.com\/es\/vacante-empleado-atencion-al-cliente\/#breadcrumb\"},\"inLanguage\":\"es\",\"potentialAction\":[{\"@type\":\"ReadAction\",\"target\":[\"https:\/\/vuelandia.com\/es\/vacante-empleado-atencion-al-cliente\/\"]}]},{\"@type\":\"BreadcrumbList\",\"@id\":\"https:\/\/vuelandia.com\/es\/vacante-empleado-atencion-al-cliente\/#breadcrumb\",\"itemListElement\":[{\"@type\":\"ListItem\",\"position\":1,\"name\":\"Home\",\"item\":\"https:\/\/vuelandia.com\/es\/home-alternate-2\/\"},{\"@type\":\"ListItem\",\"position\":2,\"name\":\"Vacante Empleado Atenci\u00f3n al Cliente\"}]},{\"@type\":\"WebSite\",\"@id\":\"https:\/\/vuelandia.com\/es\/#website\",\"url\":\"https:\/\/vuelandia.com\/es\/\",\"name\":\"Vuelandia - Groothandel van de reisbranche\",\"description\":\"Eenvoudig toegang tot de wereld van reizen\",\"publisher\":{\"@id\":\"https:\/\/vuelandia.com\/es\/#organization\"},\"potentialAction\":[{\"@type\":\"SearchAction\",\"target\":{\"@type\":\"EntryPoint\",\"urlTemplate\":\"https:\/\/vuelandia.com\/es\/?s={search_term_string}\"},\"query-input\":{\"@type\":\"PropertyValueSpecification\",\"valueRequired\":true,\"valueName\":\"search_term_string\"}}],\"inLanguage\":\"es\"},{\"@type\":\"Organization\",\"@id\":\"https:\/\/vuelandia.com\/es\/#organization\",\"name\":\"Vuelandia - Groothandel van de reisbranche\",\"url\":\"https:\/\/vuelandia.com\/es\/\",\"logo\":{\"@type\":\"ImageObject\",\"inLanguage\":\"es\",\"@id\":\"https:\/\/vuelandia.com\/es\/#\/schema\/logo\/image\/\",\"url\":\"https:\/\/vuelandia.com\/wp-content\/uploads\/2023\/05\/vuelandia_logo_1000x.png\",\"contentUrl\":\"https:\/\/vuelandia.com\/wp-content\/uploads\/2023\/05\/vuelandia_logo_1000x.png\",\"width\":1000,\"height\":168,\"caption\":\"Vuelandia - Groothandel van de reisbranche\"},\"image\":{\"@id\":\"https:\/\/vuelandia.com\/es\/#\/schema\/logo\/image\/\"},\"sameAs\":[\"https:\/\/www.facebook.com\/VuelandiaNederland\",\"https:\/\/www.instagram.com\/vuelandianl\/\",\"https:\/\/nl.linkedin.com\/company\/vuelandia\"]}]}<\/script>\n<!-- \/ Yoast SEO plugin. -->","yoast_head_json":{"title":"Vacante Empleado Atenci\u00f3n al Cliente - Vuelandia - Groothandel van de Reisbranche","robots":{"index":"index","follow":"follow","max-snippet":"max-snippet:-1","max-image-preview":"max-image-preview:large","max-video-preview":"max-video-preview:-1"},"canonical":"https:\/\/vuelandia.com\/es\/vacante-empleado-atencion-al-cliente\/","og_locale":"es_ES","og_type":"article","og_title":"Vacante Empleado Atenci\u00f3n al Cliente - Vuelandia - Groothandel van de Reisbranche","og_url":"https:\/\/vuelandia.com\/es\/vacante-empleado-atencion-al-cliente\/","og_site_name":"Vuelandia - Groothandel van de Reisbranche","article_publisher":"https:\/\/www.facebook.com\/VuelandiaNederland","article_modified_time":"2024-03-04T16:36:19+00:00","twitter_card":"summary_large_image","twitter_misc":{"Tiempo de lectura":"13 minutos"},"schema":{"@context":"https:\/\/schema.org","@graph":[{"@type":"WebPage","@id":"https:\/\/vuelandia.com\/es\/vacante-empleado-atencion-al-cliente\/","url":"https:\/\/vuelandia.com\/es\/vacante-empleado-atencion-al-cliente\/","name":"Vacante Empleado Atenci\u00f3n al Cliente - Vuelandia - Groothandel van de Reisbranche","isPartOf":{"@id":"https:\/\/vuelandia.com\/es\/#website"},"datePublished":"2024-02-08T11:26:50+00:00","dateModified":"2024-03-04T16:36:19+00:00","breadcrumb":{"@id":"https:\/\/vuelandia.com\/es\/vacante-empleado-atencion-al-cliente\/#breadcrumb"},"inLanguage":"es","potentialAction":[{"@type":"ReadAction","target":["https:\/\/vuelandia.com\/es\/vacante-empleado-atencion-al-cliente\/"]}]},{"@type":"BreadcrumbList","@id":"https:\/\/vuelandia.com\/es\/vacante-empleado-atencion-al-cliente\/#breadcrumb","itemListElement":[{"@type":"ListItem","position":1,"name":"Home","item":"https:\/\/vuelandia.com\/es\/home-alternate-2\/"},{"@type":"ListItem","position":2,"name":"Vacante Empleado Atenci\u00f3n al Cliente"}]},{"@type":"WebSite","@id":"https:\/\/vuelandia.com\/es\/#website","url":"https:\/\/vuelandia.com\/es\/","name":"Vuelandia - Groothandel van de reisbranche","description":"Eenvoudig toegang tot de wereld van reizen","publisher":{"@id":"https:\/\/vuelandia.com\/es\/#organization"},"potentialAction":[{"@type":"SearchAction","target":{"@type":"EntryPoint","urlTemplate":"https:\/\/vuelandia.com\/es\/?s={search_term_string}"},"query-input":{"@type":"PropertyValueSpecification","valueRequired":true,"valueName":"search_term_string"}}],"inLanguage":"es"},{"@type":"Organization","@id":"https:\/\/vuelandia.com\/es\/#organization","name":"Vuelandia - Groothandel van de reisbranche","url":"https:\/\/vuelandia.com\/es\/","logo":{"@type":"ImageObject","inLanguage":"es","@id":"https:\/\/vuelandia.com\/es\/#\/schema\/logo\/image\/","url":"https:\/\/vuelandia.com\/wp-content\/uploads\/2023\/05\/vuelandia_logo_1000x.png","contentUrl":"https:\/\/vuelandia.com\/wp-content\/uploads\/2023\/05\/vuelandia_logo_1000x.png","width":1000,"height":168,"caption":"Vuelandia - Groothandel van de reisbranche"},"image":{"@id":"https:\/\/vuelandia.com\/es\/#\/schema\/logo\/image\/"},"sameAs":["https:\/\/www.facebook.com\/VuelandiaNederland","https:\/\/www.instagram.com\/vuelandianl\/","https:\/\/nl.linkedin.com\/company\/vuelandia"]}]}},"_links":{"self":[{"href":"https:\/\/vuelandia.com\/es\/wp-json\/wp\/v2\/pages\/3893","targetHints":{"allow":["GET"]}}],"collection":[{"href":"https:\/\/vuelandia.com\/es\/wp-json\/wp\/v2\/pages"}],"about":[{"href":"https:\/\/vuelandia.com\/es\/wp-json\/wp\/v2\/types\/page"}],"author":[{"embeddable":true,"href":"https:\/\/vuelandia.com\/es\/wp-json\/wp\/v2\/users\/3"}],"replies":[{"embeddable":true,"href":"https:\/\/vuelandia.com\/es\/wp-json\/wp\/v2\/comments?post=3893"}],"version-history":[{"count":3,"href":"https:\/\/vuelandia.com\/es\/wp-json\/wp\/v2\/pages\/3893\/revisions"}],"predecessor-version":[{"id":3897,"href":"https:\/\/vuelandia.com\/es\/wp-json\/wp\/v2\/pages\/3893\/revisions\/3897"}],"wp:attachment":[{"href":"https:\/\/vuelandia.com\/es\/wp-json\/wp\/v2\/media?parent=3893"}],"curies":[{"name":"wp","href":"https:\/\/api.w.org\/{rel}","templated":true}]}}