{"id":3950,"date":"2024-02-27T15:54:05","date_gmt":"2024-02-27T15:54:05","guid":{"rendered":"https:\/\/dev.vuelandia.com\/fondo-de-deportes-para-discapacitados\/"},"modified":"2024-03-04T16:36:29","modified_gmt":"2024-03-04T16:36:29","slug":"fondo-de-deportes-para-discapacitados","status":"publish","type":"page","link":"https:\/\/vuelandia.com\/es\/fondo-de-deportes-para-discapacitados\/","title":{"rendered":"Fondo de Deportes para Discapacitados"},"content":{"rendered":"<div class=\"fusion-fullwidth fullwidth-box fusion-builder-row-1 fusion-flex-container has-pattern-background has-mask-background nonhundred-percent-fullwidth non-hundred-percent-height-scrolling\" style=\"--awb-border-radius-top-left:0px;--awb-border-radius-top-right:0px;--awb-border-radius-bottom-right:0px;--awb-border-radius-bottom-left:0px;--awb-flex-wrap:wrap;\" ><div class=\"fusion-builder-row fusion-row fusion-flex-align-items-flex-start fusion-flex-justify-content-center fusion-flex-content-wrap\" style=\"max-width:1248px;margin-left: calc(-4% \/ 2 );margin-right: calc(-4% \/ 2 );\"><div class=\"fusion-layout-column fusion_builder_column fusion-builder-column-0 fusion_builder_column_4_5 4_5 fusion-flex-column\" style=\"--awb-bg-size:cover;--awb-width-large:80%;--awb-margin-top-large:0px;--awb-spacing-right-large:2.4%;--awb-margin-bottom-large:20px;--awb-spacing-left-large:2.4%;--awb-width-medium:80%;--awb-order-medium:0;--awb-spacing-right-medium:2.4%;--awb-spacing-left-medium:2.4%;--awb-width-small:100%;--awb-order-small:0;--awb-spacing-right-small:1.92%;--awb-spacing-left-small:1.92%;\"><div class=\"fusion-column-wrapper fusion-column-has-shadow fusion-flex-justify-content-flex-start fusion-content-layout-column\"><div class=\"fusion-title title fusion-title-1 fusion-sep-none fusion-title-center fusion-title-text fusion-title-size-two\" style=\"--awb-text-color:var(--awb-custom_color_1);--awb-margin-bottom:0px;--awb-margin-top-small:10px;--awb-margin-right-small:0px;--awb-margin-bottom-small:10px;--awb-margin-left-small:0px;--awb-font-size:30px;\"><h2 class=\"fusion-title-heading title-heading-center\" style=\"margin:0;font-size:1em;\">Vuelandia, patrocinador habitual del Fondo de Deportes para Discapacitados<\/h2><\/div><div class=\"fusion-image-element \" style=\"text-align:center;--awb-caption-title-font-family:var(--h2_typography-font-family);--awb-caption-title-font-weight:var(--h2_typography-font-weight);--awb-caption-title-font-style:var(--h2_typography-font-style);--awb-caption-title-size:var(--h2_typography-font-size);--awb-caption-title-transform:var(--h2_typography-text-transform);--awb-caption-title-line-height:var(--h2_typography-line-height);--awb-caption-title-letter-spacing:var(--h2_typography-letter-spacing);\"><span class=\" fusion-imageframe imageframe-none imageframe-1 hover-type-none\"><img decoding=\"async\" width=\"870\" height=\"620\" title=\"newimage\" src=\"https:\/\/dev.vuelandia.com\/wp-content\/uploads\/2024\/02\/newimage-e1709049854277.png\" alt class=\"img-responsive wp-image-3755\" srcset=\"https:\/\/vuelandia.com\/wp-content\/uploads\/2024\/02\/newimage-e1709049854277-200x143.png 200w, https:\/\/vuelandia.com\/wp-content\/uploads\/2024\/02\/newimage-e1709049854277-400x285.png 400w, https:\/\/vuelandia.com\/wp-content\/uploads\/2024\/02\/newimage-e1709049854277-600x428.png 600w, https:\/\/vuelandia.com\/wp-content\/uploads\/2024\/02\/newimage-e1709049854277-800x570.png 800w, https:\/\/vuelandia.com\/wp-content\/uploads\/2024\/02\/newimage-e1709049854277.png 870w\" sizes=\"(max-width: 640px) 100vw, 870px\" \/><\/span><\/div><div class=\"fusion-text fusion-text-1\" style=\"--awb-margin-top:40px;\"><p>Cualquiera que haga deporte sabe lo bien que te sientes cuando sales de la ducha renovado y lleno de nuevas energ\u00edas. El deporte es bueno en todos los sentidos. Tu cuerpo te lo agradece tanto interna como externamente y t\u00fa lo irradias. Te da a\u00fan m\u00e1s seguridad y fuerza f\u00edsicamente y te mantiene mentalmente fuerte y equilibrado. El deporte tambi\u00e9n fomenta el esp\u00edritu de equipo, la cooperaci\u00f3n y la uni\u00f3n. Ya habr\u00e1 quedado claro: consideramos el deporte una parte indispensable de nuestras vidas. Desde que \u00e9ramos j\u00f3venes, el f\u00fatbol ha sido una de nuestras grandes pasiones, pero en realidad, somos bastante \u00abtodo-consumidores\u00bb cuando se trata de deportes. Para nosotros, saltar a la bicicleta y dirigirnos al campo para jugar un partido de f\u00fatbol es algo muy natural. Pero para muchos no es tan f\u00e1cil.<\/p>\n<p>Para hac\u00e9rselo posible, hay que tomar medidas especiales: Proyectos como  <a href=\"http:\/\/www.fondsgehandicaptensport.nl\/scool-wheels\">(S)Cool sobre ruedas<\/a>que, de forma l\u00fadica, ofrece informaci\u00f3n sobre deportes para discapacitados a alumnos de primaria, influyendo as\u00ed positivamente en la percepci\u00f3n de estos ni\u00f1os; o el  <a href=\"http:\/\/www.fondsgehandicaptensport.nl\/wheels2sport\">Ruedas2Sport<\/a>  proyecto que proporciona material deportivo para que se puedan probar diferentes deportes; pero tambi\u00e9n el asombroso  <a href=\"http:\/\/www.fondsgehandicaptensport.nl\/g-toppers\">G-Toppers<\/a>  que ofrece un paquete completo a cualquier persona con discapacidad que desee recorrer los Cuatro D\u00edas de marcha de Nimega, pero que no puede hacerlo sin la orientaci\u00f3n necesaria. Tambi\u00e9n apoyan las actividades de Special Olympics Netherlands, Disabled Sports Netherlands y SailWise, as\u00ed como muchas iniciativas locales.<\/p>\n<\/div><\/div><\/div><\/div><\/div>\n","protected":false},"excerpt":{"rendered":"","protected":false},"author":3,"featured_media":3755,"parent":0,"menu_order":0,"comment_status":"closed","ping_status":"closed","template":"100-width.php","meta":{"footnotes":""},"class_list":["post-3950","page","type-page","status-publish","has-post-thumbnail","hentry"],"yoast_head":"<!-- This site is optimized with the Yoast SEO plugin v27.2 - https:\/\/yoast.com\/product\/yoast-seo-wordpress\/ -->\n<title>Fondo de Deportes para Discapacitados - Vuelandia - Groothandel van de Reisbranche<\/title>\n<meta name=\"robots\" content=\"index, follow, max-snippet:-1, max-image-preview:large, max-video-preview:-1\" \/>\n<link rel=\"canonical\" href=\"https:\/\/vuelandia.com\/es\/fondo-de-deportes-para-discapacitados\/\" \/>\n<meta property=\"og:locale\" content=\"es_ES\" \/>\n<meta property=\"og:type\" content=\"article\" \/>\n<meta property=\"og:title\" content=\"Fondo de Deportes para Discapacitados - Vuelandia - Groothandel van de Reisbranche\" \/>\n<meta property=\"og:url\" content=\"https:\/\/vuelandia.com\/es\/fondo-de-deportes-para-discapacitados\/\" \/>\n<meta property=\"og:site_name\" content=\"Vuelandia - Groothandel van de Reisbranche\" \/>\n<meta property=\"article:publisher\" content=\"https:\/\/www.facebook.com\/VuelandiaNederland\" \/>\n<meta property=\"article:modified_time\" content=\"2024-03-04T16:36:29+00:00\" \/>\n<meta property=\"og:image\" content=\"https:\/\/dev.vuelandia.com\/wp-content\/uploads\/2024\/02\/newimage-e1709049854277.png\" \/>\n\t<meta property=\"og:image:width\" content=\"870\" \/>\n\t<meta property=\"og:image:height\" content=\"620\" \/>\n\t<meta property=\"og:image:type\" content=\"image\/png\" \/>\n<meta name=\"twitter:card\" content=\"summary_large_image\" \/>\n<meta name=\"twitter:label1\" content=\"Tiempo de lectura\" \/>\n\t<meta name=\"twitter:data1\" content=\"9 minutos\" \/>\n<script type=\"application\/ld+json\" class=\"yoast-schema-graph\">{\"@context\":\"https:\/\/schema.org\",\"@graph\":[{\"@type\":\"WebPage\",\"@id\":\"https:\/\/vuelandia.com\/es\/fondo-de-deportes-para-discapacitados\/\",\"url\":\"https:\/\/vuelandia.com\/es\/fondo-de-deportes-para-discapacitados\/\",\"name\":\"Fondo de Deportes para Discapacitados - Vuelandia - Groothandel van de Reisbranche\",\"isPartOf\":{\"@id\":\"https:\/\/vuelandia.com\/es\/#website\"},\"primaryImageOfPage\":{\"@id\":\"https:\/\/vuelandia.com\/es\/fondo-de-deportes-para-discapacitados\/#primaryimage\"},\"image\":{\"@id\":\"https:\/\/vuelandia.com\/es\/fondo-de-deportes-para-discapacitados\/#primaryimage\"},\"thumbnailUrl\":\"https:\/\/vuelandia.com\/wp-content\/uploads\/2024\/02\/newimage-e1709049854277.png\",\"datePublished\":\"2024-02-27T15:54:05+00:00\",\"dateModified\":\"2024-03-04T16:36:29+00:00\",\"breadcrumb\":{\"@id\":\"https:\/\/vuelandia.com\/es\/fondo-de-deportes-para-discapacitados\/#breadcrumb\"},\"inLanguage\":\"es\",\"potentialAction\":[{\"@type\":\"ReadAction\",\"target\":[\"https:\/\/vuelandia.com\/es\/fondo-de-deportes-para-discapacitados\/\"]}]},{\"@type\":\"ImageObject\",\"inLanguage\":\"es\",\"@id\":\"https:\/\/vuelandia.com\/es\/fondo-de-deportes-para-discapacitados\/#primaryimage\",\"url\":\"https:\/\/vuelandia.com\/wp-content\/uploads\/2024\/02\/newimage-e1709049854277.png\",\"contentUrl\":\"https:\/\/vuelandia.com\/wp-content\/uploads\/2024\/02\/newimage-e1709049854277.png\",\"width\":870,\"height\":620},{\"@type\":\"BreadcrumbList\",\"@id\":\"https:\/\/vuelandia.com\/es\/fondo-de-deportes-para-discapacitados\/#breadcrumb\",\"itemListElement\":[{\"@type\":\"ListItem\",\"position\":1,\"name\":\"Home\",\"item\":\"https:\/\/vuelandia.com\/es\/home-alternate-2\/\"},{\"@type\":\"ListItem\",\"position\":2,\"name\":\"Fondo de Deportes para Discapacitados\"}]},{\"@type\":\"WebSite\",\"@id\":\"https:\/\/vuelandia.com\/es\/#website\",\"url\":\"https:\/\/vuelandia.com\/es\/\",\"name\":\"Vuelandia - Groothandel van de reisbranche\",\"description\":\"Eenvoudig toegang tot de wereld van reizen\",\"publisher\":{\"@id\":\"https:\/\/vuelandia.com\/es\/#organization\"},\"potentialAction\":[{\"@type\":\"SearchAction\",\"target\":{\"@type\":\"EntryPoint\",\"urlTemplate\":\"https:\/\/vuelandia.com\/es\/?s={search_term_string}\"},\"query-input\":{\"@type\":\"PropertyValueSpecification\",\"valueRequired\":true,\"valueName\":\"search_term_string\"}}],\"inLanguage\":\"es\"},{\"@type\":\"Organization\",\"@id\":\"https:\/\/vuelandia.com\/es\/#organization\",\"name\":\"Vuelandia - Groothandel van de reisbranche\",\"url\":\"https:\/\/vuelandia.com\/es\/\",\"logo\":{\"@type\":\"ImageObject\",\"inLanguage\":\"es\",\"@id\":\"https:\/\/vuelandia.com\/es\/#\/schema\/logo\/image\/\",\"url\":\"https:\/\/vuelandia.com\/wp-content\/uploads\/2023\/05\/vuelandia_logo_1000x.png\",\"contentUrl\":\"https:\/\/vuelandia.com\/wp-content\/uploads\/2023\/05\/vuelandia_logo_1000x.png\",\"width\":1000,\"height\":168,\"caption\":\"Vuelandia - Groothandel van de reisbranche\"},\"image\":{\"@id\":\"https:\/\/vuelandia.com\/es\/#\/schema\/logo\/image\/\"},\"sameAs\":[\"https:\/\/www.facebook.com\/VuelandiaNederland\",\"https:\/\/www.instagram.com\/vuelandianl\/\",\"https:\/\/nl.linkedin.com\/company\/vuelandia\"]}]}<\/script>\n<!-- \/ Yoast SEO plugin. -->","yoast_head_json":{"title":"Fondo de Deportes para Discapacitados - Vuelandia - Groothandel van de Reisbranche","robots":{"index":"index","follow":"follow","max-snippet":"max-snippet:-1","max-image-preview":"max-image-preview:large","max-video-preview":"max-video-preview:-1"},"canonical":"https:\/\/vuelandia.com\/es\/fondo-de-deportes-para-discapacitados\/","og_locale":"es_ES","og_type":"article","og_title":"Fondo de Deportes para Discapacitados - Vuelandia - Groothandel van de Reisbranche","og_url":"https:\/\/vuelandia.com\/es\/fondo-de-deportes-para-discapacitados\/","og_site_name":"Vuelandia - Groothandel van de Reisbranche","article_publisher":"https:\/\/www.facebook.com\/VuelandiaNederland","article_modified_time":"2024-03-04T16:36:29+00:00","og_image":[{"width":870,"height":620,"url":"https:\/\/dev.vuelandia.com\/wp-content\/uploads\/2024\/02\/newimage-e1709049854277.png","type":"image\/png"}],"twitter_card":"summary_large_image","twitter_misc":{"Tiempo de lectura":"9 minutos"},"schema":{"@context":"https:\/\/schema.org","@graph":[{"@type":"WebPage","@id":"https:\/\/vuelandia.com\/es\/fondo-de-deportes-para-discapacitados\/","url":"https:\/\/vuelandia.com\/es\/fondo-de-deportes-para-discapacitados\/","name":"Fondo de Deportes para Discapacitados - Vuelandia - Groothandel van de Reisbranche","isPartOf":{"@id":"https:\/\/vuelandia.com\/es\/#website"},"primaryImageOfPage":{"@id":"https:\/\/vuelandia.com\/es\/fondo-de-deportes-para-discapacitados\/#primaryimage"},"image":{"@id":"https:\/\/vuelandia.com\/es\/fondo-de-deportes-para-discapacitados\/#primaryimage"},"thumbnailUrl":"https:\/\/vuelandia.com\/wp-content\/uploads\/2024\/02\/newimage-e1709049854277.png","datePublished":"2024-02-27T15:54:05+00:00","dateModified":"2024-03-04T16:36:29+00:00","breadcrumb":{"@id":"https:\/\/vuelandia.com\/es\/fondo-de-deportes-para-discapacitados\/#breadcrumb"},"inLanguage":"es","potentialAction":[{"@type":"ReadAction","target":["https:\/\/vuelandia.com\/es\/fondo-de-deportes-para-discapacitados\/"]}]},{"@type":"ImageObject","inLanguage":"es","@id":"https:\/\/vuelandia.com\/es\/fondo-de-deportes-para-discapacitados\/#primaryimage","url":"https:\/\/vuelandia.com\/wp-content\/uploads\/2024\/02\/newimage-e1709049854277.png","contentUrl":"https:\/\/vuelandia.com\/wp-content\/uploads\/2024\/02\/newimage-e1709049854277.png","width":870,"height":620},{"@type":"BreadcrumbList","@id":"https:\/\/vuelandia.com\/es\/fondo-de-deportes-para-discapacitados\/#breadcrumb","itemListElement":[{"@type":"ListItem","position":1,"name":"Home","item":"https:\/\/vuelandia.com\/es\/home-alternate-2\/"},{"@type":"ListItem","position":2,"name":"Fondo de Deportes para Discapacitados"}]},{"@type":"WebSite","@id":"https:\/\/vuelandia.com\/es\/#website","url":"https:\/\/vuelandia.com\/es\/","name":"Vuelandia - Groothandel van de reisbranche","description":"Eenvoudig toegang tot de wereld van reizen","publisher":{"@id":"https:\/\/vuelandia.com\/es\/#organization"},"potentialAction":[{"@type":"SearchAction","target":{"@type":"EntryPoint","urlTemplate":"https:\/\/vuelandia.com\/es\/?s={search_term_string}"},"query-input":{"@type":"PropertyValueSpecification","valueRequired":true,"valueName":"search_term_string"}}],"inLanguage":"es"},{"@type":"Organization","@id":"https:\/\/vuelandia.com\/es\/#organization","name":"Vuelandia - Groothandel van de reisbranche","url":"https:\/\/vuelandia.com\/es\/","logo":{"@type":"ImageObject","inLanguage":"es","@id":"https:\/\/vuelandia.com\/es\/#\/schema\/logo\/image\/","url":"https:\/\/vuelandia.com\/wp-content\/uploads\/2023\/05\/vuelandia_logo_1000x.png","contentUrl":"https:\/\/vuelandia.com\/wp-content\/uploads\/2023\/05\/vuelandia_logo_1000x.png","width":1000,"height":168,"caption":"Vuelandia - Groothandel van de reisbranche"},"image":{"@id":"https:\/\/vuelandia.com\/es\/#\/schema\/logo\/image\/"},"sameAs":["https:\/\/www.facebook.com\/VuelandiaNederland","https:\/\/www.instagram.com\/vuelandianl\/","https:\/\/nl.linkedin.com\/company\/vuelandia"]}]}},"_links":{"self":[{"href":"https:\/\/vuelandia.com\/es\/wp-json\/wp\/v2\/pages\/3950","targetHints":{"allow":["GET"]}}],"collection":[{"href":"https:\/\/vuelandia.com\/es\/wp-json\/wp\/v2\/pages"}],"about":[{"href":"https:\/\/vuelandia.com\/es\/wp-json\/wp\/v2\/types\/page"}],"author":[{"embeddable":true,"href":"https:\/\/vuelandia.com\/es\/wp-json\/wp\/v2\/users\/3"}],"replies":[{"embeddable":true,"href":"https:\/\/vuelandia.com\/es\/wp-json\/wp\/v2\/comments?post=3950"}],"version-history":[{"count":3,"href":"https:\/\/vuelandia.com\/es\/wp-json\/wp\/v2\/pages\/3950\/revisions"}],"predecessor-version":[{"id":3959,"href":"https:\/\/vuelandia.com\/es\/wp-json\/wp\/v2\/pages\/3950\/revisions\/3959"}],"wp:featuredmedia":[{"embeddable":true,"href":"https:\/\/vuelandia.com\/es\/wp-json\/wp\/v2\/media\/3755"}],"wp:attachment":[{"href":"https:\/\/vuelandia.com\/es\/wp-json\/wp\/v2\/media?parent=3950"}],"curies":[{"name":"wp","href":"https:\/\/api.w.org\/{rel}","templated":true}]}}