{"id":4471,"date":"2024-01-15T15:51:43","date_gmt":"2024-01-15T15:51:43","guid":{"rendered":"https:\/\/vuelandia.com\/logiciel-de-reservation-de-voyages\/"},"modified":"2025-02-21T15:41:59","modified_gmt":"2025-02-21T15:41:59","slug":"logiciel-de-reservation-de-voyages","status":"publish","type":"page","link":"https:\/\/vuelandia.com\/fr\/logiciel-de-reservation-de-voyages\/","title":{"rendered":"Logiciel de r\u00e9servation de voyages"},"content":{"rendered":"<div class=\"fusion-fullwidth fullwidth-box fusion-builder-row-1 fusion-flex-container has-pattern-background has-mask-background nonhundred-percent-fullwidth non-hundred-percent-height-scrolling\" style=\"--awb-border-radius-top-left:0px;--awb-border-radius-top-right:0px;--awb-border-radius-bottom-right:0px;--awb-border-radius-bottom-left:0px;--awb-padding-top:60px;--awb-padding-right:10%;--awb-padding-bottom:130px;--awb-padding-left:10%;--awb-flex-wrap:wrap;\" ><div class=\"fusion-builder-row fusion-row fusion-flex-align-items-flex-start fusion-flex-content-wrap\" style=\"max-width:1248px;margin-left: calc(-4% \/ 2 );margin-right: calc(-4% \/ 2 );\"><div class=\"fusion-layout-column fusion_builder_column fusion-builder-column-0 fusion_builder_column_2_3 2_3 fusion-flex-column\" style=\"--awb-bg-size:cover;--awb-width-large:66.666666666667%;--awb-margin-top-large:0px;--awb-spacing-right-large:11.52%;--awb-margin-bottom-large:20px;--awb-spacing-left-large:2.88%;--awb-width-medium:66.666666666667%;--awb-order-medium:0;--awb-spacing-right-medium:11.52%;--awb-spacing-left-medium:2.88%;--awb-width-small:100%;--awb-order-small:0;--awb-spacing-right-small:1.92%;--awb-spacing-left-small:1.92%;\" data-scroll-devices=\"small-visibility,medium-visibility,large-visibility\"><div class=\"fusion-column-wrapper fusion-column-has-shadow fusion-flex-justify-content-flex-start fusion-content-layout-column\"><div class=\"fusion-title title fusion-title-1 fusion-sep-none fusion-title-text fusion-title-size-three\" style=\"--awb-margin-top-small:10px;--awb-margin-right-small:0px;--awb-margin-bottom-small:10px;--awb-margin-left-small:0px;--awb-font-size:22px;\"><h3 class=\"fusion-title-heading title-heading-left\" style=\"margin:0;font-size:1em;\">Technologie avanc\u00e9e et compl\u00e8te de voyage sur mesure<\/h3><\/div><div class=\"fusion-separator\" style=\"align-self: flex-start;margin-right:auto;margin-top:20px;margin-bottom:30px;width:100%;max-width:10%;\"><div class=\"fusion-separator-border sep-single sep-solid\" style=\"--awb-height:20px;--awb-amount:20px;--awb-sep-color:var(--awb-color5);border-color:var(--awb-color5);border-top-width:1px;\"><\/div><\/div><div class=\"fusion-text fusion-text-1\"><p>Notre navigateur de voyage contient les plateformes de r\u00e9servation B2B pour la recherche, la comparaison et la r\u00e9servation de vols, d&rsquo;h\u00f4tels et de voitures de location. Outre son r\u00f4le de consolidateur pour les r\u00e9servations de vols et de plateforme de r\u00e9servation pour ses autres produits de voyage, Vuelandia d\u00e9veloppe \u00e9galement des technologies de pointe pour l&rsquo;industrie du voyage. Vous souhaitez proposer des billets d&rsquo;avion sur votre propre site web ou appliquer l&rsquo;API\/XML \u00e0 l&#8217;emballage dynamique ? Vous \u00eates au bon endroit. L&rsquo;informatique de Vuelandia est connect\u00e9e \u00e0 notre propre syst\u00e8me d&rsquo;approvisionnement pour lequel nous achetons en gros et pouvons donc toujours offrir les prix les plus comp\u00e9titifs.<\/p>\n<h6>Relier les donn\u00e9es de l&rsquo;entreprise via API\/XML<\/h6>\n<p>API\/XML n&rsquo;est rien d&rsquo;autre qu&rsquo;une communication intelligente de donn\u00e9es entre les donn\u00e9es de l&rsquo;entreprise. Cela vous permet d&rsquo;\u00e9changer facilement les donn\u00e9es des fournisseurs et\/ou de les int\u00e9grer dans votre propre environnement. Par exemple, si vous souhaitez utiliser un fournisseur sp\u00e9cifique de Vuelandia sans utiliser le Travel Navigator, nous pouvons facilement \u00e9tablir une connexion en temps r\u00e9el. Pour nos clients, cela signifie l&rsquo;utilisation de processus automatis\u00e9s et, en fin de compte, la r\u00e9duction des co\u00fbts.<\/p>\n<h6>Un environnement de r\u00e9servation dans votre propre style<\/h6>\n<p>Avec un site web CMS Whitelabel, vous pouvez vendre des produits de voyage en tant qu&rsquo;agent de voyage ou organisation via votre propre site web, que nous concevons enti\u00e8rement dans votre propre style. Tous les modules souhait\u00e9s sont enti\u00e8rement int\u00e9gr\u00e9s dans l&rsquo;environnement et vous n&rsquo;avez plus \u00e0 vous soucier de l&rsquo;informatique. Cela vous permet d&rsquo;utiliser un site web r\u00e9actif avec un acc\u00e8s direct aux outils de recherche et de r\u00e9servation de vols, d&rsquo;h\u00f4tels ou de location de voitures ou d&rsquo;une combinaison de ces \u00e9l\u00e9ments. Souhaitez-vous \u00e9galement int\u00e9grer vos fournisseurs externes existants ? Cela aussi est possible.<\/p>\n<\/div><div class=\"fusion-text fusion-text-2\"><h6>Les avantages de notre technologie de voyage en un coup d&rsquo;\u0153il :<\/h6>\n<ul>\n<li>En raison d&rsquo;une utilisation \u00e9lev\u00e9e et d&rsquo;achats importants, nous proposons des prix comp\u00e9titifs et une bonne disponibilit\u00e9.<\/li>\n<li>L&rsquo;utilisation est possible dans plusieurs langues et monnaies<\/li>\n<li>Il est possible d&rsquo;activer ses propres fournisseurs et contrats<\/li>\n<li>L&rsquo;int\u00e9gration XML permet une connexion unique et un point de contact unique avec plusieurs fournisseurs.<\/li>\n<li>Nous fournissons via XML une offre multiplateforme de toutes les compagnies a\u00e9riennes r\u00e9guli\u00e8res et \u00e0 bas prix et de tous les h\u00f4tels.<\/li>\n<\/ul>\n<\/div><\/div><\/div><div class=\"fusion-layout-column fusion_builder_column fusion-builder-column-1 fusion_builder_column_1_3 1_3 fusion-flex-column\" style=\"--awb-bg-size:cover;--awb-width-large:33.333333333333%;--awb-margin-top-large:0px;--awb-spacing-right-large:5.76%;--awb-margin-bottom-large:20px;--awb-spacing-left-large:5.76%;--awb-width-medium:33.333333333333%;--awb-order-medium:0;--awb-spacing-right-medium:5.76%;--awb-spacing-left-medium:5.76%;--awb-width-small:100%;--awb-order-small:0;--awb-spacing-right-small:1.92%;--awb-spacing-left-small:1.92%;\" data-scroll-devices=\"small-visibility,medium-visibility,large-visibility\"><div class=\"fusion-column-wrapper fusion-column-has-shadow fusion-flex-justify-content-flex-start fusion-content-layout-column\"><div class=\"fusion-separator fusion-no-medium-visibility fusion-no-large-visibility fusion-has-icon\" style=\"align-self: center;margin-left: auto;margin-right: auto;margin-top:20px;margin-bottom:40px;width:100%;max-width:75%;\"><div class=\"fusion-separator-border sep-single sep-solid\" style=\"--awb-height:20px;--awb-amount:20px;--awb-sep-color:var(--awb-custom_color_1);border-color:var(--awb-custom_color_1);border-top-width:1px;\"><\/div><span class=\"icon-wrapper\" style=\"border-color:var(--awb-custom_color_1);background-color:rgba(255,255,255,0);font-size:16px;width: 1.75em; height: 1.75em;border-width:1px;padding:1px;margin-top:-0.5px\"><i class=\"fa-info-circle fas\" style=\"font-size: inherit;color:var(--awb-color3);\" aria-hidden=\"true\"><\/i><\/span><div class=\"fusion-separator-border sep-single sep-solid\" style=\"--awb-height:20px;--awb-amount:20px;--awb-sep-color:var(--awb-custom_color_1);border-color:var(--awb-custom_color_1);border-top-width:1px;\"><\/div><\/div><div class=\"fusion-content-boxes content-boxes columns row fusion-columns-1 fusion-columns-total-1 fusion-content-boxes-1 content-boxes-icon-with-title content-left\" style=\"--awb-backgroundcolor:var(--awb-color3);--awb-border-radius-top-left:20px;--awb-border-radius-top-right:20px;--awb-border-radius-bottom-right:20px;--awb-border-radius-bottom-left:20px;--awb-title-color:var(--awb-color5);--awb-iconcolor:var(--awb-custom_color_3);--awb-hover-accent-color:var(--awb-custom_color_3);--awb-circle-hover-accent-color:var(--awb-custom_color_3);--awb-item-margin-bottom:40px;\" data-animationOffset=\"top-into-view\"><div style=\"--awb-backgroundcolor:var(--awb-color3);--awb-iconcolor:var(--awb-custom_color_3);\" class=\"fusion-column content-box-column content-box-column content-box-column-1 col-lg-12 col-md-12 col-sm-12 fusion-content-box-hover content-box-column-last content-box-column-last-in-row\"><div class=\"col content-box-wrapper content-wrapper-background link-area-link-icon content-icon-wrapper-yes icon-hover-animation-fade\" data-animationOffset=\"top-into-view\"><div class=\"heading heading-with-icon icon-left\"><div class=\"icon\"><span style=\"height:42px;width:42px;line-height:22px;border-color:rgba(255,255,255,0);border-width:1px;border-style:solid;background-color:var(--awb-custom_color_1);box-sizing:content-box;border-radius:50%;\"><i style=\"border-color:var(--awb-custom_color_1);border-width:1px;background-color:var(--awb-custom_color_2);box-sizing:content-box;height:40px;width:40px;line-height:40px;border-radius:50%;position:relative;top:auto;left:auto;margin:0;border-radius:50%;font-size:20px;\" aria-hidden=\"true\" class=\"fontawesome-icon fa-border-all fas circle-yes\"><\/i><\/span><\/div><h2 class=\"content-box-heading\" style=\"--h2_typography-font-size:18px;line-height:23px;\">Tous les produits de voyage disponibles dans un seul environnement<\/h2><\/div><div class=\"fusion-clearfix\"><\/div><div class=\"content-container\">\n<p><img decoding=\"async\" class=\"alignnone wp-image-7504 size-full\" src=\"https:\/\/vuelandia.com\/wp-content\/uploads\/2025\/02\/vuelandia_travel_navigator.png\" alt=\"\" width=\"1280\" height=\"674\" srcset=\"https:\/\/vuelandia.com\/wp-content\/uploads\/2025\/02\/vuelandia_travel_navigator-200x105.png 200w, https:\/\/vuelandia.com\/wp-content\/uploads\/2025\/02\/vuelandia_travel_navigator-300x158.png 300w, https:\/\/vuelandia.com\/wp-content\/uploads\/2025\/02\/vuelandia_travel_navigator-400x211.png 400w, https:\/\/vuelandia.com\/wp-content\/uploads\/2025\/02\/vuelandia_travel_navigator-600x316.png 600w, https:\/\/vuelandia.com\/wp-content\/uploads\/2025\/02\/vuelandia_travel_navigator-768x404.png 768w, https:\/\/vuelandia.com\/wp-content\/uploads\/2025\/02\/vuelandia_travel_navigator-800x421.png 800w, https:\/\/vuelandia.com\/wp-content\/uploads\/2025\/02\/vuelandia_travel_navigator-1024x539.png 1024w, https:\/\/vuelandia.com\/wp-content\/uploads\/2025\/02\/vuelandia_travel_navigator-1200x632.png 1200w, https:\/\/vuelandia.com\/wp-content\/uploads\/2025\/02\/vuelandia_travel_navigator.png 1280w\" sizes=\"(max-width: 1280px) 100vw, 1280px\" \/><\/p>\n<p>Le Travel Navigator vous fournit tous les outils n\u00e9cessaires dans un seul environnement pour remplir la fonction d&rsquo;organisateur de voyages rapidement et facilement. Que vous soyez une organisation IATA ou non IATA. Le Travel Navigator est une plateforme conviviale \u00e9quip\u00e9e des derniers d\u00e9veloppements et o\u00f9 de nombreux produits sont disponibles, tels que les billets d&rsquo;avion, l&rsquo;h\u00e9bergement, la location de voitures et les transferts. Et pour vous faciliter encore plus la t\u00e2che, les r\u00e9servations de vols, d&rsquo;h\u00f4tels et de voitures de location passent automatiquement par BAS, avec qui nous avons un lien (r\u00e9capitulatif). Vous vous \u00e9pargnez ainsi beaucoup de travail suppl\u00e9mentaire !<\/p>\n<p>Nos partenariats internationaux et notre approvisionnement comp\u00e9titif aupr\u00e8s d&rsquo;entreprises fiables nous permettent d&rsquo;offrir des tarifs concurrentiels. Enfin, en tant que partenaire B2B, nous travaillons toujours avec des prix d&rsquo;achat qui vous permettent, en tant que tour op\u00e9rateur, de d\u00e9terminer votre propre marge.<\/p>\n<\/div><\/div><\/div><div class=\"fusion-clearfix\"><\/div><\/div><\/div><\/div><\/div><\/div>\n","protected":false},"excerpt":{"rendered":"","protected":false},"author":3,"featured_media":0,"parent":0,"menu_order":0,"comment_status":"closed","ping_status":"closed","template":"100-width.php","meta":{"footnotes":""},"class_list":["post-4471","page","type-page","status-publish","hentry"],"yoast_head":"<!-- This site is optimized with the Yoast SEO plugin v27.2 - https:\/\/yoast.com\/product\/yoast-seo-wordpress\/ -->\n<title>Logiciel de r\u00e9servation de voyages - Vuelandia - Groothandel van de Reisbranche<\/title>\n<meta name=\"robots\" content=\"index, follow, max-snippet:-1, max-image-preview:large, max-video-preview:-1\" \/>\n<link rel=\"canonical\" href=\"https:\/\/vuelandia.com\/fr\/logiciel-de-reservation-de-voyages\/\" \/>\n<meta property=\"og:locale\" content=\"fr_FR\" \/>\n<meta property=\"og:type\" content=\"article\" \/>\n<meta property=\"og:title\" content=\"Logiciel de r\u00e9servation de voyages - Vuelandia - Groothandel van de Reisbranche\" \/>\n<meta property=\"og:url\" content=\"https:\/\/vuelandia.com\/fr\/logiciel-de-reservation-de-voyages\/\" \/>\n<meta property=\"og:site_name\" content=\"Vuelandia - Groothandel van de Reisbranche\" \/>\n<meta property=\"article:publisher\" content=\"https:\/\/www.facebook.com\/VuelandiaNederland\" \/>\n<meta property=\"article:modified_time\" content=\"2025-02-21T15:41:59+00:00\" \/>\n<meta property=\"og:image\" content=\"https:\/\/vuelandia.com\/wp-content\/uploads\/2025\/02\/vuelandia_travel_navigator.png\" \/>\n\t<meta property=\"og:image:width\" content=\"1280\" \/>\n\t<meta property=\"og:image:height\" content=\"674\" \/>\n\t<meta property=\"og:image:type\" content=\"image\/png\" \/>\n<meta name=\"twitter:card\" content=\"summary_large_image\" \/>\n<meta name=\"twitter:label1\" content=\"Dur\u00e9e de lecture estim\u00e9e\" \/>\n\t<meta name=\"twitter:data1\" content=\"3 minutes\" \/>\n<script type=\"application\/ld+json\" class=\"yoast-schema-graph\">{\"@context\":\"https:\/\/schema.org\",\"@graph\":[{\"@type\":\"WebPage\",\"@id\":\"https:\/\/vuelandia.com\/fr\/logiciel-de-reservation-de-voyages\/\",\"url\":\"https:\/\/vuelandia.com\/fr\/logiciel-de-reservation-de-voyages\/\",\"name\":\"Logiciel de r\u00e9servation de voyages - Vuelandia - Groothandel van de Reisbranche\",\"isPartOf\":{\"@id\":\"https:\/\/vuelandia.com\/fr\/#website\"},\"primaryImageOfPage\":{\"@id\":\"https:\/\/vuelandia.com\/fr\/logiciel-de-reservation-de-voyages\/#primaryimage\"},\"image\":{\"@id\":\"https:\/\/vuelandia.com\/fr\/logiciel-de-reservation-de-voyages\/#primaryimage\"},\"thumbnailUrl\":\"https:\/\/vuelandia.com\/wp-content\/uploads\/2025\/02\/vuelandia_travel_navigator.png\",\"datePublished\":\"2024-01-15T15:51:43+00:00\",\"dateModified\":\"2025-02-21T15:41:59+00:00\",\"breadcrumb\":{\"@id\":\"https:\/\/vuelandia.com\/fr\/logiciel-de-reservation-de-voyages\/#breadcrumb\"},\"inLanguage\":\"fr-FR\",\"potentialAction\":[{\"@type\":\"ReadAction\",\"target\":[\"https:\/\/vuelandia.com\/fr\/logiciel-de-reservation-de-voyages\/\"]}]},{\"@type\":\"ImageObject\",\"inLanguage\":\"fr-FR\",\"@id\":\"https:\/\/vuelandia.com\/fr\/logiciel-de-reservation-de-voyages\/#primaryimage\",\"url\":\"https:\/\/vuelandia.com\/wp-content\/uploads\/2025\/02\/vuelandia_travel_navigator.png\",\"contentUrl\":\"https:\/\/vuelandia.com\/wp-content\/uploads\/2025\/02\/vuelandia_travel_navigator.png\"},{\"@type\":\"BreadcrumbList\",\"@id\":\"https:\/\/vuelandia.com\/fr\/logiciel-de-reservation-de-voyages\/#breadcrumb\",\"itemListElement\":[{\"@type\":\"ListItem\",\"position\":1,\"name\":\"Home\",\"item\":\"https:\/\/vuelandia.com\/fr\/page-daccueil-de-vuelandia\/\"},{\"@type\":\"ListItem\",\"position\":2,\"name\":\"Logiciel de r\u00e9servation de voyages\"}]},{\"@type\":\"WebSite\",\"@id\":\"https:\/\/vuelandia.com\/fr\/#website\",\"url\":\"https:\/\/vuelandia.com\/fr\/\",\"name\":\"Vuelandia - Groothandel van de reisbranche\",\"description\":\"Eenvoudig toegang tot de wereld van reizen\",\"publisher\":{\"@id\":\"https:\/\/vuelandia.com\/fr\/#organization\"},\"potentialAction\":[{\"@type\":\"SearchAction\",\"target\":{\"@type\":\"EntryPoint\",\"urlTemplate\":\"https:\/\/vuelandia.com\/fr\/?s={search_term_string}\"},\"query-input\":{\"@type\":\"PropertyValueSpecification\",\"valueRequired\":true,\"valueName\":\"search_term_string\"}}],\"inLanguage\":\"fr-FR\"},{\"@type\":\"Organization\",\"@id\":\"https:\/\/vuelandia.com\/fr\/#organization\",\"name\":\"Vuelandia - Groothandel van de reisbranche\",\"url\":\"https:\/\/vuelandia.com\/fr\/\",\"logo\":{\"@type\":\"ImageObject\",\"inLanguage\":\"fr-FR\",\"@id\":\"https:\/\/vuelandia.com\/fr\/#\/schema\/logo\/image\/\",\"url\":\"https:\/\/vuelandia.com\/wp-content\/uploads\/2023\/05\/vuelandia_logo_1000x.png\",\"contentUrl\":\"https:\/\/vuelandia.com\/wp-content\/uploads\/2023\/05\/vuelandia_logo_1000x.png\",\"width\":1000,\"height\":168,\"caption\":\"Vuelandia - Groothandel van de reisbranche\"},\"image\":{\"@id\":\"https:\/\/vuelandia.com\/fr\/#\/schema\/logo\/image\/\"},\"sameAs\":[\"https:\/\/www.facebook.com\/VuelandiaNederland\",\"https:\/\/www.instagram.com\/vuelandianl\/\",\"https:\/\/nl.linkedin.com\/company\/vuelandia\"]}]}<\/script>\n<!-- \/ Yoast SEO plugin. -->","yoast_head_json":{"title":"Logiciel de r\u00e9servation de voyages - Vuelandia - Groothandel van de Reisbranche","robots":{"index":"index","follow":"follow","max-snippet":"max-snippet:-1","max-image-preview":"max-image-preview:large","max-video-preview":"max-video-preview:-1"},"canonical":"https:\/\/vuelandia.com\/fr\/logiciel-de-reservation-de-voyages\/","og_locale":"fr_FR","og_type":"article","og_title":"Logiciel de r\u00e9servation de voyages - Vuelandia - Groothandel van de Reisbranche","og_url":"https:\/\/vuelandia.com\/fr\/logiciel-de-reservation-de-voyages\/","og_site_name":"Vuelandia - Groothandel van de Reisbranche","article_publisher":"https:\/\/www.facebook.com\/VuelandiaNederland","article_modified_time":"2025-02-21T15:41:59+00:00","og_image":[{"width":1280,"height":674,"url":"https:\/\/vuelandia.com\/wp-content\/uploads\/2025\/02\/vuelandia_travel_navigator.png","type":"image\/png"}],"twitter_card":"summary_large_image","twitter_misc":{"Dur\u00e9e de lecture estim\u00e9e":"3 minutes"},"schema":{"@context":"https:\/\/schema.org","@graph":[{"@type":"WebPage","@id":"https:\/\/vuelandia.com\/fr\/logiciel-de-reservation-de-voyages\/","url":"https:\/\/vuelandia.com\/fr\/logiciel-de-reservation-de-voyages\/","name":"Logiciel de r\u00e9servation de voyages - Vuelandia - Groothandel van de Reisbranche","isPartOf":{"@id":"https:\/\/vuelandia.com\/fr\/#website"},"primaryImageOfPage":{"@id":"https:\/\/vuelandia.com\/fr\/logiciel-de-reservation-de-voyages\/#primaryimage"},"image":{"@id":"https:\/\/vuelandia.com\/fr\/logiciel-de-reservation-de-voyages\/#primaryimage"},"thumbnailUrl":"https:\/\/vuelandia.com\/wp-content\/uploads\/2025\/02\/vuelandia_travel_navigator.png","datePublished":"2024-01-15T15:51:43+00:00","dateModified":"2025-02-21T15:41:59+00:00","breadcrumb":{"@id":"https:\/\/vuelandia.com\/fr\/logiciel-de-reservation-de-voyages\/#breadcrumb"},"inLanguage":"fr-FR","potentialAction":[{"@type":"ReadAction","target":["https:\/\/vuelandia.com\/fr\/logiciel-de-reservation-de-voyages\/"]}]},{"@type":"ImageObject","inLanguage":"fr-FR","@id":"https:\/\/vuelandia.com\/fr\/logiciel-de-reservation-de-voyages\/#primaryimage","url":"https:\/\/vuelandia.com\/wp-content\/uploads\/2025\/02\/vuelandia_travel_navigator.png","contentUrl":"https:\/\/vuelandia.com\/wp-content\/uploads\/2025\/02\/vuelandia_travel_navigator.png"},{"@type":"BreadcrumbList","@id":"https:\/\/vuelandia.com\/fr\/logiciel-de-reservation-de-voyages\/#breadcrumb","itemListElement":[{"@type":"ListItem","position":1,"name":"Home","item":"https:\/\/vuelandia.com\/fr\/page-daccueil-de-vuelandia\/"},{"@type":"ListItem","position":2,"name":"Logiciel de r\u00e9servation de voyages"}]},{"@type":"WebSite","@id":"https:\/\/vuelandia.com\/fr\/#website","url":"https:\/\/vuelandia.com\/fr\/","name":"Vuelandia - Groothandel van de reisbranche","description":"Eenvoudig toegang tot de wereld van reizen","publisher":{"@id":"https:\/\/vuelandia.com\/fr\/#organization"},"potentialAction":[{"@type":"SearchAction","target":{"@type":"EntryPoint","urlTemplate":"https:\/\/vuelandia.com\/fr\/?s={search_term_string}"},"query-input":{"@type":"PropertyValueSpecification","valueRequired":true,"valueName":"search_term_string"}}],"inLanguage":"fr-FR"},{"@type":"Organization","@id":"https:\/\/vuelandia.com\/fr\/#organization","name":"Vuelandia - Groothandel van de reisbranche","url":"https:\/\/vuelandia.com\/fr\/","logo":{"@type":"ImageObject","inLanguage":"fr-FR","@id":"https:\/\/vuelandia.com\/fr\/#\/schema\/logo\/image\/","url":"https:\/\/vuelandia.com\/wp-content\/uploads\/2023\/05\/vuelandia_logo_1000x.png","contentUrl":"https:\/\/vuelandia.com\/wp-content\/uploads\/2023\/05\/vuelandia_logo_1000x.png","width":1000,"height":168,"caption":"Vuelandia - Groothandel van de reisbranche"},"image":{"@id":"https:\/\/vuelandia.com\/fr\/#\/schema\/logo\/image\/"},"sameAs":["https:\/\/www.facebook.com\/VuelandiaNederland","https:\/\/www.instagram.com\/vuelandianl\/","https:\/\/nl.linkedin.com\/company\/vuelandia"]}]}},"_links":{"self":[{"href":"https:\/\/vuelandia.com\/fr\/wp-json\/wp\/v2\/pages\/4471","targetHints":{"allow":["GET"]}}],"collection":[{"href":"https:\/\/vuelandia.com\/fr\/wp-json\/wp\/v2\/pages"}],"about":[{"href":"https:\/\/vuelandia.com\/fr\/wp-json\/wp\/v2\/types\/page"}],"author":[{"embeddable":true,"href":"https:\/\/vuelandia.com\/fr\/wp-json\/wp\/v2\/users\/3"}],"replies":[{"embeddable":true,"href":"https:\/\/vuelandia.com\/fr\/wp-json\/wp\/v2\/comments?post=4471"}],"version-history":[{"count":12,"href":"https:\/\/vuelandia.com\/fr\/wp-json\/wp\/v2\/pages\/4471\/revisions"}],"predecessor-version":[{"id":7514,"href":"https:\/\/vuelandia.com\/fr\/wp-json\/wp\/v2\/pages\/4471\/revisions\/7514"}],"wp:attachment":[{"href":"https:\/\/vuelandia.com\/fr\/wp-json\/wp\/v2\/media?parent=4471"}],"curies":[{"name":"wp","href":"https:\/\/api.w.org\/{rel}","templated":true}]}}