{"id":5074,"date":"2024-02-27T15:54:05","date_gmt":"2024-02-27T15:54:05","guid":{"rendered":"https:\/\/dev.vuelandia.com\/fonds-pour-le-sport-des-handicapes\/"},"modified":"2024-03-07T18:02:44","modified_gmt":"2024-03-07T18:02:44","slug":"fonds-pour-le-sport-des-handicapes","status":"publish","type":"page","link":"https:\/\/vuelandia.com\/fr\/fonds-pour-le-sport-des-handicapes\/","title":{"rendered":"Fonds pour le sport des handicap\u00e9s"},"content":{"rendered":"<div class=\"fusion-fullwidth fullwidth-box fusion-builder-row-1 fusion-flex-container has-pattern-background has-mask-background nonhundred-percent-fullwidth non-hundred-percent-height-scrolling\" style=\"--awb-border-radius-top-left:0px;--awb-border-radius-top-right:0px;--awb-border-radius-bottom-right:0px;--awb-border-radius-bottom-left:0px;--awb-flex-wrap:wrap;\" ><div class=\"fusion-builder-row fusion-row fusion-flex-align-items-flex-start fusion-flex-justify-content-center fusion-flex-content-wrap\" style=\"max-width:1248px;margin-left: calc(-4% \/ 2 );margin-right: calc(-4% \/ 2 );\"><div class=\"fusion-layout-column fusion_builder_column fusion-builder-column-0 fusion_builder_column_4_5 4_5 fusion-flex-column\" style=\"--awb-bg-size:cover;--awb-width-large:80%;--awb-margin-top-large:0px;--awb-spacing-right-large:2.4%;--awb-margin-bottom-large:20px;--awb-spacing-left-large:2.4%;--awb-width-medium:80%;--awb-order-medium:0;--awb-spacing-right-medium:2.4%;--awb-spacing-left-medium:2.4%;--awb-width-small:100%;--awb-order-small:0;--awb-spacing-right-small:1.92%;--awb-spacing-left-small:1.92%;\"><div class=\"fusion-column-wrapper fusion-column-has-shadow fusion-flex-justify-content-flex-start fusion-content-layout-column\"><div class=\"fusion-title title fusion-title-1 fusion-sep-none fusion-title-center fusion-title-text fusion-title-size-two\" style=\"--awb-text-color:var(--awb-custom_color_1);--awb-margin-bottom:0px;--awb-margin-top-small:10px;--awb-margin-right-small:0px;--awb-margin-bottom-small:10px;--awb-margin-left-small:0px;--awb-font-size:30px;\"><h2 class=\"fusion-title-heading title-heading-center\" style=\"margin:0;font-size:1em;\">Vuelandia, sponsor r\u00e9gulier du Fonds pour le sport des handicap\u00e9s<\/h2><\/div><div class=\"fusion-image-element \" style=\"text-align:center;--awb-caption-title-font-family:var(--h2_typography-font-family);--awb-caption-title-font-weight:var(--h2_typography-font-weight);--awb-caption-title-font-style:var(--h2_typography-font-style);--awb-caption-title-size:var(--h2_typography-font-size);--awb-caption-title-transform:var(--h2_typography-text-transform);--awb-caption-title-line-height:var(--h2_typography-line-height);--awb-caption-title-letter-spacing:var(--h2_typography-letter-spacing);\"><span class=\" fusion-imageframe imageframe-none imageframe-1 hover-type-none\"><img decoding=\"async\" width=\"870\" height=\"620\" title=\"newimage\" src=\"https:\/\/dev.vuelandia.com\/wp-content\/uploads\/2024\/02\/newimage-e1709049854277.png\" alt class=\"img-responsive wp-image-5085\" srcset=\"https:\/\/vuelandia.com\/wp-content\/uploads\/2024\/02\/newimage-e1709049854277-200x143.png 200w, https:\/\/vuelandia.com\/wp-content\/uploads\/2024\/02\/newimage-e1709049854277-400x285.png 400w, https:\/\/vuelandia.com\/wp-content\/uploads\/2024\/02\/newimage-e1709049854277-600x428.png 600w, https:\/\/vuelandia.com\/wp-content\/uploads\/2024\/02\/newimage-e1709049854277-800x570.png 800w, https:\/\/vuelandia.com\/wp-content\/uploads\/2024\/02\/newimage-e1709049854277.png 870w\" sizes=\"(max-width: 640px) 100vw, 870px\" \/><\/span><\/div><div class=\"fusion-text fusion-text-1\" style=\"--awb-margin-top:40px;\"><p>Tous ceux qui font du sport savent \u00e0 quel point on se sent bien lorsqu&rsquo;on sort de la douche, rafra\u00eechi et plein d&rsquo;\u00e9nergie. Le sport est bon pour vous \u00e0 tous points de vue. Votre corps vous est reconnaissant, \u00e0 l&rsquo;int\u00e9rieur comme \u00e0 l&rsquo;ext\u00e9rieur, et vous le rayonnez. Il vous donne encore plus de s\u00e9curit\u00e9 et de force sur le plan physique et vous permet de rester mentalement fort et \u00e9quilibr\u00e9. Le sport favorise \u00e9galement l&rsquo;esprit d&rsquo;\u00e9quipe, la bonne coop\u00e9ration et la solidarit\u00e9. Vous l&rsquo;aurez compris : nous consid\u00e9rons le sport comme un \u00e9l\u00e9ment indispensable de notre vie. Depuis notre plus jeune \u00e2ge, le football est l&rsquo;une de nos grandes passions, mais en fait, nous sommes plut\u00f4t des \u00ab\u00a0mangeurs de tout\u00a0\u00bb lorsqu&rsquo;il s&rsquo;agit de sport. Pour nous, sauter sur nos v\u00e9los et nous rendre sur le terrain pour jouer un match de football est tr\u00e8s naturel. Mais pour beaucoup, ce n&rsquo;est pas si facile.<\/p>\n<p>Pour leur permettre de le faire, des mesures sp\u00e9ciales doivent \u00eatre prises : Des projets tels que <a href=\"http:\/\/www.fondsgehandicaptensport.nl\/scool-wheels\">(S)Cool on Wheels<\/a>qui fournit de mani\u00e8re ludique des informations sur les sports pour handicap\u00e9s aux \u00e9l\u00e8ves des \u00e9coles primaires, influen\u00e7ant ainsi positivement la perception de ces enfants ; ou la <a href=\"http:\/\/www.fondsgehandicaptensport.nl\/wheels2sport\">Roues2Sport<\/a> qui fournit des \u00e9quipements sportifs permettant d&rsquo;essayer diff\u00e9rents sports, mais aussi l&rsquo;\u00e9tonnant projet de la <a href=\"http:\/\/www.fondsgehandicaptensport.nl\/g-toppers\">G-Toppers<\/a> qui propose un programme complet \u00e0 toute personne handicap\u00e9e souhaitant participer aux marches des quatre jours de Nim\u00e8gue, mais ne pouvant le faire sans l&rsquo;accompagnement n\u00e9cessaire. Ils soutiennent \u00e9galement les activit\u00e9s de Special Olympics Netherlands, Disabled Sports Netherlands et SailWise, ainsi que de nombreuses initiatives locales.<\/p>\n<\/div><\/div><\/div><\/div><\/div>\n","protected":false},"excerpt":{"rendered":"","protected":false},"author":3,"featured_media":5085,"parent":0,"menu_order":0,"comment_status":"closed","ping_status":"closed","template":"100-width.php","meta":{"footnotes":""},"class_list":["post-5074","page","type-page","status-publish","has-post-thumbnail","hentry"],"yoast_head":"<!-- This site is optimized with the Yoast SEO plugin v27.2 - https:\/\/yoast.com\/product\/yoast-seo-wordpress\/ -->\n<title>Fonds pour le sport des handicap\u00e9s - Vuelandia - Groothandel van de Reisbranche<\/title>\n<meta name=\"robots\" content=\"index, follow, max-snippet:-1, max-image-preview:large, max-video-preview:-1\" \/>\n<link rel=\"canonical\" href=\"https:\/\/vuelandia.com\/fr\/fonds-pour-le-sport-des-handicapes\/\" \/>\n<meta property=\"og:locale\" content=\"fr_FR\" \/>\n<meta property=\"og:type\" content=\"article\" \/>\n<meta property=\"og:title\" content=\"Fonds pour le sport des handicap\u00e9s - Vuelandia - Groothandel van de Reisbranche\" \/>\n<meta property=\"og:url\" content=\"https:\/\/vuelandia.com\/fr\/fonds-pour-le-sport-des-handicapes\/\" \/>\n<meta property=\"og:site_name\" content=\"Vuelandia - Groothandel van de Reisbranche\" \/>\n<meta property=\"article:publisher\" content=\"https:\/\/www.facebook.com\/VuelandiaNederland\" \/>\n<meta property=\"article:modified_time\" content=\"2024-03-07T18:02:44+00:00\" \/>\n<meta property=\"og:image\" content=\"https:\/\/dev.vuelandia.com\/wp-content\/uploads\/2024\/02\/newimage-e1709049854277.png\" \/>\n\t<meta property=\"og:image:width\" content=\"870\" \/>\n\t<meta property=\"og:image:height\" content=\"620\" \/>\n\t<meta property=\"og:image:type\" content=\"image\/png\" \/>\n<meta name=\"twitter:card\" content=\"summary_large_image\" \/>\n<meta name=\"twitter:label1\" content=\"Dur\u00e9e de lecture estim\u00e9e\" \/>\n\t<meta name=\"twitter:data1\" content=\"2 minutes\" \/>\n<script type=\"application\/ld+json\" class=\"yoast-schema-graph\">{\"@context\":\"https:\/\/schema.org\",\"@graph\":[{\"@type\":\"WebPage\",\"@id\":\"https:\/\/vuelandia.com\/fr\/fonds-pour-le-sport-des-handicapes\/\",\"url\":\"https:\/\/vuelandia.com\/fr\/fonds-pour-le-sport-des-handicapes\/\",\"name\":\"Fonds pour le sport des handicap\u00e9s - Vuelandia - Groothandel van de Reisbranche\",\"isPartOf\":{\"@id\":\"https:\/\/vuelandia.com\/fr\/#website\"},\"primaryImageOfPage\":{\"@id\":\"https:\/\/vuelandia.com\/fr\/fonds-pour-le-sport-des-handicapes\/#primaryimage\"},\"image\":{\"@id\":\"https:\/\/vuelandia.com\/fr\/fonds-pour-le-sport-des-handicapes\/#primaryimage\"},\"thumbnailUrl\":\"https:\/\/vuelandia.com\/wp-content\/uploads\/2024\/02\/newimage-e1709049854277.png\",\"datePublished\":\"2024-02-27T15:54:05+00:00\",\"dateModified\":\"2024-03-07T18:02:44+00:00\",\"breadcrumb\":{\"@id\":\"https:\/\/vuelandia.com\/fr\/fonds-pour-le-sport-des-handicapes\/#breadcrumb\"},\"inLanguage\":\"fr-FR\",\"potentialAction\":[{\"@type\":\"ReadAction\",\"target\":[\"https:\/\/vuelandia.com\/fr\/fonds-pour-le-sport-des-handicapes\/\"]}]},{\"@type\":\"ImageObject\",\"inLanguage\":\"fr-FR\",\"@id\":\"https:\/\/vuelandia.com\/fr\/fonds-pour-le-sport-des-handicapes\/#primaryimage\",\"url\":\"https:\/\/vuelandia.com\/wp-content\/uploads\/2024\/02\/newimage-e1709049854277.png\",\"contentUrl\":\"https:\/\/vuelandia.com\/wp-content\/uploads\/2024\/02\/newimage-e1709049854277.png\",\"width\":870,\"height\":620},{\"@type\":\"BreadcrumbList\",\"@id\":\"https:\/\/vuelandia.com\/fr\/fonds-pour-le-sport-des-handicapes\/#breadcrumb\",\"itemListElement\":[{\"@type\":\"ListItem\",\"position\":1,\"name\":\"Home\",\"item\":\"https:\/\/vuelandia.com\/fr\/page-daccueil-de-vuelandia\/\"},{\"@type\":\"ListItem\",\"position\":2,\"name\":\"Fonds pour le sport des handicap\u00e9s\"}]},{\"@type\":\"WebSite\",\"@id\":\"https:\/\/vuelandia.com\/fr\/#website\",\"url\":\"https:\/\/vuelandia.com\/fr\/\",\"name\":\"Vuelandia - Groothandel van de reisbranche\",\"description\":\"Eenvoudig toegang tot de wereld van reizen\",\"publisher\":{\"@id\":\"https:\/\/vuelandia.com\/fr\/#organization\"},\"potentialAction\":[{\"@type\":\"SearchAction\",\"target\":{\"@type\":\"EntryPoint\",\"urlTemplate\":\"https:\/\/vuelandia.com\/fr\/?s={search_term_string}\"},\"query-input\":{\"@type\":\"PropertyValueSpecification\",\"valueRequired\":true,\"valueName\":\"search_term_string\"}}],\"inLanguage\":\"fr-FR\"},{\"@type\":\"Organization\",\"@id\":\"https:\/\/vuelandia.com\/fr\/#organization\",\"name\":\"Vuelandia - Groothandel van de reisbranche\",\"url\":\"https:\/\/vuelandia.com\/fr\/\",\"logo\":{\"@type\":\"ImageObject\",\"inLanguage\":\"fr-FR\",\"@id\":\"https:\/\/vuelandia.com\/fr\/#\/schema\/logo\/image\/\",\"url\":\"https:\/\/vuelandia.com\/wp-content\/uploads\/2023\/05\/vuelandia_logo_1000x.png\",\"contentUrl\":\"https:\/\/vuelandia.com\/wp-content\/uploads\/2023\/05\/vuelandia_logo_1000x.png\",\"width\":1000,\"height\":168,\"caption\":\"Vuelandia - Groothandel van de reisbranche\"},\"image\":{\"@id\":\"https:\/\/vuelandia.com\/fr\/#\/schema\/logo\/image\/\"},\"sameAs\":[\"https:\/\/www.facebook.com\/VuelandiaNederland\",\"https:\/\/www.instagram.com\/vuelandianl\/\",\"https:\/\/nl.linkedin.com\/company\/vuelandia\"]}]}<\/script>\n<!-- \/ Yoast SEO plugin. -->","yoast_head_json":{"title":"Fonds pour le sport des handicap\u00e9s - Vuelandia - Groothandel van de Reisbranche","robots":{"index":"index","follow":"follow","max-snippet":"max-snippet:-1","max-image-preview":"max-image-preview:large","max-video-preview":"max-video-preview:-1"},"canonical":"https:\/\/vuelandia.com\/fr\/fonds-pour-le-sport-des-handicapes\/","og_locale":"fr_FR","og_type":"article","og_title":"Fonds pour le sport des handicap\u00e9s - Vuelandia - Groothandel van de Reisbranche","og_url":"https:\/\/vuelandia.com\/fr\/fonds-pour-le-sport-des-handicapes\/","og_site_name":"Vuelandia - Groothandel van de Reisbranche","article_publisher":"https:\/\/www.facebook.com\/VuelandiaNederland","article_modified_time":"2024-03-07T18:02:44+00:00","og_image":[{"width":870,"height":620,"url":"https:\/\/dev.vuelandia.com\/wp-content\/uploads\/2024\/02\/newimage-e1709049854277.png","type":"image\/png"}],"twitter_card":"summary_large_image","twitter_misc":{"Dur\u00e9e de lecture estim\u00e9e":"2 minutes"},"schema":{"@context":"https:\/\/schema.org","@graph":[{"@type":"WebPage","@id":"https:\/\/vuelandia.com\/fr\/fonds-pour-le-sport-des-handicapes\/","url":"https:\/\/vuelandia.com\/fr\/fonds-pour-le-sport-des-handicapes\/","name":"Fonds pour le sport des handicap\u00e9s - Vuelandia - Groothandel van de Reisbranche","isPartOf":{"@id":"https:\/\/vuelandia.com\/fr\/#website"},"primaryImageOfPage":{"@id":"https:\/\/vuelandia.com\/fr\/fonds-pour-le-sport-des-handicapes\/#primaryimage"},"image":{"@id":"https:\/\/vuelandia.com\/fr\/fonds-pour-le-sport-des-handicapes\/#primaryimage"},"thumbnailUrl":"https:\/\/vuelandia.com\/wp-content\/uploads\/2024\/02\/newimage-e1709049854277.png","datePublished":"2024-02-27T15:54:05+00:00","dateModified":"2024-03-07T18:02:44+00:00","breadcrumb":{"@id":"https:\/\/vuelandia.com\/fr\/fonds-pour-le-sport-des-handicapes\/#breadcrumb"},"inLanguage":"fr-FR","potentialAction":[{"@type":"ReadAction","target":["https:\/\/vuelandia.com\/fr\/fonds-pour-le-sport-des-handicapes\/"]}]},{"@type":"ImageObject","inLanguage":"fr-FR","@id":"https:\/\/vuelandia.com\/fr\/fonds-pour-le-sport-des-handicapes\/#primaryimage","url":"https:\/\/vuelandia.com\/wp-content\/uploads\/2024\/02\/newimage-e1709049854277.png","contentUrl":"https:\/\/vuelandia.com\/wp-content\/uploads\/2024\/02\/newimage-e1709049854277.png","width":870,"height":620},{"@type":"BreadcrumbList","@id":"https:\/\/vuelandia.com\/fr\/fonds-pour-le-sport-des-handicapes\/#breadcrumb","itemListElement":[{"@type":"ListItem","position":1,"name":"Home","item":"https:\/\/vuelandia.com\/fr\/page-daccueil-de-vuelandia\/"},{"@type":"ListItem","position":2,"name":"Fonds pour le sport des handicap\u00e9s"}]},{"@type":"WebSite","@id":"https:\/\/vuelandia.com\/fr\/#website","url":"https:\/\/vuelandia.com\/fr\/","name":"Vuelandia - Groothandel van de reisbranche","description":"Eenvoudig toegang tot de wereld van reizen","publisher":{"@id":"https:\/\/vuelandia.com\/fr\/#organization"},"potentialAction":[{"@type":"SearchAction","target":{"@type":"EntryPoint","urlTemplate":"https:\/\/vuelandia.com\/fr\/?s={search_term_string}"},"query-input":{"@type":"PropertyValueSpecification","valueRequired":true,"valueName":"search_term_string"}}],"inLanguage":"fr-FR"},{"@type":"Organization","@id":"https:\/\/vuelandia.com\/fr\/#organization","name":"Vuelandia - Groothandel van de reisbranche","url":"https:\/\/vuelandia.com\/fr\/","logo":{"@type":"ImageObject","inLanguage":"fr-FR","@id":"https:\/\/vuelandia.com\/fr\/#\/schema\/logo\/image\/","url":"https:\/\/vuelandia.com\/wp-content\/uploads\/2023\/05\/vuelandia_logo_1000x.png","contentUrl":"https:\/\/vuelandia.com\/wp-content\/uploads\/2023\/05\/vuelandia_logo_1000x.png","width":1000,"height":168,"caption":"Vuelandia - Groothandel van de reisbranche"},"image":{"@id":"https:\/\/vuelandia.com\/fr\/#\/schema\/logo\/image\/"},"sameAs":["https:\/\/www.facebook.com\/VuelandiaNederland","https:\/\/www.instagram.com\/vuelandianl\/","https:\/\/nl.linkedin.com\/company\/vuelandia"]}]}},"_links":{"self":[{"href":"https:\/\/vuelandia.com\/fr\/wp-json\/wp\/v2\/pages\/5074","targetHints":{"allow":["GET"]}}],"collection":[{"href":"https:\/\/vuelandia.com\/fr\/wp-json\/wp\/v2\/pages"}],"about":[{"href":"https:\/\/vuelandia.com\/fr\/wp-json\/wp\/v2\/types\/page"}],"author":[{"embeddable":true,"href":"https:\/\/vuelandia.com\/fr\/wp-json\/wp\/v2\/users\/3"}],"replies":[{"embeddable":true,"href":"https:\/\/vuelandia.com\/fr\/wp-json\/wp\/v2\/comments?post=5074"}],"version-history":[{"count":2,"href":"https:\/\/vuelandia.com\/fr\/wp-json\/wp\/v2\/pages\/5074\/revisions"}],"predecessor-version":[{"id":5133,"href":"https:\/\/vuelandia.com\/fr\/wp-json\/wp\/v2\/pages\/5074\/revisions\/5133"}],"wp:featuredmedia":[{"embeddable":true,"href":"https:\/\/vuelandia.com\/fr\/wp-json\/wp\/v2\/media\/5085"}],"wp:attachment":[{"href":"https:\/\/vuelandia.com\/fr\/wp-json\/wp\/v2\/media?parent=5074"}],"curies":[{"name":"wp","href":"https:\/\/api.w.org\/{rel}","templated":true}]}}